{"id":14552,"date":"2025-03-21T12:39:00","date_gmt":"2025-03-21T12:39:00","guid":{"rendered":"https:\/\/fiosulmalhas.com.br\/site\/?page_id=14552"},"modified":"2026-03-13T12:17:49","modified_gmt":"2026-03-13T12:17:49","slug":"sustentabilidade","status":"publish","type":"page","link":"https:\/\/fiosulmalhas.com.br\/site\/sustentabilidade\/","title":{"rendered":"Sustentabilidade"},"content":{"rendered":"\t\t<div data-elementor-type=\"wp-page\" data-elementor-id=\"14552\" class=\"elementor elementor-14552\" data-elementor-post-type=\"page\">\n\t\t\t\t<div class=\"elementor-element elementor-element-7b034ac e-flex e-con-boxed wpr-particle-no wpr-sticky-section-no e-con e-parent\" data-id=\"7b034ac\" data-element_type=\"container\" data-e-type=\"container\" data-settings=\"{&quot;jet_parallax_layout_list&quot;:[],&quot;background_background&quot;:&quot;classic&quot;}\">\n\t\t\t\t\t<div class=\"e-con-inner\">\n\t\t<div class=\"elementor-element elementor-element-35dd337 e-con-full e-flex wpr-particle-no wpr-sticky-section-no e-con e-child\" data-id=\"35dd337\" data-element_type=\"container\" data-e-type=\"container\" data-settings=\"{&quot;jet_parallax_layout_list&quot;:[]}\">\n\t\t\t\t<div class=\"elementor-element elementor-element-43d800e elementor-widget elementor-widget-heading\" data-id=\"43d800e\" data-element_type=\"widget\" data-e-type=\"widget\" data-widget_type=\"heading.default\">\n\t\t\t\t<div class=\"elementor-widget-container\">\n\t\t\t\t\t<h2 class=\"elementor-heading-title elementor-size-default\">FIOSUL MALHAS<\/h2>\t\t\t\t<\/div>\n\t\t\t\t<\/div>\n\t\t\t\t<div class=\"elementor-element elementor-element-aee9a50 elementor-widget__width-initial elementor-widget elementor-widget-text-editor\" data-id=\"aee9a50\" data-element_type=\"widget\" data-e-type=\"widget\" data-widget_type=\"text-editor.default\">\n\t\t\t\t<div class=\"elementor-widget-container\">\n\t\t\t\t\t\t\t\t\t<p>Somos uma malharia brasileira que h\u00e1 20 anos desenvolve malhas pensadas para atender \u00e0s exig\u00eancias reais do mercado.<\/p><p>Atuamos ao lado de confeccionistas, marcas e distribuidores que buscam por qualidade consistente, seguran\u00e7a t\u00e9cnica e previsibilidade produtiva.<\/p><p>Nosso portf\u00f3lio atende os segmentos de uniformiza\u00e7\u00e3o, moda fitness, praia e casual, com bases desenvolvidas para funcionar no processo produtivo, com estabilidade entre lotes, desempenho no uso e regularidade que garante a previsibilidade de produ\u00e7\u00e3o.<\/p><p>Mais do que fornecer mat\u00e9ria-prima, atuamos como parceiro estrat\u00e9gico, oferecendo proximidade, m\u00e9todo e solu\u00e7\u00f5es alinhadas \u00e0s demandas de quem cria e produz.<\/p>\t\t\t\t\t\t\t\t<\/div>\n\t\t\t\t<\/div>\n\t\t\t\t<\/div>\n\t\t<div class=\"elementor-element elementor-element-6f5a7c7 e-con-full e-flex wpr-particle-no wpr-sticky-section-no e-con e-child\" data-id=\"6f5a7c7\" data-element_type=\"container\" data-e-type=\"container\" data-settings=\"{&quot;jet_parallax_layout_list&quot;:[]}\">\n\t\t\t\t<div class=\"elementor-element elementor-element-0dd8b53 elementor-widget elementor-widget-video\" data-id=\"0dd8b53\" data-element_type=\"widget\" data-e-type=\"widget\" data-settings=\"{&quot;video_type&quot;:&quot;hosted&quot;,&quot;autoplay&quot;:&quot;yes&quot;,&quot;play_on_mobile&quot;:&quot;yes&quot;,&quot;mute&quot;:&quot;yes&quot;,&quot;loop&quot;:&quot;yes&quot;,&quot;controls&quot;:&quot;yes&quot;}\" data-widget_type=\"video.default\">\n\t\t\t\t<div class=\"elementor-widget-container\">\n\t\t\t\t\t\t\t<div class=\"e-hosted-video elementor-wrapper elementor-open-inline\">\n\t\t\t\t\t<video class=\"elementor-video\" src=\"https:\/\/fiosulmalhas.com.br\/site\/wp-content\/uploads\/2026\/02\/VIDEO-SITE.mp4\" autoplay=\"\" loop=\"\" controls=\"\" muted=\"muted\" playsinline=\"\" controlsList=\"nodownload\"><\/video>\n\t\t\t\t<\/div>\n\t\t\t\t\t\t<\/div>\n\t\t\t\t<\/div>\n\t\t\t\t<\/div>\n\t\t\t\t\t<\/div>\n\t\t\t\t<\/div>\n\t\t<div class=\"elementor-element elementor-element-0c69c57 e-flex e-con-boxed wpr-particle-no wpr-sticky-section-no e-con e-parent\" data-id=\"0c69c57\" data-element_type=\"container\" data-e-type=\"container\" data-settings=\"{&quot;background_background&quot;:&quot;gradient&quot;,&quot;jet_parallax_layout_list&quot;:[]}\">\n\t\t\t\t\t<div class=\"e-con-inner\">\n\t\t<div class=\"elementor-element elementor-element-9523946 e-con-full e-flex wpr-particle-no wpr-sticky-section-no e-con e-child\" data-id=\"9523946\" data-element_type=\"container\" data-e-type=\"container\" data-settings=\"{&quot;jet_parallax_layout_list&quot;:[]}\">\n\t\t\t\t<div class=\"elementor-element elementor-element-6aa2387 elementor-widget elementor-widget-video\" data-id=\"6aa2387\" data-element_type=\"widget\" data-e-type=\"widget\" data-settings=\"{&quot;video_type&quot;:&quot;hosted&quot;,&quot;autoplay&quot;:&quot;yes&quot;,&quot;play_on_mobile&quot;:&quot;yes&quot;,&quot;mute&quot;:&quot;yes&quot;,&quot;loop&quot;:&quot;yes&quot;,&quot;controls&quot;:&quot;yes&quot;}\" data-widget_type=\"video.default\">\n\t\t\t\t<div class=\"elementor-widget-container\">\n\t\t\t\t\t\t\t<div class=\"e-hosted-video elementor-wrapper elementor-open-inline\">\n\t\t\t\t\t<video class=\"elementor-video\" src=\"https:\/\/fiosulmalhas.com.br\/site\/wp-content\/uploads\/2026\/03\/VIDEO-DE-SUSTENTABILIDADE.mp4\" autoplay=\"\" loop=\"\" controls=\"\" muted=\"muted\" playsinline=\"\" controlsList=\"nodownload\"><\/video>\n\t\t\t\t<\/div>\n\t\t\t\t\t\t<\/div>\n\t\t\t\t<\/div>\n\t\t\t\t<\/div>\n\t\t<div class=\"elementor-element elementor-element-6d1acb7 e-con-full e-flex wpr-particle-no wpr-sticky-section-no e-con e-child\" data-id=\"6d1acb7\" data-element_type=\"container\" data-e-type=\"container\" data-settings=\"{&quot;jet_parallax_layout_list&quot;:[]}\">\n\t\t\t\t<div class=\"elementor-element elementor-element-1fdad50 elementor-widget elementor-widget-heading\" data-id=\"1fdad50\" data-element_type=\"widget\" data-e-type=\"widget\" data-widget_type=\"heading.default\">\n\t\t\t\t<div class=\"elementor-widget-container\">\n\t\t\t\t\t<h2 class=\"elementor-heading-title elementor-size-default\">RESPONSABILIDADE AMBIENTAL\n<\/h2>\t\t\t\t<\/div>\n\t\t\t\t<\/div>\n\t\t\t\t<div class=\"elementor-element elementor-element-c602182 elementor-widget elementor-widget-text-editor\" data-id=\"c602182\" data-element_type=\"widget\" data-e-type=\"widget\" data-widget_type=\"text-editor.default\">\n\t\t\t\t<div class=\"elementor-widget-container\">\n\t\t\t\t\t\t\t\t\t<p>Cada malha que desenvolvemos reflete nossa preocupa\u00e7\u00e3o com o meio ambiente e com o impacto que deixamos para as pr\u00f3ximas gera\u00e7\u00f5es. Investimos constantemente em pesquisa, inova\u00e7\u00e3o e mat\u00e9rias-primas sustent\u00e1veis certificadas para criar malhas de alto padr\u00e3o, aliando qualidade e responsabilidade ambiental.<\/p><p>Adotamos processos que reduzem o desperd\u00edcio, al\u00e9m de utilizarmos energia solar, tornando nossa opera\u00e7\u00e3o mais limpa e eficiente. Sustentabilidade \u00e9 nosso compromisso inegoci\u00e1vel. Mais do que fornecer malhas, impulsionamos um futuro mais consciente, onde tecnologia, inova\u00e7\u00e3o e respeito ao planeta caminham juntos.<\/p>\t\t\t\t\t\t\t\t<\/div>\n\t\t\t\t<\/div>\n\t\t\t\t<\/div>\n\t\t\t\t\t<\/div>\n\t\t\t\t<\/div>\n\t\t\t\t<\/div>\n\t\t","protected":false},"excerpt":{"rendered":"<p>FIOSUL MALHAS Somos uma malharia brasileira que h\u00e1 20 anos desenvolve malhas pensadas para atender \u00e0s exig\u00eancias reais do mercado. Atuamos ao lado de confeccionistas, marcas e distribuidores que buscam por qualidade consistente, seguran\u00e7a t\u00e9cnica e previsibilidade produtiva. Nosso portf\u00f3lio atende os segmentos de uniformiza\u00e7\u00e3o, moda fitness, praia e casual, com bases desenvolvidas para funcionar no processo produtivo, com estabilidade entre lotes, desempenho no uso e regularidade que garante a previsibilidade de produ\u00e7\u00e3o. Mais do que fornecer mat\u00e9ria-prima, atuamos como parceiro estrat\u00e9gico, oferecendo proximidade, m\u00e9todo e solu\u00e7\u00f5es alinhadas \u00e0s demandas de quem cria e produz. https:\/\/fiosulmalhas.com.br\/site\/wp-content\/uploads\/2026\/02\/VIDEO-SITE.mp4https:\/\/fiosulmalhas.com.br\/site\/wp-content\/uploads\/2026\/03\/VIDEO-DE-SUSTENTABILIDADE.mp4 RESPONSABILIDADE AMBIENTAL Cada malha que desenvolvemos reflete nossa preocupa\u00e7\u00e3o com o meio ambiente e com o impacto que deixamos para as pr\u00f3ximas gera\u00e7\u00f5es. Investimos constantemente em pesquisa, inova\u00e7\u00e3o e mat\u00e9rias-primas sustent\u00e1veis certificadas para criar malhas de alto padr\u00e3o, aliando qualidade e responsabilidade ambiental. Adotamos processos que reduzem o desperd\u00edcio, al\u00e9m de utilizarmos energia solar, tornando nossa opera\u00e7\u00e3o mais limpa e eficiente. Sustentabilidade \u00e9 nosso compromisso inegoci\u00e1vel. Mais do que fornecer malhas, impulsionamos um futuro mais consciente, onde tecnologia, inova\u00e7\u00e3o e respeito ao planeta caminham juntos.<\/p>\n","protected":false},"author":5,"featured_media":0,"parent":0,"menu_order":0,"comment_status":"closed","ping_status":"closed","template":"","meta":{"_joinchat":[],"footnotes":""},"class_list":["post-14552","page","type-page","status-publish","hentry"],"_links":{"self":[{"href":"https:\/\/fiosulmalhas.com.br\/site\/wp-json\/wp\/v2\/pages\/14552","targetHints":{"allow":["GET"]}}],"collection":[{"href":"https:\/\/fiosulmalhas.com.br\/site\/wp-json\/wp\/v2\/pages"}],"about":[{"href":"https:\/\/fiosulmalhas.com.br\/site\/wp-json\/wp\/v2\/types\/page"}],"author":[{"embeddable":true,"href":"https:\/\/fiosulmalhas.com.br\/site\/wp-json\/wp\/v2\/users\/5"}],"replies":[{"embeddable":true,"href":"https:\/\/fiosulmalhas.com.br\/site\/wp-json\/wp\/v2\/comments?post=14552"}],"version-history":[{"count":194,"href":"https:\/\/fiosulmalhas.com.br\/site\/wp-json\/wp\/v2\/pages\/14552\/revisions"}],"predecessor-version":[{"id":24216,"href":"https:\/\/fiosulmalhas.com.br\/site\/wp-json\/wp\/v2\/pages\/14552\/revisions\/24216"}],"wp:attachment":[{"href":"https:\/\/fiosulmalhas.com.br\/site\/wp-json\/wp\/v2\/media?parent=14552"}],"curies":[{"name":"wp","href":"https:\/\/api.w.org\/{rel}","templated":true}]}}