{"id":5898,"date":"2019-03-09T03:47:05","date_gmt":"2019-03-09T03:47:05","guid":{"rendered":"https:\/\/trendy.brickthemes.com\/?page_id=5898"},"modified":"2026-03-13T13:58:18","modified_gmt":"2026-03-13T13:58:18","slug":"blog","status":"publish","type":"page","link":"https:\/\/fiosulmalhas.com.br\/site\/produtos\/blog\/","title":{"rendered":"Blog"},"content":{"rendered":"\t\t<div data-elementor-type=\"wp-page\" data-elementor-id=\"5898\" class=\"elementor elementor-5898\" data-elementor-post-type=\"page\">\n\t\t\t\t<div class=\"elementor-element elementor-element-e5089f5 e-flex e-con-boxed wpr-particle-no wpr-sticky-section-no e-con e-parent\" data-id=\"e5089f5\" data-element_type=\"container\" data-e-type=\"container\" data-settings=\"{&quot;jet_parallax_layout_list&quot;:[]}\">\n\t\t\t\t\t<div class=\"e-con-inner\">\n\t\t\t\t<div class=\"elementor-element elementor-element-f1ae75b elementor-widget-widescreen__width-initial elementor-grid-3 elementor-grid-tablet-2 elementor-grid-mobile-1 elementor-posts--thumbnail-top elementor-posts__hover-gradient elementor-widget elementor-widget-posts\" data-id=\"f1ae75b\" data-element_type=\"widget\" data-e-type=\"widget\" data-settings=\"{&quot;pagination_type&quot;:&quot;numbers&quot;,&quot;_animation&quot;:&quot;none&quot;,&quot;cards_row_gap&quot;:{&quot;unit&quot;:&quot;px&quot;,&quot;size&quot;:13,&quot;sizes&quot;:[]},&quot;cards_columns&quot;:&quot;3&quot;,&quot;cards_columns_tablet&quot;:&quot;2&quot;,&quot;cards_columns_mobile&quot;:&quot;1&quot;,&quot;cards_row_gap_widescreen&quot;:{&quot;unit&quot;:&quot;px&quot;,&quot;size&quot;:&quot;&quot;,&quot;sizes&quot;:[]},&quot;cards_row_gap_laptop&quot;:{&quot;unit&quot;:&quot;px&quot;,&quot;size&quot;:&quot;&quot;,&quot;sizes&quot;:[]},&quot;cards_row_gap_tablet&quot;:{&quot;unit&quot;:&quot;px&quot;,&quot;size&quot;:&quot;&quot;,&quot;sizes&quot;:[]},&quot;cards_row_gap_mobile&quot;:{&quot;unit&quot;:&quot;px&quot;,&quot;size&quot;:&quot;&quot;,&quot;sizes&quot;:[]}}\" data-widget_type=\"posts.cards\">\n\t\t\t\t<div class=\"elementor-widget-container\">\n\t\t\t\t\t\t\t<div class=\"elementor-posts-container elementor-posts elementor-posts--skin-cards elementor-grid\" role=\"list\">\n\t\t\t\t<article class=\"elementor-post elementor-grid-item post-25215 post type-post status-publish format-standard has-post-thumbnail hentry category-noticias\" role=\"listitem\">\n\t\t\t<div class=\"elementor-post__card\">\n\t\t\t\t<a class=\"elementor-post__thumbnail__link\" href=\"https:\/\/fiosulmalhas.com.br\/site\/fibras-texteis-naturais-sinteticas-e-artificiais\/\" tabindex=\"-1\"><div class=\"elementor-post__thumbnail\"><img fetchpriority=\"high\" decoding=\"async\" width=\"1080\" height=\"720\" src=\"https:\/\/fiosulmalhas.com.br\/site\/wp-content\/uploads\/2026\/04\/FIBRA-TEXTIS.jpg-1.jpg\" class=\"attachment-full size-full wp-image-25214\" alt=\"\" srcset=\"https:\/\/fiosulmalhas.com.br\/site\/wp-content\/uploads\/2026\/04\/FIBRA-TEXTIS.jpg-1.jpg 1080w, https:\/\/fiosulmalhas.com.br\/site\/wp-content\/uploads\/2026\/04\/FIBRA-TEXTIS.jpg-1-300x200.jpg?_mod=1776951455 300w, https:\/\/fiosulmalhas.com.br\/site\/wp-content\/uploads\/2026\/04\/FIBRA-TEXTIS.jpg-1-1024x683.jpg?_mod=1776951454 1024w, https:\/\/fiosulmalhas.com.br\/site\/wp-content\/uploads\/2026\/04\/FIBRA-TEXTIS.jpg-1-768x512.jpg?_mod=1776951455 768w, https:\/\/fiosulmalhas.com.br\/site\/wp-content\/uploads\/2026\/04\/FIBRA-TEXTIS.jpg-1-600x400.jpg?_mod=1776951455 600w\" sizes=\"(max-width: 1080px) 100vw, 1080px\" \/><\/div><\/a>\n\t\t\t\t<div class=\"elementor-post__text\">\n\t\t\t\t<h3 class=\"elementor-post__title\">\n\t\t\t<a href=\"https:\/\/fiosulmalhas.com.br\/site\/fibras-texteis-naturais-sinteticas-e-artificiais\/\">\n\t\t\t\tFibras T\u00eaxteis: Naturais, Sint\u00e9ticas e Artificiais\t\t\t<\/a>\n\t\t<\/h3>\n\t\t\t\t<div class=\"elementor-post__excerpt\">\n\t\t\t<p>Fibras t\u00eaxteis: diferen\u00e7a entre naturais, sint\u00e9ticas e artificiais Entender os tipos de fibras t\u00eaxteis \u00e9 essencial para quem trabalha com confec\u00e7\u00e3o e quer tomar decis\u00f5es mais seguras na produ\u00e7\u00e3o. As fibras s\u00e3o a base de qualquer tecido e determinam fatores como conforto, durabilidade, absor\u00e7\u00e3o de umidade e comportamento ap\u00f3s lavagens, impactando desde a escolha do insumo at\u00e9 a percep\u00e7\u00e3o de valor da pe\u00e7a pelo consumidor final. A diferen\u00e7a entre fibras naturais e sint\u00e9ticas, por exemplo, vai muito al\u00e9m da origem: ela define o desempenho real da pe\u00e7a no uso. Abaixo,<\/p>\n\t\t<\/div>\n\t\t\n\t\t<a class=\"elementor-post__read-more\" href=\"https:\/\/fiosulmalhas.com.br\/site\/fibras-texteis-naturais-sinteticas-e-artificiais\/\" aria-label=\"Leia mais sobre Fibras T\u00eaxteis: Naturais, Sint\u00e9ticas e Artificiais\" tabindex=\"-1\">\n\t\t\tLer mais\t\t<\/a>\n\n\t\t\t\t<\/div>\n\t\t\t\t\t<\/div>\n\t\t<\/article>\n\t\t\t\t<article class=\"elementor-post elementor-grid-item post-17958 post type-post status-publish format-standard has-post-thumbnail hentry category-casual-e-moda category-fitness category-tecnologias tag-camiseta-ecologica tag-cetificada tag-fibra-sustentavel tag-madeira-eucalipto tag-protecao-uv\" role=\"listitem\">\n\t\t\t<div class=\"elementor-post__card\">\n\t\t\t\t<a class=\"elementor-post__thumbnail__link\" href=\"https:\/\/fiosulmalhas.com.br\/site\/liocel\/\" tabindex=\"-1\"><div class=\"elementor-post__thumbnail\"><img decoding=\"async\" width=\"1864\" height=\"1906\" src=\"https:\/\/fiosulmalhas.com.br\/site\/wp-content\/uploads\/2025\/10\/219-LYOFLEX-6-e1765902733119.jpg\" class=\"attachment-full size-full wp-image-17875\" alt=\"A fibra Liocel vem transformando o mercado t\u00eaxtil e se consolidando como uma das op\u00e7\u00f5es mais inovadoras e ecol\u00f3gicas da atualidade.\" srcset=\"https:\/\/fiosulmalhas.com.br\/site\/wp-content\/uploads\/2025\/10\/219-LYOFLEX-6-e1765902733119.jpg 1864w, https:\/\/fiosulmalhas.com.br\/site\/wp-content\/uploads\/2025\/10\/219-LYOFLEX-6-e1765902733119-293x300.jpg?_mod=1765902734 293w, https:\/\/fiosulmalhas.com.br\/site\/wp-content\/uploads\/2025\/10\/219-LYOFLEX-6-e1765902733119-1001x1024.jpg?_mod=1765902735 1001w, https:\/\/fiosulmalhas.com.br\/site\/wp-content\/uploads\/2025\/10\/219-LYOFLEX-6-e1765902733119-768x785.jpg?_mod=1765902734 768w, https:\/\/fiosulmalhas.com.br\/site\/wp-content\/uploads\/2025\/10\/219-LYOFLEX-6-e1765902733119-1502x1536.jpg?_mod=1765902736 1502w, https:\/\/fiosulmalhas.com.br\/site\/wp-content\/uploads\/2025\/10\/219-LYOFLEX-6-e1765902733119-600x614.jpg?_mod=1765902737 600w\" sizes=\"(max-width: 1864px) 100vw, 1864px\" \/><\/div><\/a>\n\t\t\t\t<div class=\"elementor-post__text\">\n\t\t\t\t<h3 class=\"elementor-post__title\">\n\t\t\t<a href=\"https:\/\/fiosulmalhas.com.br\/site\/liocel\/\">\n\t\t\t\tLiocel\t\t\t<\/a>\n\t\t<\/h3>\n\t\t\t\t<div class=\"elementor-post__excerpt\">\n\t\t\t<p>O que \u00e9 a fibra Liocel e por que ela est\u00e1 transformando a moda sustent\u00e1vel A fibra Liocel vem transformando o mercado t\u00eaxtil porque se consolidou como uma das op\u00e7\u00f5es mais inovadoras e ecol\u00f3gicas da atualidade. Ela \u00e9 produzida a partir da celulose da madeira de eucalipto, proveniente de florestas cultivadas de forma renov\u00e1vel e certificadas. Dessa forma, o Liocel une tecnologia, conforto e responsabilidade ambiental, tr\u00eas pontos essenciais para o futuro da moda. Al\u00e9m disso, o processo produtivo da fibra \u00e9 altamente sustent\u00e1vel. O Liocel utiliza um sistema de<\/p>\n\t\t<\/div>\n\t\t\n\t\t<a class=\"elementor-post__read-more\" href=\"https:\/\/fiosulmalhas.com.br\/site\/liocel\/\" aria-label=\"Leia mais sobre Liocel\" tabindex=\"-1\">\n\t\t\tLer mais\t\t<\/a>\n\n\t\t\t\t<\/div>\n\t\t\t\t\t<\/div>\n\t\t<\/article>\n\t\t\t\t<article class=\"elementor-post elementor-grid-item post-17411 post type-post status-publish format-standard has-post-thumbnail hentry category-uniformizacao\" role=\"listitem\">\n\t\t\t<div class=\"elementor-post__card\">\n\t\t\t\t<a class=\"elementor-post__thumbnail__link\" href=\"https:\/\/fiosulmalhas.com.br\/site\/malha-pv\/\" tabindex=\"-1\"><div class=\"elementor-post__thumbnail\"><img decoding=\"async\" width=\"2532\" height=\"2489\" src=\"https:\/\/fiosulmalhas.com.br\/site\/wp-content\/uploads\/2025\/10\/Uniforme-2.jpg\" class=\"attachment-full size-full wp-image-17464\" alt=\"\" srcset=\"https:\/\/fiosulmalhas.com.br\/site\/wp-content\/uploads\/2025\/10\/Uniforme-2.jpg 2532w, https:\/\/fiosulmalhas.com.br\/site\/wp-content\/uploads\/2025\/10\/Uniforme-2-300x295.jpg?_mod=1760732251 300w, https:\/\/fiosulmalhas.com.br\/site\/wp-content\/uploads\/2025\/10\/Uniforme-2-1024x1007.jpg?_mod=1760732205 1024w, https:\/\/fiosulmalhas.com.br\/site\/wp-content\/uploads\/2025\/10\/Uniforme-2-768x755.jpg?_mod=1760732206 768w, https:\/\/fiosulmalhas.com.br\/site\/wp-content\/uploads\/2025\/10\/Uniforme-2-1536x1510.jpg?_mod=1760732213 1536w, https:\/\/fiosulmalhas.com.br\/site\/wp-content\/uploads\/2025\/10\/Uniforme-2-2048x2013.jpg?_mod=1760732251 2048w, https:\/\/fiosulmalhas.com.br\/site\/wp-content\/uploads\/2025\/10\/Uniforme-2-600x590.jpg?_mod=1760732251 600w\" sizes=\"(max-width: 2532px) 100vw, 2532px\" \/><\/div><\/a>\n\t\t\t\t<div class=\"elementor-post__text\">\n\t\t\t\t<h3 class=\"elementor-post__title\">\n\t\t\t<a href=\"https:\/\/fiosulmalhas.com.br\/site\/malha-pv\/\">\n\t\t\t\tBenef\u00edcios da Malha PV\t\t\t<\/a>\n\t\t<\/h3>\n\t\t\t\t<div class=\"elementor-post__excerpt\">\n\t\t\t<p>Malha PV: resist\u00eancia, conforto e praticidade A Malha PV \u00e9 um dos tecidos mais utilizados no setor t\u00eaxtil Produzida a partir da combina\u00e7\u00e3o de poli\u00e9ster (P) e viscose (V), a Malha PV oferece o equil\u00edbrio perfeito entre durabilidade e conforto. Dessa forma, torna-se ideal para a confec\u00e7\u00e3o de uniformes escolares, camisetas corporativas, roupas promocionais e pe\u00e7as casuais. Com toque macio, caimento leve e secagem r\u00e1pida, a Malha PV \u00e9 sin\u00f4nimo de praticidade e desempenho. Al\u00e9m disso, ela n\u00e3o amassa com facilidade e ainda assim mant\u00e9m suas cores vivas mesmo ap\u00f3s<\/p>\n\t\t<\/div>\n\t\t\n\t\t<a class=\"elementor-post__read-more\" href=\"https:\/\/fiosulmalhas.com.br\/site\/malha-pv\/\" aria-label=\"Leia mais sobre Benef\u00edcios da Malha PV\" tabindex=\"-1\">\n\t\t\tLer mais\t\t<\/a>\n\n\t\t\t\t<\/div>\n\t\t\t\t\t<\/div>\n\t\t<\/article>\n\t\t\t\t<article class=\"elementor-post elementor-grid-item post-17348 post type-post status-publish format-standard has-post-thumbnail hentry category-noticias category-tecnologias\" role=\"listitem\">\n\t\t\t<div class=\"elementor-post__card\">\n\t\t\t\t<a class=\"elementor-post__thumbnail__link\" href=\"https:\/\/fiosulmalhas.com.br\/site\/protecao-uv\/\" tabindex=\"-1\"><div class=\"elementor-post__thumbnail\"><img loading=\"lazy\" decoding=\"async\" width=\"944\" height=\"746\" src=\"https:\/\/fiosulmalhas.com.br\/site\/wp-content\/uploads\/2025\/10\/blusa-protecao-uv-e1759948562438.jpg\" class=\"attachment-full size-full wp-image-17382\" alt=\"\" srcset=\"https:\/\/fiosulmalhas.com.br\/site\/wp-content\/uploads\/2025\/10\/blusa-protecao-uv-e1759948562438.jpg 944w, https:\/\/fiosulmalhas.com.br\/site\/wp-content\/uploads\/2025\/10\/blusa-protecao-uv-e1759948562438-300x237.jpg?_mod=1759948564 300w, https:\/\/fiosulmalhas.com.br\/site\/wp-content\/uploads\/2025\/10\/blusa-protecao-uv-e1759948562438-768x607.jpg?_mod=1759948564 768w, https:\/\/fiosulmalhas.com.br\/site\/wp-content\/uploads\/2025\/10\/blusa-protecao-uv-e1759948562438-600x474.jpg?_mod=1759948564 600w\" sizes=\"(max-width: 944px) 100vw, 944px\" \/><\/div><\/a>\n\t\t\t\t<div class=\"elementor-post__text\">\n\t\t\t\t<h3 class=\"elementor-post__title\">\n\t\t\t<a href=\"https:\/\/fiosulmalhas.com.br\/site\/protecao-uv\/\">\n\t\t\t\tProte\u00e7\u00e3o UV: Malhas com prote\u00e7\u00e3o em qualquer esta\u00e7\u00e3o\t\t\t<\/a>\n\t\t<\/h3>\n\t\t\t\t<div class=\"elementor-post__excerpt\">\n\t\t\t<p>A import\u00e2ncia da prote\u00e7\u00e3o UV no dia a dia Quando falamos em prote\u00e7\u00e3o UV, muita gente associa apenas ao ver\u00e3o e ao sol forte. Mas a radia\u00e7\u00e3o ultravioleta est\u00e1 presente em todas as esta\u00e7\u00f5es do ano, inclusive em dias frios e nublados. At\u00e9 80% dos raios UV conseguem atravessar as nuvens, o que significa que nossa pele continua exposta mesmo sem perceber. \u00c9 nesse cen\u00e1rio que entram as malhas com Prote\u00e7\u00e3o: uma solu\u00e7\u00e3o que alia sa\u00fade, conforto e tecnologia, garantindo seguran\u00e7a contra os efeitos nocivos do sol de forma pr\u00e1tica<\/p>\n\t\t<\/div>\n\t\t\n\t\t<a class=\"elementor-post__read-more\" href=\"https:\/\/fiosulmalhas.com.br\/site\/protecao-uv\/\" aria-label=\"Leia mais sobre Prote\u00e7\u00e3o UV: Malhas com prote\u00e7\u00e3o em qualquer esta\u00e7\u00e3o\" tabindex=\"-1\">\n\t\t\tLer mais\t\t<\/a>\n\n\t\t\t\t<\/div>\n\t\t\t\t\t<\/div>\n\t\t<\/article>\n\t\t\t\t<article class=\"elementor-post elementor-grid-item post-17320 post type-post status-publish format-standard has-post-thumbnail hentry category-sublimacao\" role=\"listitem\">\n\t\t\t<div class=\"elementor-post__card\">\n\t\t\t\t<a class=\"elementor-post__thumbnail__link\" href=\"https:\/\/fiosulmalhas.com.br\/site\/poliester-e-poliamida\/\" tabindex=\"-1\"><div class=\"elementor-post__thumbnail\"><img loading=\"lazy\" decoding=\"async\" width=\"1707\" height=\"1627\" src=\"https:\/\/fiosulmalhas.com.br\/site\/wp-content\/uploads\/2025\/10\/CALIFORNIA-scaled-e1759410088171.jpg\" class=\"attachment-full size-full wp-image-17345\" alt=\"poli\u00e9ster e poliamida\" srcset=\"https:\/\/fiosulmalhas.com.br\/site\/wp-content\/uploads\/2025\/10\/CALIFORNIA-scaled-e1759410088171.jpg 1707w, https:\/\/fiosulmalhas.com.br\/site\/wp-content\/uploads\/2025\/10\/CALIFORNIA-scaled-e1759410088171-300x286.jpg?_mod=1759410101 300w, https:\/\/fiosulmalhas.com.br\/site\/wp-content\/uploads\/2025\/10\/CALIFORNIA-scaled-e1759410088171-1024x976.jpg?_mod=1759410092 1024w, https:\/\/fiosulmalhas.com.br\/site\/wp-content\/uploads\/2025\/10\/CALIFORNIA-scaled-e1759410088171-768x732.jpg?_mod=1759410090 768w, https:\/\/fiosulmalhas.com.br\/site\/wp-content\/uploads\/2025\/10\/CALIFORNIA-scaled-e1759410088171-1536x1464.jpg?_mod=1759410101 1536w, https:\/\/fiosulmalhas.com.br\/site\/wp-content\/uploads\/2025\/10\/CALIFORNIA-scaled-e1759410088171-600x572.jpg?_mod=1759410102 600w\" sizes=\"(max-width: 1707px) 100vw, 1707px\" \/><\/div><\/a>\n\t\t\t\t<div class=\"elementor-post__text\">\n\t\t\t\t<h3 class=\"elementor-post__title\">\n\t\t\t<a href=\"https:\/\/fiosulmalhas.com.br\/site\/poliester-e-poliamida\/\">\n\t\t\t\tPoli\u00e9ster e Poliamida: qual a melhor malha para confec\u00e7\u00e3o?\t\t\t<\/a>\n\t\t<\/h3>\n\t\t\t\t<div class=\"elementor-post__excerpt\">\n\t\t\t<p>Poli\u00e9ster e Poliamida: Qual a melhor malha para a sua confec\u00e7\u00e3o? Na confec\u00e7\u00e3o, cada decis\u00e3o impacta diretamente o resultado final das pe\u00e7as e a escolha do tecido est\u00e1 no centro dessa estrat\u00e9gia. Entre os mais utilizados, o Poli\u00e9ster e a Poliamida se destacam: mais do que definir a apar\u00eancia, esses materiais influenciam o caimento, a durabilidade, o custo de produ\u00e7\u00e3o e at\u00e9 a forma como o consumidor final percebe a sua marca. Entre os materiais mais presentes no mercado, o poli\u00e9ster e a poliamida ocupam posi\u00e7\u00f5es de destaque. Ambos s\u00e3o<\/p>\n\t\t<\/div>\n\t\t\n\t\t<a class=\"elementor-post__read-more\" href=\"https:\/\/fiosulmalhas.com.br\/site\/poliester-e-poliamida\/\" aria-label=\"Leia mais sobre Poli\u00e9ster e Poliamida: qual a melhor malha para confec\u00e7\u00e3o?\" tabindex=\"-1\">\n\t\t\tLer mais\t\t<\/a>\n\n\t\t\t\t<\/div>\n\t\t\t\t\t<\/div>\n\t\t<\/article>\n\t\t\t\t<article class=\"elementor-post elementor-grid-item post-17270 post type-post status-publish format-standard has-post-thumbnail hentry category-tecnologias tag-baixa-transparencia\" role=\"listitem\">\n\t\t\t<div class=\"elementor-post__card\">\n\t\t\t\t<a class=\"elementor-post__thumbnail__link\" href=\"https:\/\/fiosulmalhas.com.br\/site\/malha-baixa-transparencia\/\" tabindex=\"-1\"><div class=\"elementor-post__thumbnail\"><img loading=\"lazy\" decoding=\"async\" width=\"1707\" height=\"2560\" src=\"https:\/\/fiosulmalhas.com.br\/site\/wp-content\/uploads\/2025\/09\/moove-fiosul-scaled.jpg\" class=\"attachment-full size-full wp-image-17279\" alt=\"maha moove da fiosul\" srcset=\"https:\/\/fiosulmalhas.com.br\/site\/wp-content\/uploads\/2025\/09\/moove-fiosul-scaled.jpg 1707w, https:\/\/fiosulmalhas.com.br\/site\/wp-content\/uploads\/2025\/09\/moove-fiosul-200x300.jpg?_mod=1758887796 200w, https:\/\/fiosulmalhas.com.br\/site\/wp-content\/uploads\/2025\/09\/moove-fiosul-683x1024.jpg?_mod=1758887808 683w, https:\/\/fiosulmalhas.com.br\/site\/wp-content\/uploads\/2025\/09\/moove-fiosul-768x1152.jpg?_mod=1758887814 768w, https:\/\/fiosulmalhas.com.br\/site\/wp-content\/uploads\/2025\/09\/moove-fiosul-1024x1536.jpg?_mod=1758887835 1024w, https:\/\/fiosulmalhas.com.br\/site\/wp-content\/uploads\/2025\/09\/moove-fiosul-1365x2048.jpg?_mod=1758887865 1365w, https:\/\/fiosulmalhas.com.br\/site\/wp-content\/uploads\/2025\/09\/moove-fiosul-600x900.jpg?_mod=1758887868 600w\" sizes=\"(max-width: 1707px) 100vw, 1707px\" \/><\/div><\/a>\n\t\t\t\t<div class=\"elementor-post__text\">\n\t\t\t\t<h3 class=\"elementor-post__title\">\n\t\t\t<a href=\"https:\/\/fiosulmalhas.com.br\/site\/malha-baixa-transparencia\/\">\n\t\t\t\tMalha com Baixa Transpar\u00eancia: Confian\u00e7a nas Cores Claras\t\t\t<\/a>\n\t\t<\/h3>\n\t\t\t\t<div class=\"elementor-post__excerpt\">\n\t\t\t<p>Malhas Fitness de Alta Performance\u00a0com\u00a0Baixa Transpar\u00eancia As malhas de alta performance, conhecidas por sua baixa transpar\u00eancia, t\u00eam transformado o mercado fitness e se tornaram indispens\u00e1veis para cole\u00e7\u00f5es que buscam unir tecnologia, conforto e durabilidade. Desenvolvidas para acompanhar movimentos intensos, oferecem elasticidade, respirabilidade e, principalmente, seguran\u00e7a ao usu\u00e1rio final Um ponto que merece destaque \u00e9 a baixa transpar\u00eancia. Esse detalhe, muitas vezes decisivo para o consumidor na hora da compra, deve ser levado em considera\u00e7\u00e3o j\u00e1 no momento da escolha da malha pelo confeccionista. Malhas com alta densidade e fibras tecnol\u00f3gicas<\/p>\n\t\t<\/div>\n\t\t\n\t\t<a class=\"elementor-post__read-more\" href=\"https:\/\/fiosulmalhas.com.br\/site\/malha-baixa-transparencia\/\" aria-label=\"Leia mais sobre Malha com Baixa Transpar\u00eancia: Confian\u00e7a nas Cores Claras\" tabindex=\"-1\">\n\t\t\tLer mais\t\t<\/a>\n\n\t\t\t\t<\/div>\n\t\t\t\t\t<\/div>\n\t\t<\/article>\n\t\t\t\t<\/div>\n\t\t\n\t\t\t\t<div class=\"e-load-more-anchor\" data-page=\"1\" data-max-page=\"4\" data-next-page=\"https:\/\/fiosulmalhas.com.br\/site\/wp-json\/wp\/v2\/pages\/5898\/page\/2\/\"><\/div>\n\t\t\t\t<nav class=\"elementor-pagination\" aria-label=\"Pagina\u00e7\u00e3o\">\n\t\t\t<span aria-current=\"page\" class=\"page-numbers current\"><span class=\"elementor-screen-only\">P\u00e1gina<\/span>1<\/span>\n<a class=\"page-numbers\" href=\"https:\/\/fiosulmalhas.com.br\/site\/wp-json\/wp\/v2\/pages\/5898\/page\/2\/\"><span class=\"elementor-screen-only\">P\u00e1gina<\/span>2<\/a>\n<a class=\"page-numbers\" href=\"https:\/\/fiosulmalhas.com.br\/site\/wp-json\/wp\/v2\/pages\/5898\/page\/3\/\"><span class=\"elementor-screen-only\">P\u00e1gina<\/span>3<\/a>\n<a class=\"page-numbers\" href=\"https:\/\/fiosulmalhas.com.br\/site\/wp-json\/wp\/v2\/pages\/5898\/page\/4\/\"><span class=\"elementor-screen-only\">P\u00e1gina<\/span>4<\/a>\t\t<\/nav>\n\t\t\t\t\t\t<\/div>\n\t\t\t\t<\/div>\n\t\t\t\t\t<\/div>\n\t\t\t\t<\/div>\n\t\t<div class=\"elementor-element elementor-element-0bbeb75 e-flex e-con-boxed wpr-particle-no wpr-sticky-section-no e-con e-parent\" data-id=\"0bbeb75\" data-element_type=\"container\" data-e-type=\"container\" data-settings=\"{&quot;jet_parallax_layout_list&quot;:[]}\">\n\t\t\t\t\t<div class=\"e-con-inner\">\n\t\t\t\t\t<\/div>\n\t\t\t\t<\/div>\n\t\t\t\t<\/div>\n\t\t","protected":false},"excerpt":{"rendered":"","protected":false},"author":1,"featured_media":0,"parent":6751,"menu_order":0,"comment_status":"open","ping_status":"closed","template":"elementor_header_footer","meta":{"_joinchat":[],"footnotes":""},"class_list":["post-5898","page","type-page","status-publish","hentry"],"_links":{"self":[{"href":"https:\/\/fiosulmalhas.com.br\/site\/wp-json\/wp\/v2\/pages\/5898","targetHints":{"allow":["GET"]}}],"collection":[{"href":"https:\/\/fiosulmalhas.com.br\/site\/wp-json\/wp\/v2\/pages"}],"about":[{"href":"https:\/\/fiosulmalhas.com.br\/site\/wp-json\/wp\/v2\/types\/page"}],"author":[{"embeddable":true,"href":"https:\/\/fiosulmalhas.com.br\/site\/wp-json\/wp\/v2\/users\/1"}],"replies":[{"embeddable":true,"href":"https:\/\/fiosulmalhas.com.br\/site\/wp-json\/wp\/v2\/comments?post=5898"}],"version-history":[{"count":168,"href":"https:\/\/fiosulmalhas.com.br\/site\/wp-json\/wp\/v2\/pages\/5898\/revisions"}],"predecessor-version":[{"id":24226,"href":"https:\/\/fiosulmalhas.com.br\/site\/wp-json\/wp\/v2\/pages\/5898\/revisions\/24226"}],"up":[{"embeddable":true,"href":"https:\/\/fiosulmalhas.com.br\/site\/wp-json\/wp\/v2\/pages\/6751"}],"wp:attachment":[{"href":"https:\/\/fiosulmalhas.com.br\/site\/wp-json\/wp\/v2\/media?parent=5898"}],"curies":[{"name":"wp","href":"https:\/\/api.w.org\/{rel}","templated":true}]}}