{"id":6946,"date":"2022-11-06T04:43:40","date_gmt":"2022-11-06T04:43:40","guid":{"rendered":"https:\/\/fiosulmalhas.com.br\/site\/?page_id=6946"},"modified":"2026-03-02T13:33:25","modified_gmt":"2026-03-02T13:33:25","slug":"algodao","status":"publish","type":"page","link":"https:\/\/fiosulmalhas.com.br\/site\/algodao\/","title":{"rendered":"Algod\u00e3o"},"content":{"rendered":"\t\t<div data-elementor-type=\"wp-page\" data-elementor-id=\"6946\" class=\"elementor elementor-6946\" data-elementor-post-type=\"page\">\n\t\t\t\t\t\t<section class=\"elementor-section elementor-top-section elementor-element elementor-element-97f0808 elementor-section-boxed elementor-section-height-default elementor-section-height-default wpr-particle-no wpr-sticky-section-no\" data-id=\"97f0808\" data-element_type=\"section\" data-e-type=\"section\" data-settings=\"{&quot;jet_parallax_layout_list&quot;:[]}\">\n\t\t\t\t\t\t<div class=\"elementor-container elementor-column-gap-default\">\n\t\t\t\t\t<div class=\"elementor-column elementor-col-100 elementor-top-column elementor-element elementor-element-53fbc2b\" data-id=\"53fbc2b\" data-element_type=\"column\" data-e-type=\"column\">\n\t\t\t<div class=\"elementor-widget-wrap elementor-element-populated\">\n\t\t\t\t\t\t<div class=\"elementor-element elementor-element-7bde508 elementor-widget elementor-widget-menu-anchor\" data-id=\"7bde508\" data-element_type=\"widget\" data-e-type=\"widget\" data-widget_type=\"menu-anchor.default\">\n\t\t\t\t<div class=\"elementor-widget-container\">\n\t\t\t\t\t\t\t<div class=\"elementor-menu-anchor\" id=\"100_algodao\"><\/div>\n\t\t\t\t\t\t<\/div>\n\t\t\t\t<\/div>\n\t\t\t\t<div class=\"elementor-element elementor-element-e68eee4 elementor-widget elementor-widget-heading\" data-id=\"e68eee4\" data-element_type=\"widget\" data-e-type=\"widget\" data-widget_type=\"heading.default\">\n\t\t\t\t<div class=\"elementor-widget-container\">\n\t\t\t\t\t<h2 class=\"elementor-heading-title elementor-size-default\">100% ALGOD\u00c3O<\/h2>\t\t\t\t<\/div>\n\t\t\t\t<\/div>\n\t\t\t\t\t<\/div>\n\t\t<\/div>\n\t\t\t\t\t<\/div>\n\t\t<\/section>\n\t\t\t\t<section class=\"elementor-section elementor-top-section elementor-element elementor-element-d92c35c elementor-section-boxed elementor-section-height-default elementor-section-height-default wpr-particle-no wpr-sticky-section-no\" data-id=\"d92c35c\" data-element_type=\"section\" data-e-type=\"section\" data-settings=\"{&quot;jet_parallax_layout_list&quot;:[]}\">\n\t\t\t\t\t\t<div class=\"elementor-container elementor-column-gap-default\">\n\t\t\t\t\t<div class=\"elementor-column elementor-col-100 elementor-top-column elementor-element elementor-element-3b7bf10\" data-id=\"3b7bf10\" data-element_type=\"column\" data-e-type=\"column\">\n\t\t\t<div class=\"elementor-widget-wrap elementor-element-populated\">\n\t\t\t\t\t\t<div class=\"elementor-element elementor-element-f5794f4 elementor-widget elementor-widget-jet-woo-products\" data-id=\"f5794f4\" data-element_type=\"widget\" data-e-type=\"widget\" data-settings=\"{&quot;space_between_slides_mobile&quot;:20,&quot;columns&quot;:4,&quot;slides_to_scroll&quot;:&quot;1&quot;,&quot;space_between_slides&quot;:10}\" data-widget_type=\"jet-woo-products.default\">\n\t\t\t\t<div class=\"elementor-widget-container\">\n\t\t\t\t\t<div class=\"elementor-jet-woo-products jet-woo-builder\"><div class=\"jet-woo-carousel horizontal swiper\" data-slider_options=\"{&quot;direction&quot;:&quot;horizontal&quot;,&quot;slidesPerGroup&quot;:1,&quot;simulateTouch&quot;:true,&quot;loop&quot;:true,&quot;freeMode&quot;:false,&quot;centeredSlides&quot;:false,&quot;speed&quot;:500,&quot;paginationEnable&quot;:false,&quot;navigationEnable&quot;:true,&quot;autoplay&quot;:{&quot;delay&quot;:5000,&quot;disableOnInteraction&quot;:false}}\" dir=\"ltr\"> <div class=\"jet-woo-products jet-woo-products--preset-1 swiper-wrapper  jet-equal-cols\" data-mobile-hover=\"1\" >\n<div class=\"jet-woo-products__item jet-woo-builder-product swiper-slide\" data-product-id=\"6163\">\n\t<div class=\"jet-woo-products__inner-box\"  >\n\t\t\n<div class=\"jet-woo-product-thumbnail\">\n\t\n\t<a href=\"https:\/\/fiosulmalhas.com.br\/site\/produto\/215\/\"><img fetchpriority=\"high\" decoding=\"async\" width=\"300\" height=\"300\" src=\"https:\/\/fiosulmalhas.com.br\/site\/wp-content\/uploads\/2022\/10\/215-MALHA-PENTEADA-PREMIUM-300x300.webp\" class=\"attachment-woocommerce_thumbnail size-woocommerce_thumbnail\" alt=\"\" \/><\/a>\n\t<div class=\"jet-woo-product-img-overlay\"><\/div>\n\n\t\n\t<\/div>\n<div class=\"jet-woo-product-categories\">\n\t<ul><li><a href=\"https:\/\/fiosulmalhas.com.br\/site\/categoria-produto\/100-algodao\/\" rel=\"tag\">100% ALGOD\u00c3O<\/a><\/li><\/ul>\n<\/div><h5 class=\"jet-woo-product-title\"><a href=\"https:\/\/fiosulmalhas.com.br\/site\/produto\/215\/\">215 M. MALHA PENT. PREMIUM<\/a><\/h5>\n<div class=\"jet-woo-products-cqw-wrapper\">\n\t<\/div>\t<\/div>\n\n\t<\/div>\n<div class=\"jet-woo-products__item jet-woo-builder-product swiper-slide\" data-product-id=\"6165\">\n\t<div class=\"jet-woo-products__inner-box\"  >\n\t\t\n<div class=\"jet-woo-product-thumbnail\">\n\t\n\t<a href=\"https:\/\/fiosulmalhas.com.br\/site\/produto\/290\/\"><img decoding=\"async\" width=\"300\" height=\"300\" src=\"https:\/\/fiosulmalhas.com.br\/site\/wp-content\/uploads\/2022\/10\/290-M.-MALHA-30.1-KING-300x300.webp\" class=\"attachment-woocommerce_thumbnail size-woocommerce_thumbnail\" alt=\"\" \/><\/a>\n\t<div class=\"jet-woo-product-img-overlay\"><\/div>\n\n\t\n\t<\/div>\n<div class=\"jet-woo-product-categories\">\n\t<ul><li><a href=\"https:\/\/fiosulmalhas.com.br\/site\/categoria-produto\/100-algodao\/\" rel=\"tag\">100% ALGOD\u00c3O<\/a><\/li><\/ul>\n<\/div><h5 class=\"jet-woo-product-title\"><a href=\"https:\/\/fiosulmalhas.com.br\/site\/produto\/290\/\">290 M. MALHA 30.1 KING<\/a><\/h5>\n<div class=\"jet-woo-products-cqw-wrapper\">\n\t<\/div>\t<\/div>\n\n\t<\/div>\n<div class=\"jet-woo-products__item jet-woo-builder-product swiper-slide\" data-product-id=\"17395\">\n\t<div class=\"jet-woo-products__inner-box\"  >\n\t\t\n<div class=\"jet-woo-product-thumbnail\">\n\t\n\t<a href=\"https:\/\/fiosulmalhas.com.br\/site\/produto\/282-suedine-premium\/\"><img decoding=\"async\" width=\"300\" height=\"300\" src=\"https:\/\/fiosulmalhas.com.br\/site\/wp-content\/uploads\/2022\/10\/282-SUEDINE-PREMIUM-300x300.webp\" class=\"attachment-woocommerce_thumbnail size-woocommerce_thumbnail\" alt=\"\" \/><\/a>\n\t<div class=\"jet-woo-product-img-overlay\"><\/div>\n\n\t\n\t<\/div>\n<div class=\"jet-woo-product-categories\">\n\t<ul><li><a href=\"https:\/\/fiosulmalhas.com.br\/site\/categoria-produto\/100-algodao\/\" rel=\"tag\">100% ALGOD\u00c3O<\/a><\/li><\/ul>\n<\/div><h5 class=\"jet-woo-product-title\"><a href=\"https:\/\/fiosulmalhas.com.br\/site\/produto\/282-suedine-premium\/\">282 SUEDINE PREMIUM<\/a><\/h5>\n<div class=\"jet-woo-products-cqw-wrapper\">\n\t<\/div>\t<\/div>\n\n\t<\/div><\/div>\n  <div class=\"prev-arrow jet-swiper-button-prev jet-arrow\"><i aria-hidden=\"true\" class=\"fas fa-angle-left\"><\/i><\/div> <div class=\"next-arrow jet-swiper-button-next jet-arrow\"><i aria-hidden=\"true\" class=\"fas fa-angle-right\"><\/i><\/div> <\/div><\/div>\t\t\t\t<\/div>\n\t\t\t\t<\/div>\n\t\t\t\t\t<\/div>\n\t\t<\/div>\n\t\t\t\t\t<\/div>\n\t\t<\/section>\n\t\t\t\t<section class=\"elementor-section elementor-top-section elementor-element elementor-element-464a51d elementor-section-boxed elementor-section-height-default elementor-section-height-default wpr-particle-no wpr-sticky-section-no\" data-id=\"464a51d\" data-element_type=\"section\" data-e-type=\"section\" data-settings=\"{&quot;jet_parallax_layout_list&quot;:[]}\">\n\t\t\t\t\t\t<div class=\"elementor-container elementor-column-gap-default\">\n\t\t\t\t\t<div class=\"elementor-column elementor-col-100 elementor-top-column elementor-element elementor-element-e3d3663\" data-id=\"e3d3663\" data-element_type=\"column\" data-e-type=\"column\">\n\t\t\t<div class=\"elementor-widget-wrap elementor-element-populated\">\n\t\t\t\t\t\t<div class=\"elementor-element elementor-element-ddd1cba elementor-widget elementor-widget-menu-anchor\" data-id=\"ddd1cba\" data-element_type=\"widget\" data-e-type=\"widget\" data-widget_type=\"menu-anchor.default\">\n\t\t\t\t<div class=\"elementor-widget-container\">\n\t\t\t\t\t\t\t<div class=\"elementor-menu-anchor\" id=\"algodao_elastano\"><\/div>\n\t\t\t\t\t\t<\/div>\n\t\t\t\t<\/div>\n\t\t\t\t<div class=\"elementor-element elementor-element-0316d74 elementor-widget__width-initial elementor-widget elementor-widget-heading\" data-id=\"0316d74\" data-element_type=\"widget\" data-e-type=\"widget\" data-widget_type=\"heading.default\">\n\t\t\t\t<div class=\"elementor-widget-container\">\n\t\t\t\t\t<h1 class=\"elementor-heading-title elementor-size-default\">\u00ad\u00ad\u00adALGOD\u00c3O COM ELASTANO<\/h1>\t\t\t\t<\/div>\n\t\t\t\t<\/div>\n\t\t\t\t\t<\/div>\n\t\t<\/div>\n\t\t\t\t\t<\/div>\n\t\t<\/section>\n\t\t\t\t<section class=\"elementor-section elementor-top-section elementor-element elementor-element-327f2ef elementor-section-boxed elementor-section-height-default elementor-section-height-default wpr-particle-no wpr-sticky-section-no\" data-id=\"327f2ef\" data-element_type=\"section\" data-e-type=\"section\" data-settings=\"{&quot;jet_parallax_layout_list&quot;:[]}\">\n\t\t\t\t\t\t<div class=\"elementor-container elementor-column-gap-default\">\n\t\t\t\t\t<div class=\"elementor-column elementor-col-100 elementor-top-column elementor-element elementor-element-8a981ec\" data-id=\"8a981ec\" data-element_type=\"column\" data-e-type=\"column\">\n\t\t\t<div class=\"elementor-widget-wrap elementor-element-populated\">\n\t\t\t\t\t\t<div class=\"elementor-element elementor-element-39d3ea7 elementor-widget elementor-widget-jet-woo-products\" data-id=\"39d3ea7\" data-element_type=\"widget\" data-e-type=\"widget\" data-settings=\"{&quot;space_between_slides_mobile&quot;:20,&quot;columns&quot;:4,&quot;slides_to_scroll&quot;:&quot;1&quot;,&quot;space_between_slides&quot;:10}\" data-widget_type=\"jet-woo-products.default\">\n\t\t\t\t<div class=\"elementor-widget-container\">\n\t\t\t\t\t<div class=\"elementor-jet-woo-products jet-woo-builder\"><div class=\"jet-woo-carousel horizontal swiper\" data-slider_options=\"{&quot;direction&quot;:&quot;horizontal&quot;,&quot;slidesPerGroup&quot;:1,&quot;simulateTouch&quot;:true,&quot;loop&quot;:true,&quot;freeMode&quot;:false,&quot;centeredSlides&quot;:false,&quot;speed&quot;:500,&quot;paginationEnable&quot;:false,&quot;navigationEnable&quot;:true,&quot;autoplay&quot;:{&quot;delay&quot;:5000,&quot;disableOnInteraction&quot;:false}}\" dir=\"ltr\"> <div class=\"jet-woo-products jet-woo-products--preset-1 swiper-wrapper  jet-equal-cols\" data-mobile-hover=\"1\" >\n<div class=\"jet-woo-products__item jet-woo-builder-product swiper-slide\" data-product-id=\"6176\">\n\t<div class=\"jet-woo-products__inner-box\"  >\n\t\t\n<div class=\"jet-woo-product-thumbnail\">\n\t\n\t<a href=\"https:\/\/fiosulmalhas.com.br\/site\/produto\/255\/\"><img loading=\"lazy\" decoding=\"async\" width=\"300\" height=\"300\" src=\"https:\/\/fiosulmalhas.com.br\/site\/wp-content\/uploads\/2023\/03\/1-255-MALHA-CONFORT-300x300.webp\" class=\"attachment-woocommerce_thumbnail size-woocommerce_thumbnail\" alt=\"\" \/><\/a>\n\t<div class=\"jet-woo-product-img-overlay\"><\/div>\n\n\t\n\t<\/div>\n<div class=\"jet-woo-product-categories\">\n\t<ul><li><a href=\"https:\/\/fiosulmalhas.com.br\/site\/categoria-produto\/algodao-c-elastano\/\" rel=\"tag\">ALGOD\u00c3O C\/ ELASTANO<\/a><\/li><\/ul>\n<\/div><h5 class=\"jet-woo-product-title\"><a href=\"https:\/\/fiosulmalhas.com.br\/site\/produto\/255\/\">\u00a0255 MALHA CONFORT<\/a><\/h5>\n<div class=\"jet-woo-products-cqw-wrapper\">\n\t<\/div>\t<\/div>\n\n\t<\/div><\/div>\n  <div class=\"prev-arrow jet-swiper-button-prev jet-arrow\"><i aria-hidden=\"true\" class=\"fas fa-angle-left\"><\/i><\/div> <div class=\"next-arrow jet-swiper-button-next jet-arrow\"><i aria-hidden=\"true\" class=\"fas fa-angle-right\"><\/i><\/div> <\/div><\/div>\t\t\t\t<\/div>\n\t\t\t\t<\/div>\n\t\t\t\t\t<\/div>\n\t\t<\/div>\n\t\t\t\t\t<\/div>\n\t\t<\/section>\n\t\t\t\t<section class=\"elementor-section elementor-top-section elementor-element elementor-element-137904b elementor-section-boxed elementor-section-height-default elementor-section-height-default wpr-particle-no wpr-sticky-section-no\" data-id=\"137904b\" data-element_type=\"section\" data-e-type=\"section\" data-settings=\"{&quot;jet_parallax_layout_list&quot;:[]}\">\n\t\t\t\t\t\t<div class=\"elementor-container elementor-column-gap-default\">\n\t\t\t\t\t<div class=\"elementor-column elementor-col-100 elementor-top-column elementor-element elementor-element-316c063\" data-id=\"316c063\" data-element_type=\"column\" data-e-type=\"column\">\n\t\t\t<div class=\"elementor-widget-wrap elementor-element-populated\">\n\t\t\t\t\t\t<div class=\"elementor-element elementor-element-beb29bb elementor-widget elementor-widget-menu-anchor\" data-id=\"beb29bb\" data-element_type=\"widget\" data-e-type=\"widget\" data-widget_type=\"menu-anchor.default\">\n\t\t\t\t<div class=\"elementor-widget-container\">\n\t\t\t\t\t\t\t<div class=\"elementor-menu-anchor\" id=\"algodao_poliester\"><\/div>\n\t\t\t\t\t\t<\/div>\n\t\t\t\t<\/div>\n\t\t\t\t<div class=\"elementor-element elementor-element-f79cb3a elementor-widget__width-initial elementor-widget elementor-widget-heading\" data-id=\"f79cb3a\" data-element_type=\"widget\" data-e-type=\"widget\" data-widget_type=\"heading.default\">\n\t\t\t\t<div class=\"elementor-widget-container\">\n\t\t\t\t\t<h1 class=\"elementor-heading-title elementor-size-default\">ALGOD\u00c3O COM POLI\u00c9STER<\/h1>\t\t\t\t<\/div>\n\t\t\t\t<\/div>\n\t\t\t\t\t<\/div>\n\t\t<\/div>\n\t\t\t\t\t<\/div>\n\t\t<\/section>\n\t\t\t\t<section class=\"elementor-section elementor-top-section elementor-element elementor-element-4f8d7bf elementor-section-boxed elementor-section-height-default elementor-section-height-default wpr-particle-no wpr-sticky-section-no\" data-id=\"4f8d7bf\" data-element_type=\"section\" data-e-type=\"section\" data-settings=\"{&quot;jet_parallax_layout_list&quot;:[]}\">\n\t\t\t\t\t\t<div class=\"elementor-container elementor-column-gap-default\">\n\t\t\t\t\t<div class=\"elementor-column elementor-col-100 elementor-top-column elementor-element elementor-element-2b7a19d\" data-id=\"2b7a19d\" data-element_type=\"column\" data-e-type=\"column\">\n\t\t\t<div class=\"elementor-widget-wrap elementor-element-populated\">\n\t\t\t\t\t\t<div class=\"elementor-element elementor-element-300aa4c elementor-widget elementor-widget-jet-woo-products\" data-id=\"300aa4c\" data-element_type=\"widget\" data-e-type=\"widget\" data-settings=\"{&quot;space_between_slides_mobile&quot;:20,&quot;columns&quot;:4,&quot;slides_to_scroll&quot;:&quot;1&quot;,&quot;space_between_slides&quot;:10}\" data-widget_type=\"jet-woo-products.default\">\n\t\t\t\t<div class=\"elementor-widget-container\">\n\t\t\t\t\t<div class=\"elementor-jet-woo-products jet-woo-builder\"><div class=\"jet-woo-carousel horizontal swiper\" data-slider_options=\"{&quot;direction&quot;:&quot;horizontal&quot;,&quot;slidesPerGroup&quot;:1,&quot;simulateTouch&quot;:true,&quot;loop&quot;:true,&quot;freeMode&quot;:false,&quot;centeredSlides&quot;:false,&quot;speed&quot;:500,&quot;paginationEnable&quot;:false,&quot;navigationEnable&quot;:true,&quot;autoplay&quot;:{&quot;delay&quot;:5000,&quot;disableOnInteraction&quot;:false}}\" dir=\"ltr\"> <div class=\"jet-woo-products jet-woo-products--preset-1 swiper-wrapper  \" data-mobile-hover=\"\" >\n<div class=\"jet-woo-products__item jet-woo-builder-product swiper-slide\" data-product-id=\"23089\">\n\t<div class=\"jet-woo-products__inner-box\"  >\n\t\t\n<div class=\"jet-woo-product-thumbnail\">\n\t\n\t<a href=\"https:\/\/fiosulmalhas.com.br\/site\/produto\/270-malha-pa\/\"><img loading=\"lazy\" decoding=\"async\" width=\"300\" height=\"300\" src=\"https:\/\/fiosulmalhas.com.br\/site\/wp-content\/uploads\/2022\/10\/270-MALHA-PA-300x300.webp\" class=\"attachment-woocommerce_thumbnail size-woocommerce_thumbnail\" alt=\"\" \/><\/a>\n\t<div class=\"jet-woo-product-img-overlay\"><\/div>\n\n\t\n\t<\/div>\n<div class=\"jet-woo-product-categories\">\n\t<ul><li><a href=\"https:\/\/fiosulmalhas.com.br\/site\/categoria-produto\/algodao-c-poliester\/\" rel=\"tag\">ALGOD\u00c3O C\/ POLI\u00c9STER<\/a><\/li><\/ul>\n<\/div><h5 class=\"jet-woo-product-title\"><a href=\"https:\/\/fiosulmalhas.com.br\/site\/produto\/270-malha-pa\/\">270 MALHA PA<\/a><\/h5>\n<div class=\"jet-woo-products-cqw-wrapper\">\n\t<\/div>\t<\/div>\n\n\t<\/div>\n<div class=\"jet-woo-products__item jet-woo-builder-product swiper-slide\" data-product-id=\"9914\">\n\t<div class=\"jet-woo-products__inner-box\"  >\n\t\t\n<div class=\"jet-woo-product-thumbnail\">\n\t\n\t<a href=\"https:\/\/fiosulmalhas.com.br\/site\/produto\/215m\/\"><img loading=\"lazy\" decoding=\"async\" width=\"300\" height=\"300\" src=\"https:\/\/fiosulmalhas.com.br\/site\/wp-content\/uploads\/2023\/06\/215-M.MALHA-PENTEADA-PREMIUM-MESCLA-300x300.webp\" class=\"attachment-woocommerce_thumbnail size-woocommerce_thumbnail\" alt=\"\" \/><\/a>\n\t<div class=\"jet-woo-product-img-overlay\"><\/div>\n\n\t\n\t<\/div>\n<div class=\"jet-woo-product-categories\">\n\t<ul><li><a href=\"https:\/\/fiosulmalhas.com.br\/site\/categoria-produto\/algodao-c-poliester\/\" rel=\"tag\">ALGOD\u00c3O C\/ POLI\u00c9STER<\/a><\/li><\/ul>\n<\/div><h5 class=\"jet-woo-product-title\"><a href=\"https:\/\/fiosulmalhas.com.br\/site\/produto\/215m\/\">215 M. MALHA PENTEADA PREMIUM MESCLA<\/a><\/h5>\n<div class=\"jet-woo-products-cqw-wrapper\">\n\t<\/div>\t<\/div>\n\n\t<\/div>\n<div class=\"jet-woo-products__item jet-woo-builder-product swiper-slide\" data-product-id=\"6179\">\n\t<div class=\"jet-woo-products__inner-box\"  >\n\t\t\n<div class=\"jet-woo-product-thumbnail\">\n\t\n\t<a href=\"https:\/\/fiosulmalhas.com.br\/site\/produto\/085\/\"><img loading=\"lazy\" decoding=\"async\" width=\"300\" height=\"300\" src=\"https:\/\/fiosulmalhas.com.br\/site\/wp-content\/uploads\/2022\/10\/085-PIQUET-MIX-300x300.webp\" class=\"attachment-woocommerce_thumbnail size-woocommerce_thumbnail\" alt=\"\" \/><\/a>\n\t<div class=\"jet-woo-product-img-overlay\"><\/div>\n\n\t\n\t<\/div>\n<div class=\"jet-woo-product-categories\">\n\t<ul><li><a href=\"https:\/\/fiosulmalhas.com.br\/site\/categoria-produto\/algodao-c-poliester\/\" rel=\"tag\">ALGOD\u00c3O C\/ POLI\u00c9STER<\/a><\/li><\/ul>\n<\/div><h5 class=\"jet-woo-product-title\"><a href=\"https:\/\/fiosulmalhas.com.br\/site\/produto\/085\/\">085 PIQUET MIX<\/a><\/h5>\n<div class=\"jet-woo-products-cqw-wrapper\">\n\t<\/div>\t<\/div>\n\n\t<\/div>\n<div class=\"jet-woo-products__item jet-woo-builder-product swiper-slide\" data-product-id=\"6180\">\n\t<div class=\"jet-woo-products__inner-box\"  >\n\t\t\n<div class=\"jet-woo-product-thumbnail\">\n\t\n\t<a href=\"https:\/\/fiosulmalhas.com.br\/site\/produto\/108\/\"><img loading=\"lazy\" decoding=\"async\" width=\"300\" height=\"300\" src=\"https:\/\/fiosulmalhas.com.br\/site\/wp-content\/uploads\/2022\/10\/108-MOLETOM-FLANELADO-RAMADO-300x300.webp\" class=\"attachment-woocommerce_thumbnail size-woocommerce_thumbnail\" alt=\"\" \/><\/a>\n\t<div class=\"jet-woo-product-img-overlay\"><\/div>\n\n\t\n\t<\/div>\n<div class=\"jet-woo-product-categories\">\n\t<ul><li><a href=\"https:\/\/fiosulmalhas.com.br\/site\/categoria-produto\/algodao-c-poliester\/\" rel=\"tag\">ALGOD\u00c3O C\/ POLI\u00c9STER<\/a><\/li><\/ul>\n<\/div><h5 class=\"jet-woo-product-title\"><a href=\"https:\/\/fiosulmalhas.com.br\/site\/produto\/108\/\">108 MOLETOM FLANELADO RAMADO<\/a><\/h5>\n<div class=\"jet-woo-products-cqw-wrapper\">\n\t<\/div>\t<\/div>\n\n\t<\/div><\/div>\n  <div class=\"prev-arrow jet-swiper-button-prev jet-arrow\"><i aria-hidden=\"true\" class=\"fas fa-angle-left\"><\/i><\/div> <div class=\"next-arrow jet-swiper-button-next jet-arrow\"><i aria-hidden=\"true\" class=\"fas fa-angle-right\"><\/i><\/div> <\/div><\/div>\t\t\t\t<\/div>\n\t\t\t\t<\/div>\n\t\t\t\t\t<\/div>\n\t\t<\/div>\n\t\t\t\t\t<\/div>\n\t\t<\/section>\n\t\t\t\t<section class=\"elementor-section elementor-top-section elementor-element elementor-element-4252385 elementor-section-boxed elementor-section-height-default elementor-section-height-default wpr-particle-no wpr-sticky-section-no\" data-id=\"4252385\" data-element_type=\"section\" data-e-type=\"section\" data-settings=\"{&quot;jet_parallax_layout_list&quot;:[]}\">\n\t\t\t\t\t\t<div class=\"elementor-container elementor-column-gap-default\">\n\t\t\t\t\t<div class=\"elementor-column elementor-col-100 elementor-top-column elementor-element elementor-element-ebbdfc4\" data-id=\"ebbdfc4\" data-element_type=\"column\" data-e-type=\"column\">\n\t\t\t<div class=\"elementor-widget-wrap elementor-element-populated\">\n\t\t\t\t\t\t<div class=\"elementor-element elementor-element-99c5909 elementor-widget elementor-widget-spacer\" data-id=\"99c5909\" data-element_type=\"widget\" data-e-type=\"widget\" data-widget_type=\"spacer.default\">\n\t\t\t\t<div class=\"elementor-widget-container\">\n\t\t\t\t\t\t\t<div class=\"elementor-spacer\">\n\t\t\t<div class=\"elementor-spacer-inner\"><\/div>\n\t\t<\/div>\n\t\t\t\t\t\t<\/div>\n\t\t\t\t<\/div>\n\t\t\t\t\t<\/div>\n\t\t<\/div>\n\t\t\t\t\t<\/div>\n\t\t<\/section>\n\t\t<div class=\"elementor-element elementor-element-0670767 e-flex e-con-boxed wpr-particle-no wpr-sticky-section-no e-con e-parent\" data-id=\"0670767\" data-element_type=\"container\" data-e-type=\"container\" data-settings=\"{&quot;jet_parallax_layout_list&quot;:[]}\">\n\t\t\t\t\t<div class=\"e-con-inner\">\n\t\t\t\t<div class=\"elementor-element elementor-element-558b707 elementor-widget elementor-widget-spacer\" data-id=\"558b707\" data-element_type=\"widget\" data-e-type=\"widget\" data-widget_type=\"spacer.default\">\n\t\t\t\t<div class=\"elementor-widget-container\">\n\t\t\t\t\t\t\t<div class=\"elementor-spacer\">\n\t\t\t<div class=\"elementor-spacer-inner\"><\/div>\n\t\t<\/div>\n\t\t\t\t\t\t<\/div>\n\t\t\t\t<\/div>\n\t\t\t\t\t<\/div>\n\t\t\t\t<\/div>\n\t\t\t\t<\/div>\n\t\t","protected":false},"excerpt":{"rendered":"<p>100% ALGOD\u00c3O 100% ALGOD\u00c3O 215 M. MALHA PENT. PREMIUM 100% ALGOD\u00c3O 290 M. MALHA 30.1 KING 100% ALGOD\u00c3O 211 MILANO 100% ALGOD\u00c3O 282 SUEDINE PREMIUM \u00ad\u00ad\u00adALGOD\u00c3O COM ELASTANO ALGOD\u00c3O C\/ ELASTANO \u00a0255 MALHA CONFORT Composi\u00e7\u00e3o: 96% ALGOD\u00c3O 4% ELASTANO Largura: 1.80m Gramatura: 173 g\/m\u00b3&#8230; ALGOD\u00c3O C\/ ELASTANO 192 LONDON CONFORT ALGOD\u00c3O C\/ ELASTANO 255 MALHA CONFORT MESCLA ALGOD\u00c3O C\/ ELASTANO 257 DOUBLE MESH ALGOD\u00c3O COM POLI\u00c9STER ALGOD\u00c3O C\/ POLI\u00c9STER 270 MALHA PA ALGOD\u00c3O C\/ POLI\u00c9STER 214 RUSTIC TRICOT ALGOD\u00c3O C\/ POLI\u00c9STER 212 MALHA GRID ALGOD\u00c3O C\/ POLI\u00c9STER 215 M. MALHA PENTEADA PREMIUM MESCLA ALGOD\u00c3O C\/ POLI\u00c9STER 085 PIQUET MIX Composi\u00e7\u00e3o: 60% POLI\u00c9STER 40% ALGOD\u00c3O Largura: 1.20m Gramatura: 180 g\/m\u00b2&#8230; ALGOD\u00c3O C\/ POLI\u00c9STER 108 MOLETOM FLANELADO RAMADO Composi\u00e7\u00e3o: 50% POLI\u00c9STER 50% ALGOD\u00c3O Largura: 1.80m Gramatura: 320 g\/m\u00b2&#8230;<\/p>\n","protected":false},"author":1,"featured_media":0,"parent":0,"menu_order":0,"comment_status":"closed","ping_status":"closed","template":"elementor_header_footer","meta":{"_joinchat":[],"footnotes":""},"class_list":["post-6946","page","type-page","status-publish","hentry"],"_links":{"self":[{"href":"https:\/\/fiosulmalhas.com.br\/site\/wp-json\/wp\/v2\/pages\/6946","targetHints":{"allow":["GET"]}}],"collection":[{"href":"https:\/\/fiosulmalhas.com.br\/site\/wp-json\/wp\/v2\/pages"}],"about":[{"href":"https:\/\/fiosulmalhas.com.br\/site\/wp-json\/wp\/v2\/types\/page"}],"author":[{"embeddable":true,"href":"https:\/\/fiosulmalhas.com.br\/site\/wp-json\/wp\/v2\/users\/1"}],"replies":[{"embeddable":true,"href":"https:\/\/fiosulmalhas.com.br\/site\/wp-json\/wp\/v2\/comments?post=6946"}],"version-history":[{"count":154,"href":"https:\/\/fiosulmalhas.com.br\/site\/wp-json\/wp\/v2\/pages\/6946\/revisions"}],"predecessor-version":[{"id":23303,"href":"https:\/\/fiosulmalhas.com.br\/site\/wp-json\/wp\/v2\/pages\/6946\/revisions\/23303"}],"wp:attachment":[{"href":"https:\/\/fiosulmalhas.com.br\/site\/wp-json\/wp\/v2\/media?parent=6946"}],"curies":[{"name":"wp","href":"https:\/\/api.w.org\/{rel}","templated":true}]}}