{"id":10368,"date":"2023-09-13T20:23:49","date_gmt":"2023-09-13T20:23:49","guid":{"rendered":"https:\/\/fiosulmalhas.com.br\/site\/?post_type=product&#038;p=10368"},"modified":"2026-04-14T14:33:41","modified_gmt":"2026-04-14T14:33:41","slug":"611-dry-fit","status":"publish","type":"product","link":"https:\/\/fiosulmalhas.com.br\/site\/produto\/611-dry-fit\/","title":{"rendered":"611 DRY FIT"},"content":{"rendered":"\t\t<div data-elementor-type=\"product-post\" data-elementor-id=\"10368\" class=\"elementor elementor-10368\" data-elementor-post-type=\"product\">\n\t\t\t\t<div class=\"elementor-element elementor-element-5d6cc033 e-flex e-con-boxed wpr-particle-no wpr-sticky-section-no e-con e-parent\" data-id=\"5d6cc033\" data-element_type=\"container\" data-e-type=\"container\" data-settings=\"{&quot;jet_parallax_layout_list&quot;:[]}\">\n\t\t\t\t\t<div class=\"e-con-inner\">\n\t\t\t\t<div class=\"elementor-element elementor-element-f6f517e elementor-widget elementor-widget-text-editor\" data-id=\"f6f517e\" data-element_type=\"widget\" data-e-type=\"widget\" data-widget_type=\"text-editor.default\">\n\t\t\t\t<div class=\"elementor-widget-container\">\n\t\t\t\t\t\t\t\t\t<p><span style=\"font-weight: 400;\">DRY FIT \u00e9 uma malha leve e tecnol\u00f3gica, desenvolvida especialmente para o segmento fitness. Produzida em poli\u00e9ster, apresenta toque suave e boa maleabilidade, acompanhando os movimentos com conforto. Conta com prote\u00e7\u00e3o UV 50+ e tecnologia respir\u00e1vel dry, que auxilia na absor\u00e7\u00e3o do suor e contribui para a sensa\u00e7\u00e3o de frescor durante as atividades.<\/span><\/p>\t\t\t\t\t\t\t\t<\/div>\n\t\t\t\t<\/div>\n\t\t\t\t\t<\/div>\n\t\t\t\t<\/div>\n\t\t\t\t<\/div>\n\t\t","protected":false},"excerpt":{"rendered":"<p>DRY FIT \u00e9 uma malha leve e tecnol\u00f3gica, desenvolvida especialmente para o segmento fitness. Produzida em poli\u00e9ster, apresenta toque suave e boa maleabilidade, acompanhando os movimentos com conforto. Conta com prote\u00e7\u00e3o UV 50+ e tecnologia respir\u00e1vel dry, que auxilia na absor\u00e7\u00e3o do suor e contribui para a sensa\u00e7\u00e3o de frescor durante as atividades.<\/p>\n","protected":false},"featured_media":23781,"template":"","product_brand":[],"product_cat":[41],"product_tag":[],"class_list":{"0":"post-10368","1":"product","2":"type-product","3":"status-publish","4":"has-post-thumbnail","6":"product_cat-100-poliester","8":"first","9":"instock","10":"shipping-taxable","11":"product-type-simple"},"_links":{"self":[{"href":"https:\/\/fiosulmalhas.com.br\/site\/wp-json\/wp\/v2\/product\/10368","targetHints":{"allow":["GET"]}}],"collection":[{"href":"https:\/\/fiosulmalhas.com.br\/site\/wp-json\/wp\/v2\/product"}],"about":[{"href":"https:\/\/fiosulmalhas.com.br\/site\/wp-json\/wp\/v2\/types\/product"}],"version-history":[{"count":12,"href":"https:\/\/fiosulmalhas.com.br\/site\/wp-json\/wp\/v2\/product\/10368\/revisions"}],"predecessor-version":[{"id":24775,"href":"https:\/\/fiosulmalhas.com.br\/site\/wp-json\/wp\/v2\/product\/10368\/revisions\/24775"}],"wp:featuredmedia":[{"embeddable":true,"href":"https:\/\/fiosulmalhas.com.br\/site\/wp-json\/wp\/v2\/media\/23781"}],"wp:attachment":[{"href":"https:\/\/fiosulmalhas.com.br\/site\/wp-json\/wp\/v2\/media?parent=10368"}],"wp:term":[{"taxonomy":"product_brand","embeddable":true,"href":"https:\/\/fiosulmalhas.com.br\/site\/wp-json\/wp\/v2\/product_brand?post=10368"},{"taxonomy":"product_cat","embeddable":true,"href":"https:\/\/fiosulmalhas.com.br\/site\/wp-json\/wp\/v2\/product_cat?post=10368"},{"taxonomy":"product_tag","embeddable":true,"href":"https:\/\/fiosulmalhas.com.br\/site\/wp-json\/wp\/v2\/product_tag?post=10368"}],"curies":[{"name":"wp","href":"https:\/\/api.w.org\/{rel}","templated":true}]}}