{"id":13123,"date":"2024-04-25T19:46:42","date_gmt":"2024-04-25T19:46:42","guid":{"rendered":"https:\/\/fiosulmalhas.com.br\/site\/?post_type=product&#038;p=13123"},"modified":"2026-03-12T14:00:30","modified_gmt":"2026-03-12T14:00:30","slug":"056-genova-2","status":"publish","type":"product","link":"https:\/\/fiosulmalhas.com.br\/site\/produto\/056-genova-2\/","title":{"rendered":"056 G\u00caNOVA"},"content":{"rendered":"<p>A malha G\u00eanova \u00e9 a escolha perfeita para quem busca unir luxo e conforto em suas cria\u00e7\u00f5es. Essa base dupla face proporciona versatilidade incompar\u00e1vel, permitindo a elabora\u00e7\u00e3o de designs criativos em ambos os lados. Seu aspecto atoalhado oferece toque agrad\u00e1vel e suave, enquanto a estrutura diagonal confere uma eleg\u00e2ncia \u00fanica a qualquer pe\u00e7a. Al\u00e9m disso, sua composi\u00e7\u00e3o 100% poli\u00e9ster e capacidade de sublima\u00e7\u00e3o garantem uma impress\u00e3o de alta qualidade e cores que permanecem vibrantes e duradouras.<\/p>\n","protected":false},"excerpt":{"rendered":"<p>A malha G\u00eanova \u00e9 a escolha perfeita para quem busca unir luxo e conforto em suas cria\u00e7\u00f5es. Essa base dupla face proporciona versatilidade incompar\u00e1vel, permitindo a elabora\u00e7\u00e3o de designs criativos em ambos os lados. Seu aspecto atoalhado oferece toque agrad\u00e1vel e suave, enquanto a estrutura diagonal confere uma eleg\u00e2ncia \u00fanica a qualquer pe\u00e7a. Al\u00e9m disso, sua composi\u00e7\u00e3o 100% poli\u00e9ster e capacidade de sublima\u00e7\u00e3o garantem uma impress\u00e3o de alta qualidade e cores que permanecem vibrantes e duradouras.<\/p>\n","protected":false},"featured_media":24172,"template":"","product_brand":[],"product_cat":[187],"product_tag":[],"class_list":{"0":"post-13123","1":"product","2":"type-product","3":"status-publish","4":"has-post-thumbnail","6":"product_cat-ultima-oportunidade","8":"first","9":"instock","10":"shipping-taxable","11":"product-type-simple"},"_links":{"self":[{"href":"https:\/\/fiosulmalhas.com.br\/site\/wp-json\/wp\/v2\/product\/13123","targetHints":{"allow":["GET"]}}],"collection":[{"href":"https:\/\/fiosulmalhas.com.br\/site\/wp-json\/wp\/v2\/product"}],"about":[{"href":"https:\/\/fiosulmalhas.com.br\/site\/wp-json\/wp\/v2\/types\/product"}],"version-history":[{"count":3,"href":"https:\/\/fiosulmalhas.com.br\/site\/wp-json\/wp\/v2\/product\/13123\/revisions"}],"predecessor-version":[{"id":24174,"href":"https:\/\/fiosulmalhas.com.br\/site\/wp-json\/wp\/v2\/product\/13123\/revisions\/24174"}],"wp:featuredmedia":[{"embeddable":true,"href":"https:\/\/fiosulmalhas.com.br\/site\/wp-json\/wp\/v2\/media\/24172"}],"wp:attachment":[{"href":"https:\/\/fiosulmalhas.com.br\/site\/wp-json\/wp\/v2\/media?parent=13123"}],"wp:term":[{"taxonomy":"product_brand","embeddable":true,"href":"https:\/\/fiosulmalhas.com.br\/site\/wp-json\/wp\/v2\/product_brand?post=13123"},{"taxonomy":"product_cat","embeddable":true,"href":"https:\/\/fiosulmalhas.com.br\/site\/wp-json\/wp\/v2\/product_cat?post=13123"},{"taxonomy":"product_tag","embeddable":true,"href":"https:\/\/fiosulmalhas.com.br\/site\/wp-json\/wp\/v2\/product_tag?post=13123"}],"curies":[{"name":"wp","href":"https:\/\/api.w.org\/{rel}","templated":true}]}}