{"id":13132,"date":"2024-04-25T19:51:42","date_gmt":"2024-04-25T19:51:42","guid":{"rendered":"https:\/\/fiosulmalhas.com.br\/site\/?post_type=product&#038;p=13132"},"modified":"2026-03-31T18:50:36","modified_gmt":"2026-03-31T18:50:36","slug":"211-milano","status":"publish","type":"product","link":"https:\/\/fiosulmalhas.com.br\/site\/produto\/211-milano\/","title":{"rendered":"211 MILANO"},"content":{"rendered":"<p>Milano \u00e9 uma malha 100% algod\u00e3o, confeccionada com fibras naturais de alta qualidade. Possui certifica\u00e7\u00e3o BCI, oferecendo a garantia de estar adquirindo um produto produzido de forma \u00e9tica e sustent\u00e1vel, sem abrir m\u00e3o do conforto e da durabilidade. Essa \u00e9 uma malha dupla, apresentando textura cotel\u00ea em um dos lados, que confere um acabamento elegante e sofisticado, ideal para a confec\u00e7\u00e3o de pe\u00e7as encorpadas e estruturadas.<\/p>\n","protected":false},"excerpt":{"rendered":"<p>Milano \u00e9 uma malha 100% algod\u00e3o, confeccionada com fibras naturais de alta qualidade. Possui certifica\u00e7\u00e3o BCI, oferecendo a garantia de estar adquirindo um produto produzido de forma \u00e9tica e sustent\u00e1vel, sem abrir m\u00e3o do conforto e da durabilidade. Essa \u00e9 uma malha dupla, apresentando textura cotel\u00ea em um dos lados, que confere um acabamento elegante e sofisticado, ideal para a confec\u00e7\u00e3o de pe\u00e7as encorpadas e estruturadas.<\/p>\n","protected":false},"featured_media":24828,"template":"","product_brand":[],"product_cat":[187],"product_tag":[],"class_list":{"0":"post-13132","1":"product","2":"type-product","3":"status-publish","4":"has-post-thumbnail","6":"product_cat-ultima-oportunidade","8":"first","9":"instock","10":"shipping-taxable","11":"product-type-simple"},"_links":{"self":[{"href":"https:\/\/fiosulmalhas.com.br\/site\/wp-json\/wp\/v2\/product\/13132","targetHints":{"allow":["GET"]}}],"collection":[{"href":"https:\/\/fiosulmalhas.com.br\/site\/wp-json\/wp\/v2\/product"}],"about":[{"href":"https:\/\/fiosulmalhas.com.br\/site\/wp-json\/wp\/v2\/types\/product"}],"version-history":[{"count":3,"href":"https:\/\/fiosulmalhas.com.br\/site\/wp-json\/wp\/v2\/product\/13132\/revisions"}],"predecessor-version":[{"id":24835,"href":"https:\/\/fiosulmalhas.com.br\/site\/wp-json\/wp\/v2\/product\/13132\/revisions\/24835"}],"wp:featuredmedia":[{"embeddable":true,"href":"https:\/\/fiosulmalhas.com.br\/site\/wp-json\/wp\/v2\/media\/24828"}],"wp:attachment":[{"href":"https:\/\/fiosulmalhas.com.br\/site\/wp-json\/wp\/v2\/media?parent=13132"}],"wp:term":[{"taxonomy":"product_brand","embeddable":true,"href":"https:\/\/fiosulmalhas.com.br\/site\/wp-json\/wp\/v2\/product_brand?post=13132"},{"taxonomy":"product_cat","embeddable":true,"href":"https:\/\/fiosulmalhas.com.br\/site\/wp-json\/wp\/v2\/product_cat?post=13132"},{"taxonomy":"product_tag","embeddable":true,"href":"https:\/\/fiosulmalhas.com.br\/site\/wp-json\/wp\/v2\/product_tag?post=13132"}],"curies":[{"name":"wp","href":"https:\/\/api.w.org\/{rel}","templated":true}]}}