{"id":13135,"date":"2024-04-25T20:03:28","date_gmt":"2024-04-25T20:03:28","guid":{"rendered":"https:\/\/fiosulmalhas.com.br\/site\/?post_type=product&#038;p=13135"},"modified":"2026-03-31T18:56:25","modified_gmt":"2026-03-31T18:56:25","slug":"212-malha-grid","status":"publish","type":"product","link":"https:\/\/fiosulmalhas.com.br\/site\/produto\/212-malha-grid\/","title":{"rendered":"212 MALHA GRID"},"content":{"rendered":"<p>Malha Grid \u00e9 uma base com textura quadrile e caracter\u00edstica marcante. Com peso intermedi\u00e1rio e est\u00e9tica minimalista, esta malha se destaca pela sua versatilidade, adequando-se a diversas aplica\u00e7\u00f5es, desde camisetas at\u00e9 pijamas. Produzida com algod\u00e3o certificado pela BCI (Better Cotton Iniciative), sua composi\u00e7\u00e3o oferece um toque agrad\u00e1vel e liberdade de movimento, tornando-a uma escolha excepcional para quem valoriza qualidade, responsabilidade ambiental e estilo<\/p>\n","protected":false},"excerpt":{"rendered":"<p>Malha Grid \u00e9 uma base com textura quadrile e caracter\u00edstica marcante. Com peso intermedi\u00e1rio e est\u00e9tica minimalista, esta malha se destaca pela sua versatilidade, adequando-se a diversas aplica\u00e7\u00f5es, desde camisetas at\u00e9 pijamas. Produzida com algod\u00e3o certificado pela BCI (Better Cotton Iniciative), sua composi\u00e7\u00e3o oferece um toque agrad\u00e1vel e liberdade de movimento, tornando-a uma escolha excepcional para quem valoriza qualidade, responsabilidade ambiental e estilo<\/p>\n","protected":false},"featured_media":24829,"template":"","product_brand":[],"product_cat":[187],"product_tag":[],"class_list":{"0":"post-13135","1":"product","2":"type-product","3":"status-publish","4":"has-post-thumbnail","6":"product_cat-ultima-oportunidade","8":"first","9":"instock","10":"shipping-taxable","11":"product-type-simple"},"_links":{"self":[{"href":"https:\/\/fiosulmalhas.com.br\/site\/wp-json\/wp\/v2\/product\/13135","targetHints":{"allow":["GET"]}}],"collection":[{"href":"https:\/\/fiosulmalhas.com.br\/site\/wp-json\/wp\/v2\/product"}],"about":[{"href":"https:\/\/fiosulmalhas.com.br\/site\/wp-json\/wp\/v2\/types\/product"}],"version-history":[{"count":4,"href":"https:\/\/fiosulmalhas.com.br\/site\/wp-json\/wp\/v2\/product\/13135\/revisions"}],"predecessor-version":[{"id":24837,"href":"https:\/\/fiosulmalhas.com.br\/site\/wp-json\/wp\/v2\/product\/13135\/revisions\/24837"}],"wp:featuredmedia":[{"embeddable":true,"href":"https:\/\/fiosulmalhas.com.br\/site\/wp-json\/wp\/v2\/media\/24829"}],"wp:attachment":[{"href":"https:\/\/fiosulmalhas.com.br\/site\/wp-json\/wp\/v2\/media?parent=13135"}],"wp:term":[{"taxonomy":"product_brand","embeddable":true,"href":"https:\/\/fiosulmalhas.com.br\/site\/wp-json\/wp\/v2\/product_brand?post=13135"},{"taxonomy":"product_cat","embeddable":true,"href":"https:\/\/fiosulmalhas.com.br\/site\/wp-json\/wp\/v2\/product_cat?post=13135"},{"taxonomy":"product_tag","embeddable":true,"href":"https:\/\/fiosulmalhas.com.br\/site\/wp-json\/wp\/v2\/product_tag?post=13135"}],"curies":[{"name":"wp","href":"https:\/\/api.w.org\/{rel}","templated":true}]}}