{"id":13143,"date":"2024-04-25T20:15:02","date_gmt":"2024-04-25T20:15:02","guid":{"rendered":"https:\/\/fiosulmalhas.com.br\/site\/?post_type=product&#038;p=13143"},"modified":"2026-03-31T18:58:37","modified_gmt":"2026-03-31T18:58:37","slug":"214-rustic-tricot","status":"publish","type":"product","link":"https:\/\/fiosulmalhas.com.br\/site\/produto\/214-rustic-tricot\/","title":{"rendered":"214 RUSTIC TRICOT"},"content":{"rendered":"<p>Rustic Tricot \u00e9 uma malha confeccionada com Algod\u00e3o Sustent\u00e1vel BCI, assegurando processos de produ\u00e7\u00e3o \u00e9ticos e ambientalmente respons\u00e1veis. Inspirada na tend\u00eancia handmade e na crescente demanda por tricot, esta malha apresenta uma constru\u00e7\u00e3o estruturada com t\u00e9cnica de relevo exclusiva, conferindo uma est\u00e9tica r\u00fastica que harmoniza estilo, conforto e modernidade. Com o Rustic Tricot, suas pe\u00e7as ganham um visual aut\u00eantico, refletindo o compromisso com a sustentabilidade e a inova\u00e7\u00e3o no design.<\/p>\n","protected":false},"excerpt":{"rendered":"<p>Rustic Tricot \u00e9 uma malha confeccionada com Algod\u00e3o Sustent\u00e1vel BCI, assegurando processos de produ\u00e7\u00e3o \u00e9ticos e ambientalmente respons\u00e1veis. Inspirada na tend\u00eancia handmade e na crescente demanda por tricot, esta malha apresenta uma constru\u00e7\u00e3o estruturada com t\u00e9cnica de relevo exclusiva, conferindo uma est\u00e9tica r\u00fastica que harmoniza estilo, conforto e modernidade. Com o Rustic Tricot, suas pe\u00e7as ganham um visual aut\u00eantico, refletindo o compromisso com a sustentabilidade e a inova\u00e7\u00e3o no design.<\/p>\n","protected":false},"featured_media":24830,"template":"","product_brand":[],"product_cat":[187],"product_tag":[],"class_list":{"0":"post-13143","1":"product","2":"type-product","3":"status-publish","4":"has-post-thumbnail","6":"product_cat-ultima-oportunidade","8":"first","9":"instock","10":"shipping-taxable","11":"product-type-simple"},"_links":{"self":[{"href":"https:\/\/fiosulmalhas.com.br\/site\/wp-json\/wp\/v2\/product\/13143","targetHints":{"allow":["GET"]}}],"collection":[{"href":"https:\/\/fiosulmalhas.com.br\/site\/wp-json\/wp\/v2\/product"}],"about":[{"href":"https:\/\/fiosulmalhas.com.br\/site\/wp-json\/wp\/v2\/types\/product"}],"version-history":[{"count":4,"href":"https:\/\/fiosulmalhas.com.br\/site\/wp-json\/wp\/v2\/product\/13143\/revisions"}],"predecessor-version":[{"id":24838,"href":"https:\/\/fiosulmalhas.com.br\/site\/wp-json\/wp\/v2\/product\/13143\/revisions\/24838"}],"wp:featuredmedia":[{"embeddable":true,"href":"https:\/\/fiosulmalhas.com.br\/site\/wp-json\/wp\/v2\/media\/24830"}],"wp:attachment":[{"href":"https:\/\/fiosulmalhas.com.br\/site\/wp-json\/wp\/v2\/media?parent=13143"}],"wp:term":[{"taxonomy":"product_brand","embeddable":true,"href":"https:\/\/fiosulmalhas.com.br\/site\/wp-json\/wp\/v2\/product_brand?post=13143"},{"taxonomy":"product_cat","embeddable":true,"href":"https:\/\/fiosulmalhas.com.br\/site\/wp-json\/wp\/v2\/product_cat?post=13143"},{"taxonomy":"product_tag","embeddable":true,"href":"https:\/\/fiosulmalhas.com.br\/site\/wp-json\/wp\/v2\/product_tag?post=13143"}],"curies":[{"name":"wp","href":"https:\/\/api.w.org\/{rel}","templated":true}]}}