{"id":13163,"date":"2024-04-26T11:13:54","date_gmt":"2024-04-26T11:13:54","guid":{"rendered":"https:\/\/fiosulmalhas.com.br\/site\/?post_type=product&#038;p=13163"},"modified":"2026-03-31T19:04:39","modified_gmt":"2026-03-31T19:04:39","slug":"257-double-mesh","status":"publish","type":"product","link":"https:\/\/fiosulmalhas.com.br\/site\/produto\/257-double-mesh\/","title":{"rendered":"257 DOUBLE MESH"},"content":{"rendered":"<p>Double Mesh se destaca como uma op\u00e7\u00e3o ideal para quem deseja inovar e agregar estilo \u00e0s suas cria\u00e7\u00f5es, gra\u00e7as a sua textura r\u00fastica e marcante. Com toque agrad\u00e1vel, essa \u00e9 uma base dupla face, que amplia a versatilidade de confec\u00e7\u00e3o, permitindo designs diversificados. Al\u00e9m disso, ela \u00e9 produzida com fibra natural de algod\u00e3o certificado pelo BCI, garantindo n\u00e3o apenas a qualidade do material, mas tamb\u00e9m o compromisso com pr\u00e1ticas \u00e9ticas e sustent\u00e1veis de produ\u00e7\u00e3o.<\/p>\n","protected":false},"excerpt":{"rendered":"<p>Double Mesh se destaca como uma op\u00e7\u00e3o ideal para quem deseja inovar e agregar estilo \u00e0s suas cria\u00e7\u00f5es, gra\u00e7as a sua textura r\u00fastica e marcante. Com toque agrad\u00e1vel, essa \u00e9 uma base dupla face, que amplia a versatilidade de confec\u00e7\u00e3o, permitindo designs diversificados. Al\u00e9m disso, ela \u00e9 produzida com fibra natural de algod\u00e3o certificado pelo BCI, garantindo n\u00e3o apenas a qualidade do material, mas tamb\u00e9m o compromisso com pr\u00e1ticas \u00e9ticas e sustent\u00e1veis de produ\u00e7\u00e3o.<\/p>\n","protected":false},"featured_media":24831,"template":"","product_brand":[],"product_cat":[187],"product_tag":[],"class_list":{"0":"post-13163","1":"product","2":"type-product","3":"status-publish","4":"has-post-thumbnail","6":"product_cat-ultima-oportunidade","8":"first","9":"instock","10":"shipping-taxable","11":"product-type-simple"},"_links":{"self":[{"href":"https:\/\/fiosulmalhas.com.br\/site\/wp-json\/wp\/v2\/product\/13163","targetHints":{"allow":["GET"]}}],"collection":[{"href":"https:\/\/fiosulmalhas.com.br\/site\/wp-json\/wp\/v2\/product"}],"about":[{"href":"https:\/\/fiosulmalhas.com.br\/site\/wp-json\/wp\/v2\/types\/product"}],"version-history":[{"count":5,"href":"https:\/\/fiosulmalhas.com.br\/site\/wp-json\/wp\/v2\/product\/13163\/revisions"}],"predecessor-version":[{"id":17904,"href":"https:\/\/fiosulmalhas.com.br\/site\/wp-json\/wp\/v2\/product\/13163\/revisions\/17904"}],"wp:featuredmedia":[{"embeddable":true,"href":"https:\/\/fiosulmalhas.com.br\/site\/wp-json\/wp\/v2\/media\/24831"}],"wp:attachment":[{"href":"https:\/\/fiosulmalhas.com.br\/site\/wp-json\/wp\/v2\/media?parent=13163"}],"wp:term":[{"taxonomy":"product_brand","embeddable":true,"href":"https:\/\/fiosulmalhas.com.br\/site\/wp-json\/wp\/v2\/product_brand?post=13163"},{"taxonomy":"product_cat","embeddable":true,"href":"https:\/\/fiosulmalhas.com.br\/site\/wp-json\/wp\/v2\/product_cat?post=13163"},{"taxonomy":"product_tag","embeddable":true,"href":"https:\/\/fiosulmalhas.com.br\/site\/wp-json\/wp\/v2\/product_tag?post=13163"}],"curies":[{"name":"wp","href":"https:\/\/api.w.org\/{rel}","templated":true}]}}