{"id":13194,"date":"2024-04-26T11:30:46","date_gmt":"2024-04-26T11:30:46","guid":{"rendered":"https:\/\/fiosulmalhas.com.br\/site\/?post_type=product&#038;p=13194"},"modified":"2026-03-12T17:02:42","modified_gmt":"2026-03-12T17:02:42","slug":"494-montaria-light","status":"publish","type":"product","link":"https:\/\/fiosulmalhas.com.br\/site\/produto\/494-montaria-light\/","title":{"rendered":"494 MONTARIA LIGHT"},"content":{"rendered":"<p>A Montaria Light \u00e9 resultado de uma combina\u00e7\u00e3o equilibrada entre poliamida, poli\u00e9ster e elastano. Esta base se destaca por sua estrutura robusta, trama densa e compacta, que proporciona um toque extremamente agrad\u00e1vel. Vers\u00e1til, adapta-se a diversos segmentos da moda, especialmente na cria\u00e7\u00e3o de pe\u00e7as casuais que unem eleg\u00e2ncia e conforto. Al\u00e9m disso, a Montaria Light oferece prote\u00e7\u00e3o UV50+, garantindo estilo e seguran\u00e7a contra os raios solares no dia a dia.<\/p>\n","protected":false},"excerpt":{"rendered":"<p>A Montaria Light \u00e9 resultado de uma combina\u00e7\u00e3o equilibrada entre poliamida, poli\u00e9ster e elastano. Esta base se destaca por sua estrutura robusta, trama densa e compacta, que proporciona um toque extremamente agrad\u00e1vel. Vers\u00e1til, adapta-se a diversos segmentos da moda, especialmente na cria\u00e7\u00e3o de pe\u00e7as casuais que unem eleg\u00e2ncia e conforto. Al\u00e9m disso, a Montaria Light oferece prote\u00e7\u00e3o UV50+, garantindo estilo e seguran\u00e7a contra os raios solares no dia a dia.<\/p>\n","protected":false},"featured_media":24192,"template":"","product_brand":[],"product_cat":[187],"product_tag":[],"class_list":{"0":"post-13194","1":"product","2":"type-product","3":"status-publish","4":"has-post-thumbnail","6":"product_cat-ultima-oportunidade","8":"first","9":"instock","10":"shipping-taxable","11":"product-type-simple"},"_links":{"self":[{"href":"https:\/\/fiosulmalhas.com.br\/site\/wp-json\/wp\/v2\/product\/13194","targetHints":{"allow":["GET"]}}],"collection":[{"href":"https:\/\/fiosulmalhas.com.br\/site\/wp-json\/wp\/v2\/product"}],"about":[{"href":"https:\/\/fiosulmalhas.com.br\/site\/wp-json\/wp\/v2\/types\/product"}],"version-history":[{"count":3,"href":"https:\/\/fiosulmalhas.com.br\/site\/wp-json\/wp\/v2\/product\/13194\/revisions"}],"predecessor-version":[{"id":13882,"href":"https:\/\/fiosulmalhas.com.br\/site\/wp-json\/wp\/v2\/product\/13194\/revisions\/13882"}],"wp:featuredmedia":[{"embeddable":true,"href":"https:\/\/fiosulmalhas.com.br\/site\/wp-json\/wp\/v2\/media\/24192"}],"wp:attachment":[{"href":"https:\/\/fiosulmalhas.com.br\/site\/wp-json\/wp\/v2\/media?parent=13194"}],"wp:term":[{"taxonomy":"product_brand","embeddable":true,"href":"https:\/\/fiosulmalhas.com.br\/site\/wp-json\/wp\/v2\/product_brand?post=13194"},{"taxonomy":"product_cat","embeddable":true,"href":"https:\/\/fiosulmalhas.com.br\/site\/wp-json\/wp\/v2\/product_cat?post=13194"},{"taxonomy":"product_tag","embeddable":true,"href":"https:\/\/fiosulmalhas.com.br\/site\/wp-json\/wp\/v2\/product_tag?post=13194"}],"curies":[{"name":"wp","href":"https:\/\/api.w.org\/{rel}","templated":true}]}}