{"id":13207,"date":"2024-04-26T11:38:52","date_gmt":"2024-04-26T11:38:52","guid":{"rendered":"https:\/\/fiosulmalhas.com.br\/site\/?post_type=product&#038;p=13207"},"modified":"2026-04-13T19:24:26","modified_gmt":"2026-04-13T19:24:26","slug":"640-california","status":"publish","type":"product","link":"https:\/\/fiosulmalhas.com.br\/site\/produto\/640-california\/","title":{"rendered":"640 CALIF\u00d3RNIA"},"content":{"rendered":"\t\t<div data-elementor-type=\"product-post\" data-elementor-id=\"13207\" class=\"elementor elementor-13207\" data-elementor-post-type=\"product\">\n\t\t\t\t<div class=\"elementor-element elementor-element-1ebdf19d e-flex e-con-boxed wpr-particle-no wpr-sticky-section-no e-con e-parent\" data-id=\"1ebdf19d\" data-element_type=\"container\" data-e-type=\"container\" data-settings=\"{&quot;jet_parallax_layout_list&quot;:[]}\">\n\t\t\t\t\t<div class=\"e-con-inner\">\n\t\t\t\t<div class=\"elementor-element elementor-element-56cff433 elementor-widget elementor-widget-text-editor\" data-id=\"56cff433\" data-element_type=\"widget\" data-e-type=\"widget\" data-widget_type=\"text-editor.default\">\n\t\t\t\t<div class=\"elementor-widget-container\">\n\t\t\t\t\t\t\t\t\t<p><span style=\"font-weight: 400;\">CALIF\u00d3RNIA \u00e9 uma malha em poliamida com elastano, com estrutura de microfuros que favorece a ventila\u00e7\u00e3o e o conforto em dias quentes. Apresenta padr\u00e3o inspirado no Chevron, agregando visual esportivo \u00e0s pe\u00e7as. Com toque gelado e bom desempenho no uso, \u00e9 indicada para produ\u00e7\u00f5es esportivas e casuais.<\/span><\/p>\t\t\t\t\t\t\t\t<\/div>\n\t\t\t\t<\/div>\n\t\t\t\t\t<\/div>\n\t\t\t\t<\/div>\n\t\t\t\t<\/div>\n\t\t","protected":false},"excerpt":{"rendered":"<p>CALIF\u00d3RNIA \u00e9 uma malha em poliamida com elastano, com estrutura de microfuros que favorece a ventila\u00e7\u00e3o e o conforto em dias quentes. Apresenta padr\u00e3o inspirado no Chevron, agregando visual esportivo \u00e0s pe\u00e7as. Com toque gelado e bom desempenho no uso, \u00e9 indicada para produ\u00e7\u00f5es esportivas e casuais.<\/p>\n","protected":false},"featured_media":23814,"template":"","product_brand":[],"product_cat":[46],"product_tag":[],"class_list":{"0":"post-13207","1":"product","2":"type-product","3":"status-publish","4":"has-post-thumbnail","6":"product_cat-poliamida-c-elastano","8":"first","9":"instock","10":"shipping-taxable","11":"product-type-simple"},"_links":{"self":[{"href":"https:\/\/fiosulmalhas.com.br\/site\/wp-json\/wp\/v2\/product\/13207","targetHints":{"allow":["GET"]}}],"collection":[{"href":"https:\/\/fiosulmalhas.com.br\/site\/wp-json\/wp\/v2\/product"}],"about":[{"href":"https:\/\/fiosulmalhas.com.br\/site\/wp-json\/wp\/v2\/types\/product"}],"version-history":[{"count":7,"href":"https:\/\/fiosulmalhas.com.br\/site\/wp-json\/wp\/v2\/product\/13207\/revisions"}],"predecessor-version":[{"id":24964,"href":"https:\/\/fiosulmalhas.com.br\/site\/wp-json\/wp\/v2\/product\/13207\/revisions\/24964"}],"wp:featuredmedia":[{"embeddable":true,"href":"https:\/\/fiosulmalhas.com.br\/site\/wp-json\/wp\/v2\/media\/23814"}],"wp:attachment":[{"href":"https:\/\/fiosulmalhas.com.br\/site\/wp-json\/wp\/v2\/media?parent=13207"}],"wp:term":[{"taxonomy":"product_brand","embeddable":true,"href":"https:\/\/fiosulmalhas.com.br\/site\/wp-json\/wp\/v2\/product_brand?post=13207"},{"taxonomy":"product_cat","embeddable":true,"href":"https:\/\/fiosulmalhas.com.br\/site\/wp-json\/wp\/v2\/product_cat?post=13207"},{"taxonomy":"product_tag","embeddable":true,"href":"https:\/\/fiosulmalhas.com.br\/site\/wp-json\/wp\/v2\/product_tag?post=13207"}],"curies":[{"name":"wp","href":"https:\/\/api.w.org\/{rel}","templated":true}]}}