{"id":13217,"date":"2024-04-26T11:56:09","date_gmt":"2024-04-26T11:56:09","guid":{"rendered":"https:\/\/fiosulmalhas.com.br\/site\/?post_type=product&#038;p=13217"},"modified":"2026-04-13T19:46:29","modified_gmt":"2026-04-13T19:46:29","slug":"717-piquet-loose","status":"publish","type":"product","link":"https:\/\/fiosulmalhas.com.br\/site\/produto\/717-piquet-loose\/","title":{"rendered":"717 PIQUET LOOSE"},"content":{"rendered":"\t\t<div data-elementor-type=\"product-post\" data-elementor-id=\"13217\" class=\"elementor elementor-13217\" data-elementor-post-type=\"product\">\n\t\t\t\t<div class=\"elementor-element elementor-element-2f440caf e-flex e-con-boxed wpr-particle-no wpr-sticky-section-no e-con e-parent\" data-id=\"2f440caf\" data-element_type=\"container\" data-e-type=\"container\" data-settings=\"{&quot;jet_parallax_layout_list&quot;:[]}\">\n\t\t\t\t\t<div class=\"e-con-inner\">\n\t\t\t\t<div class=\"elementor-element elementor-element-cab9dc5 elementor-widget elementor-widget-text-editor\" data-id=\"cab9dc5\" data-element_type=\"widget\" data-e-type=\"widget\" data-widget_type=\"text-editor.default\">\n\t\t\t\t<div class=\"elementor-widget-container\">\n\t\t\t\t\t\t\t\t\t<p><span style=\"font-weight: 400;\">PIQUET LOOSE \u00e9 uma malha poliamida com constru\u00e7\u00e3o em micropiquet, que proporciona leveza, maleabilidade e caimento solto. Sua estrutura confere visual minimalista e acabamento mais refinado \u00e0s pe\u00e7as. Com toque gelado e bom desempenho em ambientes quentes, \u00e9 indicada para produ\u00e7\u00f5es que priorizam conforto e uso ao ar livre.<\/span><span style=\"font-weight: 400;\"><br \/><\/span><\/p>\t\t\t\t\t\t\t\t<\/div>\n\t\t\t\t<\/div>\n\t\t\t\t\t<\/div>\n\t\t\t\t<\/div>\n\t\t\t\t<\/div>\n\t\t","protected":false},"excerpt":{"rendered":"<p>PIQUET LOOSE \u00e9 uma malha poliamida com constru\u00e7\u00e3o em micropiquet, que proporciona leveza, maleabilidade e caimento solto. Sua estrutura confere visual minimalista e acabamento mais refinado \u00e0s pe\u00e7as. Com toque gelado e bom desempenho em ambientes quentes, \u00e9 indicada para produ\u00e7\u00f5es que priorizam conforto e uso ao ar livre.<\/p>\n","protected":false},"featured_media":23817,"template":"","product_brand":[],"product_cat":[46],"product_tag":[],"class_list":{"0":"post-13217","1":"product","2":"type-product","3":"status-publish","4":"has-post-thumbnail","6":"product_cat-poliamida-c-elastano","8":"first","9":"instock","10":"shipping-taxable","11":"product-type-simple"},"_links":{"self":[{"href":"https:\/\/fiosulmalhas.com.br\/site\/wp-json\/wp\/v2\/product\/13217","targetHints":{"allow":["GET"]}}],"collection":[{"href":"https:\/\/fiosulmalhas.com.br\/site\/wp-json\/wp\/v2\/product"}],"about":[{"href":"https:\/\/fiosulmalhas.com.br\/site\/wp-json\/wp\/v2\/types\/product"}],"version-history":[{"count":9,"href":"https:\/\/fiosulmalhas.com.br\/site\/wp-json\/wp\/v2\/product\/13217\/revisions"}],"predecessor-version":[{"id":24983,"href":"https:\/\/fiosulmalhas.com.br\/site\/wp-json\/wp\/v2\/product\/13217\/revisions\/24983"}],"wp:featuredmedia":[{"embeddable":true,"href":"https:\/\/fiosulmalhas.com.br\/site\/wp-json\/wp\/v2\/media\/23817"}],"wp:attachment":[{"href":"https:\/\/fiosulmalhas.com.br\/site\/wp-json\/wp\/v2\/media?parent=13217"}],"wp:term":[{"taxonomy":"product_brand","embeddable":true,"href":"https:\/\/fiosulmalhas.com.br\/site\/wp-json\/wp\/v2\/product_brand?post=13217"},{"taxonomy":"product_cat","embeddable":true,"href":"https:\/\/fiosulmalhas.com.br\/site\/wp-json\/wp\/v2\/product_cat?post=13217"},{"taxonomy":"product_tag","embeddable":true,"href":"https:\/\/fiosulmalhas.com.br\/site\/wp-json\/wp\/v2\/product_tag?post=13217"}],"curies":[{"name":"wp","href":"https:\/\/api.w.org\/{rel}","templated":true}]}}