{"id":13226,"date":"2024-04-26T12:01:12","date_gmt":"2024-04-26T12:01:12","guid":{"rendered":"https:\/\/fiosulmalhas.com.br\/site\/?post_type=product&#038;p=13226"},"modified":"2026-03-12T17:07:33","modified_gmt":"2026-03-12T17:07:33","slug":"750-action","status":"publish","type":"product","link":"https:\/\/fiosulmalhas.com.br\/site\/produto\/750-action\/","title":{"rendered":"750 ACTION"},"content":{"rendered":"<p>O Action \u00e9 uma malha tecnol\u00f3gica e projetada para oferecer alto desempenho. Com textura cotel\u00ea e superf\u00edcie fosca, ela pode ser utilizada para a produ\u00e7\u00e3o de pe\u00e7as \u00fanicas e tamb\u00e9m na composi\u00e7\u00e3o de detalhes. Possui prote\u00e7\u00e3o UV 50+, capaz de bloquear pelo menos 98% dos raios UV e tecnologia dry, que proporciona uma r\u00e1pida absor\u00e7\u00e3o e evapora\u00e7\u00e3o do suor e da umidade<br \/>\ncorporal. Produzida em poliamida e elastano, essa base oferece elasticidade e o power ideal para a produ\u00e7\u00e3o de moda praia, fitness e at\u00e9 casual.<\/p>\n","protected":false},"excerpt":{"rendered":"<p>O Action \u00e9 uma malha tecnol\u00f3gica e projetada para oferecer alto desempenho. Com textura cotel\u00ea e superf\u00edcie fosca, ela pode ser utilizada para a produ\u00e7\u00e3o de pe\u00e7as \u00fanicas e tamb\u00e9m na composi\u00e7\u00e3o de detalhes. Possui prote\u00e7\u00e3o UV 50+, capaz de bloquear pelo menos 98% dos raios UV e tecnologia dry, que proporciona uma r\u00e1pida absor\u00e7\u00e3o e evapora\u00e7\u00e3o do suor e da umidade corporal. Produzida em poliamida e elastano, essa base oferece elasticidade e o power ideal para a produ\u00e7\u00e3o de moda praia, fitness e at\u00e9 casual.<\/p>\n","protected":false},"featured_media":24195,"template":"","product_brand":[],"product_cat":[187],"product_tag":[],"class_list":{"0":"post-13226","1":"product","2":"type-product","3":"status-publish","4":"has-post-thumbnail","6":"product_cat-ultima-oportunidade","8":"first","9":"instock","10":"shipping-taxable","11":"product-type-simple"},"_links":{"self":[{"href":"https:\/\/fiosulmalhas.com.br\/site\/wp-json\/wp\/v2\/product\/13226","targetHints":{"allow":["GET"]}}],"collection":[{"href":"https:\/\/fiosulmalhas.com.br\/site\/wp-json\/wp\/v2\/product"}],"about":[{"href":"https:\/\/fiosulmalhas.com.br\/site\/wp-json\/wp\/v2\/types\/product"}],"version-history":[{"count":2,"href":"https:\/\/fiosulmalhas.com.br\/site\/wp-json\/wp\/v2\/product\/13226\/revisions"}],"predecessor-version":[{"id":13883,"href":"https:\/\/fiosulmalhas.com.br\/site\/wp-json\/wp\/v2\/product\/13226\/revisions\/13883"}],"wp:featuredmedia":[{"embeddable":true,"href":"https:\/\/fiosulmalhas.com.br\/site\/wp-json\/wp\/v2\/media\/24195"}],"wp:attachment":[{"href":"https:\/\/fiosulmalhas.com.br\/site\/wp-json\/wp\/v2\/media?parent=13226"}],"wp:term":[{"taxonomy":"product_brand","embeddable":true,"href":"https:\/\/fiosulmalhas.com.br\/site\/wp-json\/wp\/v2\/product_brand?post=13226"},{"taxonomy":"product_cat","embeddable":true,"href":"https:\/\/fiosulmalhas.com.br\/site\/wp-json\/wp\/v2\/product_cat?post=13226"},{"taxonomy":"product_tag","embeddable":true,"href":"https:\/\/fiosulmalhas.com.br\/site\/wp-json\/wp\/v2\/product_tag?post=13226"}],"curies":[{"name":"wp","href":"https:\/\/api.w.org\/{rel}","templated":true}]}}