{"id":13266,"date":"2024-04-26T12:25:11","date_gmt":"2024-04-26T12:25:11","guid":{"rendered":"https:\/\/fiosulmalhas.com.br\/site\/?post_type=product&#038;p=13266"},"modified":"2026-04-13T13:11:14","modified_gmt":"2026-04-13T13:11:14","slug":"810-speed-dry","status":"publish","type":"product","link":"https:\/\/fiosulmalhas.com.br\/site\/produto\/810-speed-dry\/","title":{"rendered":"810 SPEED DRY"},"content":{"rendered":"\t\t<div data-elementor-type=\"product-post\" data-elementor-id=\"13266\" class=\"elementor elementor-13266\" data-elementor-post-type=\"product\">\n\t\t\t\t<div class=\"elementor-element elementor-element-45d97512 e-flex e-con-boxed wpr-particle-no wpr-sticky-section-no e-con e-parent\" data-id=\"45d97512\" data-element_type=\"container\" data-e-type=\"container\" data-settings=\"{&quot;jet_parallax_layout_list&quot;:[]}\">\n\t\t\t\t\t<div class=\"e-con-inner\">\n\t\t\t\t<div class=\"elementor-element elementor-element-4fabd830 elementor-widget elementor-widget-text-editor\" data-id=\"4fabd830\" data-element_type=\"widget\" data-e-type=\"widget\" data-widget_type=\"text-editor.default\">\n\t\t\t\t<div class=\"elementor-widget-container\">\n\t\t\t\t\t\t\t\t\t<p><span style=\"font-weight: 400;\">SPEED DRY \u00e9 uma malha dupla face com constru\u00e7\u00e3o funcional. Sua face principal apresenta superf\u00edcie texturizada, agregando valor est\u00e9tico \u00e0s pe\u00e7as finais. Mesmo sem elastano na composi\u00e7\u00e3o, possui stretch mec\u00e2nico que favorece a flexibilidade e o caimento. Leve e respir\u00e1vel, \u00e9 indicada para regatas, camisetas fitness e terceiras pe\u00e7as, unindo conforto e desempenho no uso.<\/span><\/p>\t\t\t\t\t\t\t\t<\/div>\n\t\t\t\t<\/div>\n\t\t\t\t\t<\/div>\n\t\t\t\t<\/div>\n\t\t\t\t<\/div>\n\t\t","protected":false},"excerpt":{"rendered":"<p>SPEED DRY \u00e9 uma malha dupla face com constru\u00e7\u00e3o funcional. Sua face principal apresenta superf\u00edcie texturizada, agregando valor est\u00e9tico \u00e0s pe\u00e7as finais. Mesmo sem elastano na composi\u00e7\u00e3o, possui stretch mec\u00e2nico que favorece a flexibilidade e o caimento. Leve e respir\u00e1vel, \u00e9 indicada para regatas, camisetas fitness e terceiras pe\u00e7as, unindo conforto e desempenho no uso.<\/p>\n","protected":false},"featured_media":23784,"template":"","product_brand":[],"product_cat":[41],"product_tag":[],"class_list":{"0":"post-13266","1":"product","2":"type-product","3":"status-publish","4":"has-post-thumbnail","6":"product_cat-100-poliester","8":"first","9":"instock","10":"shipping-taxable","11":"product-type-simple"},"_links":{"self":[{"href":"https:\/\/fiosulmalhas.com.br\/site\/wp-json\/wp\/v2\/product\/13266","targetHints":{"allow":["GET"]}}],"collection":[{"href":"https:\/\/fiosulmalhas.com.br\/site\/wp-json\/wp\/v2\/product"}],"about":[{"href":"https:\/\/fiosulmalhas.com.br\/site\/wp-json\/wp\/v2\/types\/product"}],"version-history":[{"count":8,"href":"https:\/\/fiosulmalhas.com.br\/site\/wp-json\/wp\/v2\/product\/13266\/revisions"}],"predecessor-version":[{"id":24811,"href":"https:\/\/fiosulmalhas.com.br\/site\/wp-json\/wp\/v2\/product\/13266\/revisions\/24811"}],"wp:featuredmedia":[{"embeddable":true,"href":"https:\/\/fiosulmalhas.com.br\/site\/wp-json\/wp\/v2\/media\/23784"}],"wp:attachment":[{"href":"https:\/\/fiosulmalhas.com.br\/site\/wp-json\/wp\/v2\/media?parent=13266"}],"wp:term":[{"taxonomy":"product_brand","embeddable":true,"href":"https:\/\/fiosulmalhas.com.br\/site\/wp-json\/wp\/v2\/product_brand?post=13266"},{"taxonomy":"product_cat","embeddable":true,"href":"https:\/\/fiosulmalhas.com.br\/site\/wp-json\/wp\/v2\/product_cat?post=13266"},{"taxonomy":"product_tag","embeddable":true,"href":"https:\/\/fiosulmalhas.com.br\/site\/wp-json\/wp\/v2\/product_tag?post=13266"}],"curies":[{"name":"wp","href":"https:\/\/api.w.org\/{rel}","templated":true}]}}