{"id":13283,"date":"2024-04-26T12:31:24","date_gmt":"2024-04-26T12:31:24","guid":{"rendered":"https:\/\/fiosulmalhas.com.br\/site\/?post_type=product&#038;p=13283"},"modified":"2026-03-12T17:11:22","modified_gmt":"2026-03-12T17:11:22","slug":"855-malha-glow","status":"publish","type":"product","link":"https:\/\/fiosulmalhas.com.br\/site\/produto\/855-malha-glow\/","title":{"rendered":"855 MALHA GLOW"},"content":{"rendered":"<p>A Glow \u00e9 uma base texturizada e com pontos de luz, que formam um delicado padr\u00e3o de mini po\u00e1. Produzida em poliamida e com o toque certo de elastano, ela possui strech bidimensional, que garante um ajuste perfeito ao corpo. Al\u00e9m de beleza, esta malha \u00e9 sin\u00f4nimo de qualidade. Sua estrutura combina resist\u00eancia, maciez e durabilidade, enquanto a tecnologia dry garante<br \/>\nexcelente respirabilidade, tornando-a uma \u00f3tima op\u00e7\u00e3o para a confec\u00e7\u00e3o de artigos para a moda fitness.<\/p>\n","protected":false},"excerpt":{"rendered":"<p>A Glow \u00e9 uma base texturizada e com pontos de luz, que formam um delicado padr\u00e3o de mini po\u00e1. Produzida em poliamida e com o toque certo de elastano, ela possui strech bidimensional, que garante um ajuste perfeito ao corpo. Al\u00e9m de beleza, esta malha \u00e9 sin\u00f4nimo de qualidade. Sua estrutura combina resist\u00eancia, maciez e durabilidade, enquanto a tecnologia dry garante excelente respirabilidade, tornando-a uma \u00f3tima op\u00e7\u00e3o para a confec\u00e7\u00e3o de artigos para a moda fitness.<\/p>\n","protected":false},"featured_media":24197,"template":"","product_brand":[],"product_cat":[187],"product_tag":[],"class_list":{"0":"post-13283","1":"product","2":"type-product","3":"status-publish","4":"has-post-thumbnail","6":"product_cat-ultima-oportunidade","8":"first","9":"instock","10":"shipping-taxable","11":"product-type-simple"},"_links":{"self":[{"href":"https:\/\/fiosulmalhas.com.br\/site\/wp-json\/wp\/v2\/product\/13283","targetHints":{"allow":["GET"]}}],"collection":[{"href":"https:\/\/fiosulmalhas.com.br\/site\/wp-json\/wp\/v2\/product"}],"about":[{"href":"https:\/\/fiosulmalhas.com.br\/site\/wp-json\/wp\/v2\/types\/product"}],"version-history":[{"count":4,"href":"https:\/\/fiosulmalhas.com.br\/site\/wp-json\/wp\/v2\/product\/13283\/revisions"}],"predecessor-version":[{"id":14956,"href":"https:\/\/fiosulmalhas.com.br\/site\/wp-json\/wp\/v2\/product\/13283\/revisions\/14956"}],"wp:featuredmedia":[{"embeddable":true,"href":"https:\/\/fiosulmalhas.com.br\/site\/wp-json\/wp\/v2\/media\/24197"}],"wp:attachment":[{"href":"https:\/\/fiosulmalhas.com.br\/site\/wp-json\/wp\/v2\/media?parent=13283"}],"wp:term":[{"taxonomy":"product_brand","embeddable":true,"href":"https:\/\/fiosulmalhas.com.br\/site\/wp-json\/wp\/v2\/product_brand?post=13283"},{"taxonomy":"product_cat","embeddable":true,"href":"https:\/\/fiosulmalhas.com.br\/site\/wp-json\/wp\/v2\/product_cat?post=13283"},{"taxonomy":"product_tag","embeddable":true,"href":"https:\/\/fiosulmalhas.com.br\/site\/wp-json\/wp\/v2\/product_tag?post=13283"}],"curies":[{"name":"wp","href":"https:\/\/api.w.org\/{rel}","templated":true}]}}