{"id":13535,"date":"2024-10-28T18:39:51","date_gmt":"2024-10-28T18:39:51","guid":{"rendered":"https:\/\/fiosulmalhas.com.br\/site\/?post_type=product&#038;p=13535"},"modified":"2026-03-30T19:59:59","modified_gmt":"2026-03-30T19:59:59","slug":"403-malha-pp-antipilling-ramada","status":"publish","type":"product","link":"https:\/\/fiosulmalhas.com.br\/site\/produto\/403-malha-pp-antipilling-ramada\/","title":{"rendered":"403 MALHA PP ANTIPILLING RAMADA"},"content":{"rendered":"\t\t<div data-elementor-type=\"product-post\" data-elementor-id=\"13535\" class=\"elementor elementor-13535\" data-elementor-post-type=\"product\">\n\t\t\t\t<div class=\"elementor-element elementor-element-226c9f43 e-flex e-con-boxed wpr-particle-no wpr-sticky-section-no e-con e-parent\" data-id=\"226c9f43\" data-element_type=\"container\" data-e-type=\"container\" data-settings=\"{&quot;jet_parallax_layout_list&quot;:[]}\">\n\t\t\t\t\t<div class=\"e-con-inner\">\n\t\t\t\t<div class=\"elementor-element elementor-element-4a009892 elementor-widget elementor-widget-text-editor\" data-id=\"4a009892\" data-element_type=\"widget\" data-e-type=\"widget\" data-widget_type=\"text-editor.default\">\n\t\t\t\t<div class=\"elementor-widget-container\">\n\t\t\t\t\t\t\t\t\t<p><span style=\"font-weight: 400;\">PP ANTIPILLING RAMADA \u00e9 uma malha que se destaca pela durabilidade, baixo encolhimento e resist\u00eancia \u00e0 amassados. Conta com tecnologia antipilling, que reduz a forma\u00e7\u00e3o de bolinhas e contribui para a manuten\u00e7\u00e3o da apar\u00eancia das pe\u00e7as ao longo do uso. Indicada para aplica\u00e7\u00f5es no segmento de moda e uso profissional, unindo qualidade e desempenho<\/span>.<\/p>\t\t\t\t\t\t\t\t<\/div>\n\t\t\t\t<\/div>\n\t\t\t\t\t<\/div>\n\t\t\t\t<\/div>\n\t\t\t\t<\/div>\n\t\t","protected":false},"excerpt":{"rendered":"<p>PP ANTIPILLING RAMADA \u00e9 uma malha que se destaca pela durabilidade, baixo encolhimento e resist\u00eancia \u00e0 amassados. Conta com tecnologia antipilling, que reduz a forma\u00e7\u00e3o de bolinhas e contribui para a manuten\u00e7\u00e3o da apar\u00eancia das pe\u00e7as ao longo do uso. Indicada para aplica\u00e7\u00f5es no segmento de moda e uso profissional, unindo qualidade e desempenho.<\/p>\n","protected":false},"featured_media":23778,"template":"","product_brand":[],"product_cat":[41],"product_tag":[],"class_list":{"0":"post-13535","1":"product","2":"type-product","3":"status-publish","4":"has-post-thumbnail","6":"product_cat-100-poliester","8":"first","9":"instock","10":"shipping-taxable","11":"product-type-simple"},"_links":{"self":[{"href":"https:\/\/fiosulmalhas.com.br\/site\/wp-json\/wp\/v2\/product\/13535","targetHints":{"allow":["GET"]}}],"collection":[{"href":"https:\/\/fiosulmalhas.com.br\/site\/wp-json\/wp\/v2\/product"}],"about":[{"href":"https:\/\/fiosulmalhas.com.br\/site\/wp-json\/wp\/v2\/types\/product"}],"version-history":[{"count":12,"href":"https:\/\/fiosulmalhas.com.br\/site\/wp-json\/wp\/v2\/product\/13535\/revisions"}],"predecessor-version":[{"id":24773,"href":"https:\/\/fiosulmalhas.com.br\/site\/wp-json\/wp\/v2\/product\/13535\/revisions\/24773"}],"wp:featuredmedia":[{"embeddable":true,"href":"https:\/\/fiosulmalhas.com.br\/site\/wp-json\/wp\/v2\/media\/23778"}],"wp:attachment":[{"href":"https:\/\/fiosulmalhas.com.br\/site\/wp-json\/wp\/v2\/media?parent=13535"}],"wp:term":[{"taxonomy":"product_brand","embeddable":true,"href":"https:\/\/fiosulmalhas.com.br\/site\/wp-json\/wp\/v2\/product_brand?post=13535"},{"taxonomy":"product_cat","embeddable":true,"href":"https:\/\/fiosulmalhas.com.br\/site\/wp-json\/wp\/v2\/product_cat?post=13535"},{"taxonomy":"product_tag","embeddable":true,"href":"https:\/\/fiosulmalhas.com.br\/site\/wp-json\/wp\/v2\/product_tag?post=13535"}],"curies":[{"name":"wp","href":"https:\/\/api.w.org\/{rel}","templated":true}]}}