{"id":13547,"date":"2024-10-28T19:08:39","date_gmt":"2024-10-28T19:08:39","guid":{"rendered":"https:\/\/fiosulmalhas.com.br\/site\/?post_type=product&#038;p=13547"},"modified":"2026-04-14T16:23:23","modified_gmt":"2026-04-14T16:23:23","slug":"176-malha-eco-linho-ramada","status":"publish","type":"product","link":"https:\/\/fiosulmalhas.com.br\/site\/produto\/176-malha-eco-linho-ramada\/","title":{"rendered":"176 MALHA ECO LINHO RAMADA"},"content":{"rendered":"\t\t<div data-elementor-type=\"product-post\" data-elementor-id=\"13547\" class=\"elementor elementor-13547\" data-elementor-post-type=\"product\">\n\t\t\t\t<div class=\"elementor-element elementor-element-7fcf079e e-flex e-con-boxed wpr-particle-no wpr-sticky-section-no e-con e-parent\" data-id=\"7fcf079e\" data-element_type=\"container\" data-e-type=\"container\" data-settings=\"{&quot;jet_parallax_layout_list&quot;:[]}\">\n\t\t\t\t\t<div class=\"e-con-inner\">\n\t\t\t\t<div class=\"elementor-element elementor-element-7c3e4e33 elementor-widget elementor-widget-text-editor\" data-id=\"7c3e4e33\" data-element_type=\"widget\" data-e-type=\"widget\" data-widget_type=\"text-editor.default\">\n\t\t\t\t<div class=\"elementor-widget-container\">\n\t\t\t\t\t\t\t\t\t<p><span style=\"font-weight: 400;\">ECO LINHO RAMADA \u00e9 uma malha produzida com linho certificado, algod\u00e3o BCI e poli\u00e9ster PET reciclado, com acabamento em rama que contribui para a estabilidade dimensional. Apresenta toque suave e visual natural, com leve aspecto r\u00fastico. Indicada para moda casual com foco em est\u00e9tica diferenciada e mat\u00e9rias-primas sustent\u00e1veis.<\/span><\/p>\t\t\t\t\t\t\t\t<\/div>\n\t\t\t\t<\/div>\n\t\t\t\t\t<\/div>\n\t\t\t\t<\/div>\n\t\t\t\t<\/div>\n\t\t","protected":false},"excerpt":{"rendered":"<p>ECO LINHO RAMADA \u00e9 uma malha produzida com linho certificado, algod\u00e3o BCI e poli\u00e9ster PET reciclado, com acabamento em rama que contribui para a estabilidade dimensional. Apresenta toque suave e visual natural, com leve aspecto r\u00fastico. Indicada para moda casual com foco em est\u00e9tica diferenciada e mat\u00e9rias-primas sustent\u00e1veis.<\/p>\n","protected":false},"featured_media":23822,"template":"","product_brand":[],"product_cat":[31],"product_tag":[],"class_list":{"0":"post-13547","1":"product","2":"type-product","3":"status-publish","4":"has-post-thumbnail","6":"product_cat-linho","8":"first","9":"instock","10":"shipping-taxable","11":"product-type-simple"},"_links":{"self":[{"href":"https:\/\/fiosulmalhas.com.br\/site\/wp-json\/wp\/v2\/product\/13547","targetHints":{"allow":["GET"]}}],"collection":[{"href":"https:\/\/fiosulmalhas.com.br\/site\/wp-json\/wp\/v2\/product"}],"about":[{"href":"https:\/\/fiosulmalhas.com.br\/site\/wp-json\/wp\/v2\/types\/product"}],"version-history":[{"count":8,"href":"https:\/\/fiosulmalhas.com.br\/site\/wp-json\/wp\/v2\/product\/13547\/revisions"}],"predecessor-version":[{"id":25013,"href":"https:\/\/fiosulmalhas.com.br\/site\/wp-json\/wp\/v2\/product\/13547\/revisions\/25013"}],"wp:featuredmedia":[{"embeddable":true,"href":"https:\/\/fiosulmalhas.com.br\/site\/wp-json\/wp\/v2\/media\/23822"}],"wp:attachment":[{"href":"https:\/\/fiosulmalhas.com.br\/site\/wp-json\/wp\/v2\/media?parent=13547"}],"wp:term":[{"taxonomy":"product_brand","embeddable":true,"href":"https:\/\/fiosulmalhas.com.br\/site\/wp-json\/wp\/v2\/product_brand?post=13547"},{"taxonomy":"product_cat","embeddable":true,"href":"https:\/\/fiosulmalhas.com.br\/site\/wp-json\/wp\/v2\/product_cat?post=13547"},{"taxonomy":"product_tag","embeddable":true,"href":"https:\/\/fiosulmalhas.com.br\/site\/wp-json\/wp\/v2\/product_tag?post=13547"}],"curies":[{"name":"wp","href":"https:\/\/api.w.org\/{rel}","templated":true}]}}