{"id":13589,"date":"2024-12-11T13:25:08","date_gmt":"2024-12-11T13:25:08","guid":{"rendered":"https:\/\/fiosulmalhas.com.br\/site\/?post_type=product&#038;p=13589"},"modified":"2026-04-14T11:19:27","modified_gmt":"2026-04-14T11:19:27","slug":"176-malha-eco-linho-ramada-2","status":"publish","type":"product","link":"https:\/\/fiosulmalhas.com.br\/site\/produto\/176-malha-eco-linho-ramada-2\/","title":{"rendered":"033 PIQUET ECO LINHO RAMADO"},"content":{"rendered":"\t\t<div data-elementor-type=\"product-post\" data-elementor-id=\"13589\" class=\"elementor elementor-13589\" data-elementor-post-type=\"product\">\n\t\t\t\t<div class=\"elementor-element elementor-element-59f4ba0c e-flex e-con-boxed wpr-particle-no wpr-sticky-section-no e-con e-parent\" data-id=\"59f4ba0c\" data-element_type=\"container\" data-e-type=\"container\" data-settings=\"{&quot;jet_parallax_layout_list&quot;:[]}\">\n\t\t\t\t\t<div class=\"e-con-inner\">\n\t\t\t\t<div class=\"elementor-element elementor-element-2949664 elementor-widget elementor-widget-text-editor\" data-id=\"2949664\" data-element_type=\"widget\" data-e-type=\"widget\" data-widget_type=\"text-editor.default\">\n\t\t\t\t<div class=\"elementor-widget-container\">\n\t\t\t\t\t\t\t\t\t<p><span style=\"font-weight: 400;\">PIQUET ECO LINHO apresenta constru\u00e7\u00e3o em piquet com visual levemente r\u00fastico, conferindo aspecto natural e sofisticado \u00e0s pe\u00e7as. Produzido com linho certificado, algod\u00e3o BCI e poli\u00e9ster PET reciclado, combina toque confort\u00e1vel e boa resist\u00eancia no uso. Indicado para produ\u00e7\u00f5es que valorizam est\u00e9tica diferenciada aliada \u00e0 responsabilidade ambiental.<\/span><\/p>\t\t\t\t\t\t\t\t<\/div>\n\t\t\t\t<\/div>\n\t\t\t\t\t<\/div>\n\t\t\t\t<\/div>\n\t\t\t\t<\/div>\n\t\t","protected":false},"excerpt":{"rendered":"<p>PIQUET ECO LINHO apresenta constru\u00e7\u00e3o em piquet com visual levemente r\u00fastico, conferindo aspecto natural e sofisticado \u00e0s pe\u00e7as. Produzido com linho certificado, algod\u00e3o BCI e poli\u00e9ster PET reciclado, combina toque confort\u00e1vel e boa resist\u00eancia no uso. Indicado para produ\u00e7\u00f5es que valorizam est\u00e9tica diferenciada aliada \u00e0 responsabilidade ambiental.<\/p>\n","protected":false},"featured_media":23821,"template":"","product_brand":[],"product_cat":[31],"product_tag":[],"class_list":{"0":"post-13589","1":"product","2":"type-product","3":"status-publish","4":"has-post-thumbnail","6":"product_cat-linho","8":"first","9":"instock","10":"shipping-taxable","11":"product-type-simple"},"_links":{"self":[{"href":"https:\/\/fiosulmalhas.com.br\/site\/wp-json\/wp\/v2\/product\/13589","targetHints":{"allow":["GET"]}}],"collection":[{"href":"https:\/\/fiosulmalhas.com.br\/site\/wp-json\/wp\/v2\/product"}],"about":[{"href":"https:\/\/fiosulmalhas.com.br\/site\/wp-json\/wp\/v2\/types\/product"}],"version-history":[{"count":11,"href":"https:\/\/fiosulmalhas.com.br\/site\/wp-json\/wp\/v2\/product\/13589\/revisions"}],"predecessor-version":[{"id":25028,"href":"https:\/\/fiosulmalhas.com.br\/site\/wp-json\/wp\/v2\/product\/13589\/revisions\/25028"}],"wp:featuredmedia":[{"embeddable":true,"href":"https:\/\/fiosulmalhas.com.br\/site\/wp-json\/wp\/v2\/media\/23821"}],"wp:attachment":[{"href":"https:\/\/fiosulmalhas.com.br\/site\/wp-json\/wp\/v2\/media?parent=13589"}],"wp:term":[{"taxonomy":"product_brand","embeddable":true,"href":"https:\/\/fiosulmalhas.com.br\/site\/wp-json\/wp\/v2\/product_brand?post=13589"},{"taxonomy":"product_cat","embeddable":true,"href":"https:\/\/fiosulmalhas.com.br\/site\/wp-json\/wp\/v2\/product_cat?post=13589"},{"taxonomy":"product_tag","embeddable":true,"href":"https:\/\/fiosulmalhas.com.br\/site\/wp-json\/wp\/v2\/product_tag?post=13589"}],"curies":[{"name":"wp","href":"https:\/\/api.w.org\/{rel}","templated":true}]}}