{"id":13599,"date":"2024-12-16T11:57:21","date_gmt":"2024-12-16T11:57:21","guid":{"rendered":"https:\/\/fiosulmalhas.com.br\/site\/?post_type=product&#038;p=13599"},"modified":"2026-02-25T17:14:28","modified_gmt":"2026-02-25T17:14:28","slug":"215m-2","status":"publish","type":"product","link":"https:\/\/fiosulmalhas.com.br\/site\/produto\/215m-2\/","title":{"rendered":"350 FIL A FIL"},"content":{"rendered":"<p>O Fil-a-Fil \u00e9 um tecido \u00e9 elegante e vers\u00e1til que ir\u00e1 transmitir um visual moderno as suas confec\u00e7\u00f5es. Possui toque suave e querer baixa manuten\u00e7\u00e3o.<\/p>\n","protected":false},"excerpt":{"rendered":"<p>O Fil-a-Fil \u00e9 um tecido \u00e9 elegante e vers\u00e1til que ir\u00e1 transmitir um visual moderno as suas confec\u00e7\u00f5es. Possui toque suave e querer baixa manuten\u00e7\u00e3o.<\/p>\n","protected":false},"featured_media":16799,"template":"","product_brand":[],"product_cat":[187],"product_tag":[],"class_list":{"0":"post-13599","1":"product","2":"type-product","3":"status-publish","4":"has-post-thumbnail","6":"product_cat-ultima-oportunidade","8":"first","9":"instock","10":"shipping-taxable","11":"product-type-simple"},"_links":{"self":[{"href":"https:\/\/fiosulmalhas.com.br\/site\/wp-json\/wp\/v2\/product\/13599","targetHints":{"allow":["GET"]}}],"collection":[{"href":"https:\/\/fiosulmalhas.com.br\/site\/wp-json\/wp\/v2\/product"}],"about":[{"href":"https:\/\/fiosulmalhas.com.br\/site\/wp-json\/wp\/v2\/types\/product"}],"version-history":[{"count":3,"href":"https:\/\/fiosulmalhas.com.br\/site\/wp-json\/wp\/v2\/product\/13599\/revisions"}],"predecessor-version":[{"id":13795,"href":"https:\/\/fiosulmalhas.com.br\/site\/wp-json\/wp\/v2\/product\/13599\/revisions\/13795"}],"wp:featuredmedia":[{"embeddable":true,"href":"https:\/\/fiosulmalhas.com.br\/site\/wp-json\/wp\/v2\/media\/16799"}],"wp:attachment":[{"href":"https:\/\/fiosulmalhas.com.br\/site\/wp-json\/wp\/v2\/media?parent=13599"}],"wp:term":[{"taxonomy":"product_brand","embeddable":true,"href":"https:\/\/fiosulmalhas.com.br\/site\/wp-json\/wp\/v2\/product_brand?post=13599"},{"taxonomy":"product_cat","embeddable":true,"href":"https:\/\/fiosulmalhas.com.br\/site\/wp-json\/wp\/v2\/product_cat?post=13599"},{"taxonomy":"product_tag","embeddable":true,"href":"https:\/\/fiosulmalhas.com.br\/site\/wp-json\/wp\/v2\/product_tag?post=13599"}],"curies":[{"name":"wp","href":"https:\/\/api.w.org\/{rel}","templated":true}]}}