{"id":13609,"date":"2024-12-16T12:25:16","date_gmt":"2024-12-16T12:25:16","guid":{"rendered":"https:\/\/fiosulmalhas.com.br\/site\/?post_type=product&#038;p=13609"},"modified":"2026-03-12T14:57:56","modified_gmt":"2026-03-12T14:57:56","slug":"215m-2-2","status":"publish","type":"product","link":"https:\/\/fiosulmalhas.com.br\/site\/produto\/215m-2-2\/","title":{"rendered":"361 TRICOLINE L1"},"content":{"rendered":"<p>Com elegante padronagem listrada, o Tricoline L1 \u00e9 uma \u00f3tima alternativa para quem deseja fugir dos tradicionais uniformes lisos. Vers\u00e1til, \u00e9 ideal para detalhes em camisetas, polos e camisas sociais. Sua composi\u00e7\u00e3o e estrutura foram planejadas para garantir conforto e resist\u00eancia, al\u00e9m de oferecer baixa propens\u00e3o a amassados.<\/p>\n","protected":false},"excerpt":{"rendered":"<p>Com elegante padronagem listrada, o Tricoline L1 \u00e9 uma \u00f3tima alternativa para quem deseja fugir dos tradicionais uniformes lisos. Vers\u00e1til, \u00e9 ideal para detalhes em camisetas, polos e camisas sociais. Sua composi\u00e7\u00e3o e estrutura foram planejadas para garantir conforto e resist\u00eancia, al\u00e9m de oferecer baixa propens\u00e3o a amassados.<\/p>\n","protected":false},"featured_media":24182,"template":"","product_brand":[],"product_cat":[187],"product_tag":[],"class_list":{"0":"post-13609","1":"product","2":"type-product","3":"status-publish","4":"has-post-thumbnail","6":"product_cat-ultima-oportunidade","8":"first","9":"instock","10":"shipping-taxable","11":"product-type-simple"},"_links":{"self":[{"href":"https:\/\/fiosulmalhas.com.br\/site\/wp-json\/wp\/v2\/product\/13609","targetHints":{"allow":["GET"]}}],"collection":[{"href":"https:\/\/fiosulmalhas.com.br\/site\/wp-json\/wp\/v2\/product"}],"about":[{"href":"https:\/\/fiosulmalhas.com.br\/site\/wp-json\/wp\/v2\/types\/product"}],"version-history":[{"count":3,"href":"https:\/\/fiosulmalhas.com.br\/site\/wp-json\/wp\/v2\/product\/13609\/revisions"}],"predecessor-version":[{"id":13796,"href":"https:\/\/fiosulmalhas.com.br\/site\/wp-json\/wp\/v2\/product\/13609\/revisions\/13796"}],"wp:featuredmedia":[{"embeddable":true,"href":"https:\/\/fiosulmalhas.com.br\/site\/wp-json\/wp\/v2\/media\/24182"}],"wp:attachment":[{"href":"https:\/\/fiosulmalhas.com.br\/site\/wp-json\/wp\/v2\/media?parent=13609"}],"wp:term":[{"taxonomy":"product_brand","embeddable":true,"href":"https:\/\/fiosulmalhas.com.br\/site\/wp-json\/wp\/v2\/product_brand?post=13609"},{"taxonomy":"product_cat","embeddable":true,"href":"https:\/\/fiosulmalhas.com.br\/site\/wp-json\/wp\/v2\/product_cat?post=13609"},{"taxonomy":"product_tag","embeddable":true,"href":"https:\/\/fiosulmalhas.com.br\/site\/wp-json\/wp\/v2\/product_tag?post=13609"}],"curies":[{"name":"wp","href":"https:\/\/api.w.org\/{rel}","templated":true}]}}