{"id":13614,"date":"2024-12-16T12:38:20","date_gmt":"2024-12-16T12:38:20","guid":{"rendered":"https:\/\/fiosulmalhas.com.br\/site\/?post_type=product&#038;p=13614"},"modified":"2026-03-12T14:58:55","modified_gmt":"2026-03-12T14:58:55","slug":"215m-2-2-2","status":"publish","type":"product","link":"https:\/\/fiosulmalhas.com.br\/site\/produto\/215m-2-2-2\/","title":{"rendered":"362 TRICOLINE L2"},"content":{"rendered":"<p>A fus\u00e3o entre as fibras de algod\u00e3o, conhecidas por sua eleg\u00e2ncia, e a resist\u00eancia e praticidade do poli\u00e9ster, resulta em um tecido vers\u00e1til, que oferece n\u00e3o apenas estilo, mas tamb\u00e9m durabilidade e facilidade de cuidado.<\/p>\n","protected":false},"excerpt":{"rendered":"<p>A fus\u00e3o entre as fibras de algod\u00e3o, conhecidas por sua eleg\u00e2ncia, e a resist\u00eancia e praticidade do poli\u00e9ster, resulta em um tecido vers\u00e1til, que oferece n\u00e3o apenas estilo, mas tamb\u00e9m durabilidade e facilidade de cuidado.<\/p>\n","protected":false},"featured_media":24183,"template":"","product_brand":[],"product_cat":[187],"product_tag":[],"class_list":{"0":"post-13614","1":"product","2":"type-product","3":"status-publish","4":"has-post-thumbnail","6":"product_cat-ultima-oportunidade","8":"first","9":"instock","10":"shipping-taxable","11":"product-type-simple"},"_links":{"self":[{"href":"https:\/\/fiosulmalhas.com.br\/site\/wp-json\/wp\/v2\/product\/13614","targetHints":{"allow":["GET"]}}],"collection":[{"href":"https:\/\/fiosulmalhas.com.br\/site\/wp-json\/wp\/v2\/product"}],"about":[{"href":"https:\/\/fiosulmalhas.com.br\/site\/wp-json\/wp\/v2\/types\/product"}],"version-history":[{"count":3,"href":"https:\/\/fiosulmalhas.com.br\/site\/wp-json\/wp\/v2\/product\/13614\/revisions"}],"predecessor-version":[{"id":13797,"href":"https:\/\/fiosulmalhas.com.br\/site\/wp-json\/wp\/v2\/product\/13614\/revisions\/13797"}],"wp:featuredmedia":[{"embeddable":true,"href":"https:\/\/fiosulmalhas.com.br\/site\/wp-json\/wp\/v2\/media\/24183"}],"wp:attachment":[{"href":"https:\/\/fiosulmalhas.com.br\/site\/wp-json\/wp\/v2\/media?parent=13614"}],"wp:term":[{"taxonomy":"product_brand","embeddable":true,"href":"https:\/\/fiosulmalhas.com.br\/site\/wp-json\/wp\/v2\/product_brand?post=13614"},{"taxonomy":"product_cat","embeddable":true,"href":"https:\/\/fiosulmalhas.com.br\/site\/wp-json\/wp\/v2\/product_cat?post=13614"},{"taxonomy":"product_tag","embeddable":true,"href":"https:\/\/fiosulmalhas.com.br\/site\/wp-json\/wp\/v2\/product_tag?post=13614"}],"curies":[{"name":"wp","href":"https:\/\/api.w.org\/{rel}","templated":true}]}}