{"id":13619,"date":"2024-12-16T12:41:56","date_gmt":"2024-12-16T12:41:56","guid":{"rendered":"https:\/\/fiosulmalhas.com.br\/site\/?post_type=product&#038;p=13619"},"modified":"2026-03-12T15:02:34","modified_gmt":"2026-03-12T15:02:34","slug":"215m-2-2-2-2","status":"publish","type":"product","link":"https:\/\/fiosulmalhas.com.br\/site\/produto\/215m-2-2-2-2\/","title":{"rendered":"371 TRICOLINE X1"},"content":{"rendered":"<p>A atemporal padronagem xadrez, aliada \u00e0 praticidade e \u00e0 versatilidade de uso. Este tecido possui tecnologia antipilling, que retarda o aparecimento de bolinhas causadas pelo uso e atrito, tornando-o a escolha ideal<br \/>\npara a confec\u00e7\u00e3o de pe\u00e7as destinadas \u00e0 uniformiza\u00e7\u00e3o em geral.<\/p>\n","protected":false},"excerpt":{"rendered":"<p>A atemporal padronagem xadrez, aliada \u00e0 praticidade e \u00e0 versatilidade de uso. Este tecido possui tecnologia antipilling, que retarda o aparecimento de bolinhas causadas pelo uso e atrito, tornando-o a escolha ideal para a confec\u00e7\u00e3o de pe\u00e7as destinadas \u00e0 uniformiza\u00e7\u00e3o em geral.<\/p>\n","protected":false},"featured_media":24184,"template":"","product_brand":[],"product_cat":[187],"product_tag":[],"class_list":{"0":"post-13619","1":"product","2":"type-product","3":"status-publish","4":"has-post-thumbnail","6":"product_cat-ultima-oportunidade","8":"first","9":"instock","10":"shipping-taxable","11":"product-type-simple"},"_links":{"self":[{"href":"https:\/\/fiosulmalhas.com.br\/site\/wp-json\/wp\/v2\/product\/13619","targetHints":{"allow":["GET"]}}],"collection":[{"href":"https:\/\/fiosulmalhas.com.br\/site\/wp-json\/wp\/v2\/product"}],"about":[{"href":"https:\/\/fiosulmalhas.com.br\/site\/wp-json\/wp\/v2\/types\/product"}],"version-history":[{"count":5,"href":"https:\/\/fiosulmalhas.com.br\/site\/wp-json\/wp\/v2\/product\/13619\/revisions"}],"predecessor-version":[{"id":24186,"href":"https:\/\/fiosulmalhas.com.br\/site\/wp-json\/wp\/v2\/product\/13619\/revisions\/24186"}],"wp:featuredmedia":[{"embeddable":true,"href":"https:\/\/fiosulmalhas.com.br\/site\/wp-json\/wp\/v2\/media\/24184"}],"wp:attachment":[{"href":"https:\/\/fiosulmalhas.com.br\/site\/wp-json\/wp\/v2\/media?parent=13619"}],"wp:term":[{"taxonomy":"product_brand","embeddable":true,"href":"https:\/\/fiosulmalhas.com.br\/site\/wp-json\/wp\/v2\/product_brand?post=13619"},{"taxonomy":"product_cat","embeddable":true,"href":"https:\/\/fiosulmalhas.com.br\/site\/wp-json\/wp\/v2\/product_cat?post=13619"},{"taxonomy":"product_tag","embeddable":true,"href":"https:\/\/fiosulmalhas.com.br\/site\/wp-json\/wp\/v2\/product_tag?post=13619"}],"curies":[{"name":"wp","href":"https:\/\/api.w.org\/{rel}","templated":true}]}}