{"id":14890,"date":"2025-04-11T11:51:09","date_gmt":"2025-04-11T11:51:09","guid":{"rendered":"https:\/\/fiosulmalhas.com.br\/site\/?post_type=product&#038;p=14890"},"modified":"2026-04-13T13:44:20","modified_gmt":"2026-04-13T13:44:20","slug":"841-interdry-brasil","status":"publish","type":"product","link":"https:\/\/fiosulmalhas.com.br\/site\/produto\/841-interdry-brasil\/","title":{"rendered":"\u00a0841 INTERDRY BRASIL"},"content":{"rendered":"\t\t<div data-elementor-type=\"product-post\" data-elementor-id=\"14890\" class=\"elementor elementor-14890\" data-elementor-post-type=\"product\">\n\t\t\t\t<div class=\"elementor-element elementor-element-5a42e0ab e-flex e-con-boxed wpr-particle-no wpr-sticky-section-no e-con e-parent\" data-id=\"5a42e0ab\" data-element_type=\"container\" data-e-type=\"container\" data-settings=\"{&quot;jet_parallax_layout_list&quot;:[]}\">\n\t\t\t\t\t<div class=\"e-con-inner\">\n\t\t\t\t<div class=\"elementor-element elementor-element-7f55dec6 elementor-widget elementor-widget-text-editor\" data-id=\"7f55dec6\" data-element_type=\"widget\" data-e-type=\"widget\" data-widget_type=\"text-editor.default\">\n\t\t\t\t<div class=\"elementor-widget-container\">\n\t\t\t\t\t\t\t\t\t<p style=\"text-align: left;\">INTERDRY BRASIL \u00e9 uma malha em poli\u00e9ster desenvolvida para estamparia sublimada, com excelente defini\u00e7\u00e3o e vivacidade de cores. Apresenta toque macio, favorecendo a qualidade das estampas e o acabamento das pe\u00e7as. Sua estrutura contribui para a respirabilidade e o uso confort\u00e1vel ao longo do dia, sendo indicada para aplica\u00e7\u00f5es que exigem leveza e personaliza\u00e7\u00e3o.<\/p>\t\t\t\t\t\t\t\t<\/div>\n\t\t\t\t<\/div>\n\t\t\t\t\t<\/div>\n\t\t\t\t<\/div>\n\t\t\t\t<\/div>\n\t\t","protected":false},"excerpt":{"rendered":"<p>INTERDRY BRASIL \u00e9 uma malha em poli\u00e9ster desenvolvida para estamparia sublimada, com excelente defini\u00e7\u00e3o e vivacidade de cores. Apresenta toque macio, favorecendo a qualidade das estampas e o acabamento das pe\u00e7as. Sua estrutura contribui para a respirabilidade e o uso confort\u00e1vel ao longo do dia, sendo indicada para aplica\u00e7\u00f5es que exigem leveza e personaliza\u00e7\u00e3o.<\/p>\n","protected":false},"featured_media":23787,"template":"","product_brand":[],"product_cat":[41],"product_tag":[],"class_list":{"0":"post-14890","1":"product","2":"type-product","3":"status-publish","4":"has-post-thumbnail","6":"product_cat-100-poliester","8":"first","9":"instock","10":"shipping-taxable","11":"product-type-simple"},"_links":{"self":[{"href":"https:\/\/fiosulmalhas.com.br\/site\/wp-json\/wp\/v2\/product\/14890","targetHints":{"allow":["GET"]}}],"collection":[{"href":"https:\/\/fiosulmalhas.com.br\/site\/wp-json\/wp\/v2\/product"}],"about":[{"href":"https:\/\/fiosulmalhas.com.br\/site\/wp-json\/wp\/v2\/types\/product"}],"version-history":[{"count":8,"href":"https:\/\/fiosulmalhas.com.br\/site\/wp-json\/wp\/v2\/product\/14890\/revisions"}],"predecessor-version":[{"id":24791,"href":"https:\/\/fiosulmalhas.com.br\/site\/wp-json\/wp\/v2\/product\/14890\/revisions\/24791"}],"wp:featuredmedia":[{"embeddable":true,"href":"https:\/\/fiosulmalhas.com.br\/site\/wp-json\/wp\/v2\/media\/23787"}],"wp:attachment":[{"href":"https:\/\/fiosulmalhas.com.br\/site\/wp-json\/wp\/v2\/media?parent=14890"}],"wp:term":[{"taxonomy":"product_brand","embeddable":true,"href":"https:\/\/fiosulmalhas.com.br\/site\/wp-json\/wp\/v2\/product_brand?post=14890"},{"taxonomy":"product_cat","embeddable":true,"href":"https:\/\/fiosulmalhas.com.br\/site\/wp-json\/wp\/v2\/product_cat?post=14890"},{"taxonomy":"product_tag","embeddable":true,"href":"https:\/\/fiosulmalhas.com.br\/site\/wp-json\/wp\/v2\/product_tag?post=14890"}],"curies":[{"name":"wp","href":"https:\/\/api.w.org\/{rel}","templated":true}]}}