{"id":14910,"date":"2025-04-11T14:50:45","date_gmt":"2025-04-11T14:50:45","guid":{"rendered":"https:\/\/fiosulmalhas.com.br\/site\/?post_type=product&#038;p=14910"},"modified":"2026-04-13T13:58:55","modified_gmt":"2026-04-13T13:58:55","slug":"843-interdry-colombia","status":"publish","type":"product","link":"https:\/\/fiosulmalhas.com.br\/site\/produto\/843-interdry-colombia\/","title":{"rendered":"\u00a0843 INTERDRY COL\u00d4MBIA"},"content":{"rendered":"\t\t<div data-elementor-type=\"product-post\" data-elementor-id=\"14910\" class=\"elementor elementor-14910\" data-elementor-post-type=\"product\">\n\t\t\t\t<div class=\"elementor-element elementor-element-74ab60 e-flex e-con-boxed wpr-particle-no wpr-sticky-section-no e-con e-parent\" data-id=\"74ab60\" data-element_type=\"container\" data-e-type=\"container\" data-settings=\"{&quot;jet_parallax_layout_list&quot;:[]}\">\n\t\t\t\t\t<div class=\"e-con-inner\">\n\t\t\t\t<div class=\"elementor-element elementor-element-9656b36 elementor-widget elementor-widget-text-editor\" data-id=\"9656b36\" data-element_type=\"widget\" data-e-type=\"widget\" data-widget_type=\"text-editor.default\">\n\t\t\t\t<div class=\"elementor-widget-container\">\n\t\t\t\t\t\t\t\t\t<p style=\"text-align: left;\">INTERDRY COL\u00d4MBIA \u00e9 uma malha em poli\u00e9ster desenvolvida para estamparia sublimada, com excelente defini\u00e7\u00e3o e vivacidade de cores. Apresenta toque macio, favorecendo a qualidade das estampas e o acabamento das pe\u00e7as. Sua estrutura contribui para a respirabilidade e o uso confort\u00e1vel ao longo do dia, sendo indicada para aplica\u00e7\u00f5es que exigem leveza e personaliza\u00e7\u00e3o.<\/p>\t\t\t\t\t\t\t\t<\/div>\n\t\t\t\t<\/div>\n\t\t\t\t\t<\/div>\n\t\t\t\t<\/div>\n\t\t\t\t<\/div>\n\t\t","protected":false},"excerpt":{"rendered":"<p>INTERDRY COL\u00d4MBIA \u00e9 uma malha em poli\u00e9ster desenvolvida para estamparia sublimada, com excelente defini\u00e7\u00e3o e vivacidade de cores. Apresenta toque macio, favorecendo a qualidade das estampas e o acabamento das pe\u00e7as. Sua estrutura contribui para a respirabilidade e o uso confort\u00e1vel ao longo do dia, sendo indicada para aplica\u00e7\u00f5es que exigem leveza e personaliza\u00e7\u00e3o.<\/p>\n","protected":false},"featured_media":23789,"template":"","product_brand":[],"product_cat":[41],"product_tag":[],"class_list":{"0":"post-14910","1":"product","2":"type-product","3":"status-publish","4":"has-post-thumbnail","6":"product_cat-100-poliester","8":"first","9":"instock","10":"shipping-taxable","11":"product-type-simple"},"_links":{"self":[{"href":"https:\/\/fiosulmalhas.com.br\/site\/wp-json\/wp\/v2\/product\/14910","targetHints":{"allow":["GET"]}}],"collection":[{"href":"https:\/\/fiosulmalhas.com.br\/site\/wp-json\/wp\/v2\/product"}],"about":[{"href":"https:\/\/fiosulmalhas.com.br\/site\/wp-json\/wp\/v2\/types\/product"}],"version-history":[{"count":6,"href":"https:\/\/fiosulmalhas.com.br\/site\/wp-json\/wp\/v2\/product\/14910\/revisions"}],"predecessor-version":[{"id":24814,"href":"https:\/\/fiosulmalhas.com.br\/site\/wp-json\/wp\/v2\/product\/14910\/revisions\/24814"}],"wp:featuredmedia":[{"embeddable":true,"href":"https:\/\/fiosulmalhas.com.br\/site\/wp-json\/wp\/v2\/media\/23789"}],"wp:attachment":[{"href":"https:\/\/fiosulmalhas.com.br\/site\/wp-json\/wp\/v2\/media?parent=14910"}],"wp:term":[{"taxonomy":"product_brand","embeddable":true,"href":"https:\/\/fiosulmalhas.com.br\/site\/wp-json\/wp\/v2\/product_brand?post=14910"},{"taxonomy":"product_cat","embeddable":true,"href":"https:\/\/fiosulmalhas.com.br\/site\/wp-json\/wp\/v2\/product_cat?post=14910"},{"taxonomy":"product_tag","embeddable":true,"href":"https:\/\/fiosulmalhas.com.br\/site\/wp-json\/wp\/v2\/product_tag?post=14910"}],"curies":[{"name":"wp","href":"https:\/\/api.w.org\/{rel}","templated":true}]}}