{"id":14946,"date":"2025-04-11T18:06:40","date_gmt":"2025-04-11T18:06:40","guid":{"rendered":"https:\/\/fiosulmalhas.com.br\/site\/?post_type=product&#038;p=14946"},"modified":"2026-04-13T14:25:46","modified_gmt":"2026-04-13T14:25:46","slug":"872-interdry-australia","status":"publish","type":"product","link":"https:\/\/fiosulmalhas.com.br\/site\/produto\/872-interdry-australia\/","title":{"rendered":"\u00a0872 INTERDRY AUSTR\u00c1LIA"},"content":{"rendered":"\t\t<div data-elementor-type=\"product-post\" data-elementor-id=\"14946\" class=\"elementor elementor-14946\" data-elementor-post-type=\"product\">\n\t\t\t\t<div class=\"elementor-element elementor-element-4f16efb6 e-flex e-con-boxed wpr-particle-no wpr-sticky-section-no e-con e-parent\" data-id=\"4f16efb6\" data-element_type=\"container\" data-e-type=\"container\" data-settings=\"{&quot;jet_parallax_layout_list&quot;:[]}\">\n\t\t\t\t\t<div class=\"e-con-inner\">\n\t\t\t\t<div class=\"elementor-element elementor-element-60cfb389 elementor-widget elementor-widget-text-editor\" data-id=\"60cfb389\" data-element_type=\"widget\" data-e-type=\"widget\" data-widget_type=\"text-editor.default\">\n\t\t\t\t<div class=\"elementor-widget-container\">\n\t\t\t\t\t\t\t\t\t<p><span style=\"font-weight: 400;\">INTERDRY AUSTR\u00c1LIA \u00e9 uma malha em poli\u00e9ster desenvolvida para estamparia sublimada, com excelente defini\u00e7\u00e3o e vivacidade de cores. Apresenta toque macio, favorecendo a qualidade das estampas e o acabamento das pe\u00e7as. Sua estrutura contribui para a respirabilidade e o uso confort\u00e1vel ao longo do dia, sendo indicada para aplica\u00e7\u00f5es que exigem leveza e personaliza\u00e7\u00e3o.<\/span><\/p>\t\t\t\t\t\t\t\t<\/div>\n\t\t\t\t<\/div>\n\t\t\t\t\t<\/div>\n\t\t\t\t<\/div>\n\t\t\t\t<\/div>\n\t\t","protected":false},"excerpt":{"rendered":"<p>INTERDRY AUSTR\u00c1LIA \u00e9 uma malha em poli\u00e9ster desenvolvida para estamparia sublimada, com excelente defini\u00e7\u00e3o e vivacidade de cores. Apresenta toque macio, favorecendo a qualidade das estampas e o acabamento das pe\u00e7as. Sua estrutura contribui para a respirabilidade e o uso confort\u00e1vel ao longo do dia, sendo indicada para aplica\u00e7\u00f5es que exigem leveza e personaliza\u00e7\u00e3o.<\/p>\n","protected":false},"featured_media":23797,"template":"","product_brand":[],"product_cat":[41],"product_tag":[],"class_list":{"0":"post-14946","1":"product","2":"type-product","3":"status-publish","4":"has-post-thumbnail","6":"product_cat-100-poliester","8":"first","9":"instock","10":"shipping-taxable","11":"product-type-simple"},"_links":{"self":[{"href":"https:\/\/fiosulmalhas.com.br\/site\/wp-json\/wp\/v2\/product\/14946","targetHints":{"allow":["GET"]}}],"collection":[{"href":"https:\/\/fiosulmalhas.com.br\/site\/wp-json\/wp\/v2\/product"}],"about":[{"href":"https:\/\/fiosulmalhas.com.br\/site\/wp-json\/wp\/v2\/types\/product"}],"version-history":[{"count":6,"href":"https:\/\/fiosulmalhas.com.br\/site\/wp-json\/wp\/v2\/product\/14946\/revisions"}],"predecessor-version":[{"id":24826,"href":"https:\/\/fiosulmalhas.com.br\/site\/wp-json\/wp\/v2\/product\/14946\/revisions\/24826"}],"wp:featuredmedia":[{"embeddable":true,"href":"https:\/\/fiosulmalhas.com.br\/site\/wp-json\/wp\/v2\/media\/23797"}],"wp:attachment":[{"href":"https:\/\/fiosulmalhas.com.br\/site\/wp-json\/wp\/v2\/media?parent=14946"}],"wp:term":[{"taxonomy":"product_brand","embeddable":true,"href":"https:\/\/fiosulmalhas.com.br\/site\/wp-json\/wp\/v2\/product_brand?post=14946"},{"taxonomy":"product_cat","embeddable":true,"href":"https:\/\/fiosulmalhas.com.br\/site\/wp-json\/wp\/v2\/product_cat?post=14946"},{"taxonomy":"product_tag","embeddable":true,"href":"https:\/\/fiosulmalhas.com.br\/site\/wp-json\/wp\/v2\/product_tag?post=14946"}],"curies":[{"name":"wp","href":"https:\/\/api.w.org\/{rel}","templated":true}]}}