{"id":17389,"date":"2025-10-15T13:32:49","date_gmt":"2025-10-15T13:32:49","guid":{"rendered":"https:\/\/fiosulmalhas.com.br\/site\/?post_type=product&#038;p=17389"},"modified":"2026-04-14T14:55:48","modified_gmt":"2026-04-14T14:55:48","slug":"084-piquet-new-way","status":"publish","type":"product","link":"https:\/\/fiosulmalhas.com.br\/site\/produto\/084-piquet-new-way\/","title":{"rendered":"084 PIQUET NEW WAY"},"content":{"rendered":"\t\t<div data-elementor-type=\"product-post\" data-elementor-id=\"17389\" class=\"elementor elementor-17389\" data-elementor-post-type=\"product\">\n\t\t\t\t<div class=\"elementor-element elementor-element-592ad489 e-flex e-con-boxed wpr-particle-no wpr-sticky-section-no e-con e-parent\" data-id=\"592ad489\" data-element_type=\"container\" data-e-type=\"container\" data-settings=\"{&quot;jet_parallax_layout_list&quot;:[]}\">\n\t\t\t\t\t<div class=\"e-con-inner\">\n\t\t\t\t<div class=\"elementor-element elementor-element-46cfe8bd elementor-widget elementor-widget-text-editor\" data-id=\"46cfe8bd\" data-element_type=\"widget\" data-e-type=\"widget\" data-widget_type=\"text-editor.default\">\n\t\t\t\t<div class=\"elementor-widget-container\">\n\t\t\t\t\t\t\t\t\t<p><span style=\"font-weight: 400;\">PIQUET NEW WAY \u00e9 uma malha com acabamento em rama, que apresenta estrutura encorpada e textura piquet, conferindo visual casual com apar\u00eancia semelhante ao algod\u00e3o. Com toque agrad\u00e1vel e bom caimento, atende pe\u00e7as que exigem praticidade no uso. Conta com acabamento antipilling, que contribui para a manuten\u00e7\u00e3o da apar\u00eancia ao longo do tempo. Indicada para camisetas polo, uniformes e aplica\u00e7\u00f5es casuais.<\/span><\/p>\t\t\t\t\t\t\t\t<\/div>\n\t\t\t\t<\/div>\n\t\t\t\t\t<\/div>\n\t\t\t\t<\/div>\n\t\t\t\t<\/div>\n\t\t","protected":false},"excerpt":{"rendered":"<p>PIQUET NEW WAY \u00e9 uma malha com acabamento em rama, que apresenta estrutura encorpada e textura piquet, conferindo visual casual com apar\u00eancia semelhante ao algod\u00e3o. Com toque agrad\u00e1vel e bom caimento, atende pe\u00e7as que exigem praticidade no uso. Conta com acabamento antipilling, que contribui para a manuten\u00e7\u00e3o da apar\u00eancia ao longo do tempo. Indicada para camisetas polo, uniformes e aplica\u00e7\u00f5es casuais.<\/p>\n","protected":false},"featured_media":23804,"template":"","product_brand":[],"product_cat":[45],"product_tag":[],"class_list":{"0":"post-17389","1":"product","2":"type-product","3":"status-publish","4":"has-post-thumbnail","6":"product_cat-poliester-c-viscose","8":"first","9":"instock","10":"shipping-taxable","11":"product-type-simple"},"_links":{"self":[{"href":"https:\/\/fiosulmalhas.com.br\/site\/wp-json\/wp\/v2\/product\/17389","targetHints":{"allow":["GET"]}}],"collection":[{"href":"https:\/\/fiosulmalhas.com.br\/site\/wp-json\/wp\/v2\/product"}],"about":[{"href":"https:\/\/fiosulmalhas.com.br\/site\/wp-json\/wp\/v2\/types\/product"}],"version-history":[{"count":7,"href":"https:\/\/fiosulmalhas.com.br\/site\/wp-json\/wp\/v2\/product\/17389\/revisions"}],"predecessor-version":[{"id":24890,"href":"https:\/\/fiosulmalhas.com.br\/site\/wp-json\/wp\/v2\/product\/17389\/revisions\/24890"}],"wp:featuredmedia":[{"embeddable":true,"href":"https:\/\/fiosulmalhas.com.br\/site\/wp-json\/wp\/v2\/media\/23804"}],"wp:attachment":[{"href":"https:\/\/fiosulmalhas.com.br\/site\/wp-json\/wp\/v2\/media?parent=17389"}],"wp:term":[{"taxonomy":"product_brand","embeddable":true,"href":"https:\/\/fiosulmalhas.com.br\/site\/wp-json\/wp\/v2\/product_brand?post=17389"},{"taxonomy":"product_cat","embeddable":true,"href":"https:\/\/fiosulmalhas.com.br\/site\/wp-json\/wp\/v2\/product_cat?post=17389"},{"taxonomy":"product_tag","embeddable":true,"href":"https:\/\/fiosulmalhas.com.br\/site\/wp-json\/wp\/v2\/product_tag?post=17389"}],"curies":[{"name":"wp","href":"https:\/\/api.w.org\/{rel}","templated":true}]}}