{"id":17392,"date":"2025-10-15T13:42:48","date_gmt":"2025-10-15T13:42:48","guid":{"rendered":"https:\/\/fiosulmalhas.com.br\/site\/?post_type=product&#038;p=17392"},"modified":"2026-04-16T12:49:02","modified_gmt":"2026-04-16T12:49:02","slug":"219-lyoflex-premium","status":"publish","type":"product","link":"https:\/\/fiosulmalhas.com.br\/site\/produto\/219-lyoflex-premium\/","title":{"rendered":"219 LYOFLEX PREMIUM"},"content":{"rendered":"\t\t<div data-elementor-type=\"product-post\" data-elementor-id=\"17392\" class=\"elementor elementor-17392\" data-elementor-post-type=\"product\">\n\t\t\t\t<div class=\"elementor-element elementor-element-dc956a4 e-flex e-con-boxed wpr-particle-no wpr-sticky-section-no e-con e-parent\" data-id=\"dc956a4\" data-element_type=\"container\" data-e-type=\"container\" data-settings=\"{&quot;jet_parallax_layout_list&quot;:[]}\">\n\t\t\t\t\t<div class=\"e-con-inner\">\n\t\t\t\t<div class=\"elementor-element elementor-element-a13d8f4 elementor-widget elementor-widget-text-editor\" data-id=\"a13d8f4\" data-element_type=\"widget\" data-e-type=\"widget\" data-widget_type=\"text-editor.default\">\n\t\t\t\t<div class=\"elementor-widget-container\">\n\t\t\t\t\t\t\t\t\t<p><span style=\"font-weight: 400;\">LYOFLEX PREMIUM \u00e9 uma malha desenvolvida com liocel, fibra de origem natural que proporciona toque macio, boa respirabilidade e conforto t\u00e9rmico. Suas caracter\u00edsticas contribuem para a redu\u00e7\u00e3o de odores e maior sensa\u00e7\u00e3o de frescor no uso. Conta com acabamento antipilling, que auxilia na manuten\u00e7\u00e3o da apar\u00eancia das pe\u00e7as. Indicada para camisetas que transitam entre o fitness e o casual.<\/span><\/p>\t\t\t\t\t\t\t\t<\/div>\n\t\t\t\t<\/div>\n\t\t\t\t\t<\/div>\n\t\t\t\t<\/div>\n\t\t\t\t<\/div>\n\t\t","protected":false},"excerpt":{"rendered":"<p>LYOFLEX PREMIUM \u00e9 uma malha desenvolvida com liocel, fibra de origem natural que proporciona toque macio, boa respirabilidade e conforto t\u00e9rmico. Suas caracter\u00edsticas contribuem para a redu\u00e7\u00e3o de odores e maior sensa\u00e7\u00e3o de frescor no uso. Conta com acabamento antipilling, que auxilia na manuten\u00e7\u00e3o da apar\u00eancia das pe\u00e7as. Indicada para camisetas que transitam entre o fitness e o casual.<\/p>\n","protected":false},"featured_media":23824,"template":"","product_brand":[],"product_cat":[131],"product_tag":[],"class_list":{"0":"post-17392","1":"product","2":"type-product","3":"status-publish","4":"has-post-thumbnail","6":"product_cat-liocel-c-elastano","8":"first","9":"instock","10":"shipping-taxable","11":"product-type-simple"},"_links":{"self":[{"href":"https:\/\/fiosulmalhas.com.br\/site\/wp-json\/wp\/v2\/product\/17392","targetHints":{"allow":["GET"]}}],"collection":[{"href":"https:\/\/fiosulmalhas.com.br\/site\/wp-json\/wp\/v2\/product"}],"about":[{"href":"https:\/\/fiosulmalhas.com.br\/site\/wp-json\/wp\/v2\/types\/product"}],"version-history":[{"count":7,"href":"https:\/\/fiosulmalhas.com.br\/site\/wp-json\/wp\/v2\/product\/17392\/revisions"}],"predecessor-version":[{"id":25050,"href":"https:\/\/fiosulmalhas.com.br\/site\/wp-json\/wp\/v2\/product\/17392\/revisions\/25050"}],"wp:featuredmedia":[{"embeddable":true,"href":"https:\/\/fiosulmalhas.com.br\/site\/wp-json\/wp\/v2\/media\/23824"}],"wp:attachment":[{"href":"https:\/\/fiosulmalhas.com.br\/site\/wp-json\/wp\/v2\/media?parent=17392"}],"wp:term":[{"taxonomy":"product_brand","embeddable":true,"href":"https:\/\/fiosulmalhas.com.br\/site\/wp-json\/wp\/v2\/product_brand?post=17392"},{"taxonomy":"product_cat","embeddable":true,"href":"https:\/\/fiosulmalhas.com.br\/site\/wp-json\/wp\/v2\/product_cat?post=17392"},{"taxonomy":"product_tag","embeddable":true,"href":"https:\/\/fiosulmalhas.com.br\/site\/wp-json\/wp\/v2\/product_tag?post=17392"}],"curies":[{"name":"wp","href":"https:\/\/api.w.org\/{rel}","templated":true}]}}