{"id":17395,"date":"2025-10-15T13:59:50","date_gmt":"2025-10-15T13:59:50","guid":{"rendered":"https:\/\/fiosulmalhas.com.br\/site\/?post_type=product&#038;p=17395"},"modified":"2026-04-14T11:25:37","modified_gmt":"2026-04-14T11:25:37","slug":"282-suedine-premium","status":"publish","type":"product","link":"https:\/\/fiosulmalhas.com.br\/site\/produto\/282-suedine-premium\/","title":{"rendered":"282 SUEDINE PREMIUM"},"content":{"rendered":"\t\t<div data-elementor-type=\"product-post\" data-elementor-id=\"17395\" class=\"elementor elementor-17395\" data-elementor-post-type=\"product\">\n\t\t\t\t<div class=\"elementor-element elementor-element-4ec4eff7 e-flex e-con-boxed wpr-particle-no wpr-sticky-section-no e-con e-parent\" data-id=\"4ec4eff7\" data-element_type=\"container\" data-e-type=\"container\" data-settings=\"{&quot;jet_parallax_layout_list&quot;:[]}\">\n\t\t\t\t\t<div class=\"e-con-inner\">\n\t\t\t\t<div class=\"elementor-element elementor-element-65120915 elementor-widget elementor-widget-text-editor\" data-id=\"65120915\" data-element_type=\"widget\" data-e-type=\"widget\" data-widget_type=\"text-editor.default\">\n\t\t\t\t<div class=\"elementor-widget-container\">\n\t\t\t\t\t\t\t\t\t<p><span style=\"font-weight: 400;\">SUEDINE PREMIUM \u00e9 uma malha de constru\u00e7\u00e3o dupla, com toque extremamente macio e sedoso. Possui maior estabilidade dimensional e menor percentual de encolhimento, o que favorece o acabamento e o caimento. Indicada para camisetas e cole\u00e7\u00f5es casuais com foco em conforto e qualidade.<\/span><\/p>\t\t\t\t\t\t\t\t<\/div>\n\t\t\t\t<\/div>\n\t\t\t\t\t<\/div>\n\t\t\t\t<\/div>\n\t\t\t\t<\/div>\n\t\t","protected":false},"excerpt":{"rendered":"<p>SUEDINE PREMIUM \u00e9 uma malha de constru\u00e7\u00e3o dupla, com toque extremamente macio e sedoso. Possui maior estabilidade dimensional e menor percentual de encolhimento, o que favorece o acabamento e o caimento. Indicada para camisetas e cole\u00e7\u00f5es casuais com foco em conforto e qualidade.<\/p>\n","protected":false},"featured_media":23759,"template":"","product_brand":[],"product_cat":[23],"product_tag":[],"class_list":{"0":"post-17395","1":"product","2":"type-product","3":"status-publish","4":"has-post-thumbnail","6":"product_cat-100-algodao","8":"first","9":"instock","10":"shipping-taxable","11":"product-type-simple"},"_links":{"self":[{"href":"https:\/\/fiosulmalhas.com.br\/site\/wp-json\/wp\/v2\/product\/17395","targetHints":{"allow":["GET"]}}],"collection":[{"href":"https:\/\/fiosulmalhas.com.br\/site\/wp-json\/wp\/v2\/product"}],"about":[{"href":"https:\/\/fiosulmalhas.com.br\/site\/wp-json\/wp\/v2\/types\/product"}],"version-history":[{"count":10,"href":"https:\/\/fiosulmalhas.com.br\/site\/wp-json\/wp\/v2\/product\/17395\/revisions"}],"predecessor-version":[{"id":24739,"href":"https:\/\/fiosulmalhas.com.br\/site\/wp-json\/wp\/v2\/product\/17395\/revisions\/24739"}],"wp:featuredmedia":[{"embeddable":true,"href":"https:\/\/fiosulmalhas.com.br\/site\/wp-json\/wp\/v2\/media\/23759"}],"wp:attachment":[{"href":"https:\/\/fiosulmalhas.com.br\/site\/wp-json\/wp\/v2\/media?parent=17395"}],"wp:term":[{"taxonomy":"product_brand","embeddable":true,"href":"https:\/\/fiosulmalhas.com.br\/site\/wp-json\/wp\/v2\/product_brand?post=17395"},{"taxonomy":"product_cat","embeddable":true,"href":"https:\/\/fiosulmalhas.com.br\/site\/wp-json\/wp\/v2\/product_cat?post=17395"},{"taxonomy":"product_tag","embeddable":true,"href":"https:\/\/fiosulmalhas.com.br\/site\/wp-json\/wp\/v2\/product_tag?post=17395"}],"curies":[{"name":"wp","href":"https:\/\/api.w.org\/{rel}","templated":true}]}}