{"id":17397,"date":"2025-10-15T14:02:08","date_gmt":"2025-10-15T14:02:08","guid":{"rendered":"https:\/\/fiosulmalhas.com.br\/site\/?post_type=product&#038;p=17397"},"modified":"2026-04-13T16:49:20","modified_gmt":"2026-04-13T16:49:20","slug":"286-suedine-new-way","status":"publish","type":"product","link":"https:\/\/fiosulmalhas.com.br\/site\/produto\/286-suedine-new-way\/","title":{"rendered":"286 SUEDINE NEW WAY"},"content":{"rendered":"\t\t<div data-elementor-type=\"product-post\" data-elementor-id=\"17397\" class=\"elementor elementor-17397\" data-elementor-post-type=\"product\">\n\t\t\t\t<div class=\"elementor-element elementor-element-86f3c87 e-flex e-con-boxed wpr-particle-no wpr-sticky-section-no e-con e-parent\" data-id=\"86f3c87\" data-element_type=\"container\" data-e-type=\"container\" data-settings=\"{&quot;jet_parallax_layout_list&quot;:[]}\">\n\t\t\t\t\t<div class=\"e-con-inner\">\n\t\t\t\t<div class=\"elementor-element elementor-element-3a5138a6 elementor-widget elementor-widget-text-editor\" data-id=\"3a5138a6\" data-element_type=\"widget\" data-e-type=\"widget\" data-widget_type=\"text-editor.default\">\n\t\t\t\t<div class=\"elementor-widget-container\">\n\t\t\t\t\t\t\t\t\t<p><span style=\"font-weight: 400;\">SUEDINE NEW WAY \u00e9 uma malha em poli\u00e9ster e viscose, com toque macio e caimento leve, que proporciona conforto no uso. Sua estrutura equilibra resist\u00eancia e fluidez, favorecendo o desempenho em pe\u00e7as casuais. Conta com acabamento antipilling, que contribui para a manuten\u00e7\u00e3o da apar\u00eancia ao longo do tempo.<\/span><\/p>\t\t\t\t\t\t\t\t<\/div>\n\t\t\t\t<\/div>\n\t\t\t\t\t<\/div>\n\t\t\t\t<\/div>\n\t\t\t\t<\/div>\n\t\t","protected":false},"excerpt":{"rendered":"<p>SUEDINE NEW WAY \u00e9 uma malha em poli\u00e9ster e viscose, com toque macio e caimento leve, que proporciona conforto no uso. Sua estrutura equilibra resist\u00eancia e fluidez, favorecendo o desempenho em pe\u00e7as casuais. Conta com acabamento antipilling, que contribui para a manuten\u00e7\u00e3o da apar\u00eancia ao longo do tempo.<\/p>\n","protected":false},"featured_media":23806,"template":"","product_brand":[],"product_cat":[45],"product_tag":[],"class_list":{"0":"post-17397","1":"product","2":"type-product","3":"status-publish","4":"has-post-thumbnail","6":"product_cat-poliester-c-viscose","8":"first","9":"instock","10":"shipping-taxable","11":"product-type-simple"},"_links":{"self":[{"href":"https:\/\/fiosulmalhas.com.br\/site\/wp-json\/wp\/v2\/product\/17397","targetHints":{"allow":["GET"]}}],"collection":[{"href":"https:\/\/fiosulmalhas.com.br\/site\/wp-json\/wp\/v2\/product"}],"about":[{"href":"https:\/\/fiosulmalhas.com.br\/site\/wp-json\/wp\/v2\/types\/product"}],"version-history":[{"count":6,"href":"https:\/\/fiosulmalhas.com.br\/site\/wp-json\/wp\/v2\/product\/17397\/revisions"}],"predecessor-version":[{"id":24904,"href":"https:\/\/fiosulmalhas.com.br\/site\/wp-json\/wp\/v2\/product\/17397\/revisions\/24904"}],"wp:featuredmedia":[{"embeddable":true,"href":"https:\/\/fiosulmalhas.com.br\/site\/wp-json\/wp\/v2\/media\/23806"}],"wp:attachment":[{"href":"https:\/\/fiosulmalhas.com.br\/site\/wp-json\/wp\/v2\/media?parent=17397"}],"wp:term":[{"taxonomy":"product_brand","embeddable":true,"href":"https:\/\/fiosulmalhas.com.br\/site\/wp-json\/wp\/v2\/product_brand?post=17397"},{"taxonomy":"product_cat","embeddable":true,"href":"https:\/\/fiosulmalhas.com.br\/site\/wp-json\/wp\/v2\/product_cat?post=17397"},{"taxonomy":"product_tag","embeddable":true,"href":"https:\/\/fiosulmalhas.com.br\/site\/wp-json\/wp\/v2\/product_tag?post=17397"}],"curies":[{"name":"wp","href":"https:\/\/api.w.org\/{rel}","templated":true}]}}