{"id":17400,"date":"2025-10-15T14:07:15","date_gmt":"2025-10-15T14:07:15","guid":{"rendered":"https:\/\/fiosulmalhas.com.br\/site\/?post_type=product&#038;p=17400"},"modified":"2026-04-14T14:23:47","modified_gmt":"2026-04-14T14:23:47","slug":"402-malha-pp-light","status":"publish","type":"product","link":"https:\/\/fiosulmalhas.com.br\/site\/produto\/402-malha-pp-light\/","title":{"rendered":"402 MALHA PP LIGHT"},"content":{"rendered":"\t\t<div data-elementor-type=\"product-post\" data-elementor-id=\"17400\" class=\"elementor elementor-17400\" data-elementor-post-type=\"product\">\n\t\t\t\t<div class=\"elementor-element elementor-element-6bf2b355 e-flex e-con-boxed wpr-particle-no wpr-sticky-section-no e-con e-parent\" data-id=\"6bf2b355\" data-element_type=\"container\" data-e-type=\"container\" data-settings=\"{&quot;jet_parallax_layout_list&quot;:[]}\">\n\t\t\t\t\t<div class=\"e-con-inner\">\n\t\t\t\t<div class=\"elementor-element elementor-element-39a342d3 elementor-widget elementor-widget-text-editor\" data-id=\"39a342d3\" data-element_type=\"widget\" data-e-type=\"widget\" data-widget_type=\"text-editor.default\">\n\t\t\t\t<div class=\"elementor-widget-container\">\n\t\t\t\t\t\t\t\t\t<p><span style=\"font-weight: 400;\">PP LIGHT mant\u00e9m as caracter\u00edsticas da PP ANTIPILLING tradicional, com alta solidez, toque suave e excelente desempenho na sublima\u00e7\u00e3o. Sua gramatura mais leve favorece o rendimento e o melhor aproveitamento por rolo, contribuindo para um excelente custo-benef\u00edcio na produ\u00e7\u00e3o. Conta com acabamento antipilling, que reduz a forma\u00e7\u00e3o de bolinhas e contribui para a manuten\u00e7\u00e3o da apar\u00eancia da pe\u00e7a por mais tempo.<\/span><\/p>\t\t\t\t\t\t\t\t<\/div>\n\t\t\t\t<\/div>\n\t\t\t\t\t<\/div>\n\t\t\t\t<\/div>\n\t\t\t\t<\/div>\n\t\t","protected":false},"excerpt":{"rendered":"<p>PP LIGHT mant\u00e9m as caracter\u00edsticas da PP ANTIPILLING tradicional, com alta solidez, toque suave e excelente desempenho na sublima\u00e7\u00e3o. Sua gramatura mais leve favorece o rendimento e o melhor aproveitamento por rolo, contribuindo para um excelente custo-benef\u00edcio na produ\u00e7\u00e3o. Conta com acabamento antipilling, que reduz a forma\u00e7\u00e3o de bolinhas e contribui para a manuten\u00e7\u00e3o da apar\u00eancia da pe\u00e7a por mais tempo.<\/p>\n","protected":false},"featured_media":23777,"template":"","product_brand":[],"product_cat":[41],"product_tag":[],"class_list":{"0":"post-17400","1":"product","2":"type-product","3":"status-publish","4":"has-post-thumbnail","6":"product_cat-100-poliester","8":"first","9":"instock","10":"shipping-taxable","11":"product-type-simple"},"_links":{"self":[{"href":"https:\/\/fiosulmalhas.com.br\/site\/wp-json\/wp\/v2\/product\/17400","targetHints":{"allow":["GET"]}}],"collection":[{"href":"https:\/\/fiosulmalhas.com.br\/site\/wp-json\/wp\/v2\/product"}],"about":[{"href":"https:\/\/fiosulmalhas.com.br\/site\/wp-json\/wp\/v2\/types\/product"}],"version-history":[{"count":7,"href":"https:\/\/fiosulmalhas.com.br\/site\/wp-json\/wp\/v2\/product\/17400\/revisions"}],"predecessor-version":[{"id":24770,"href":"https:\/\/fiosulmalhas.com.br\/site\/wp-json\/wp\/v2\/product\/17400\/revisions\/24770"}],"wp:featuredmedia":[{"embeddable":true,"href":"https:\/\/fiosulmalhas.com.br\/site\/wp-json\/wp\/v2\/media\/23777"}],"wp:attachment":[{"href":"https:\/\/fiosulmalhas.com.br\/site\/wp-json\/wp\/v2\/media?parent=17400"}],"wp:term":[{"taxonomy":"product_brand","embeddable":true,"href":"https:\/\/fiosulmalhas.com.br\/site\/wp-json\/wp\/v2\/product_brand?post=17400"},{"taxonomy":"product_cat","embeddable":true,"href":"https:\/\/fiosulmalhas.com.br\/site\/wp-json\/wp\/v2\/product_cat?post=17400"},{"taxonomy":"product_tag","embeddable":true,"href":"https:\/\/fiosulmalhas.com.br\/site\/wp-json\/wp\/v2\/product_tag?post=17400"}],"curies":[{"name":"wp","href":"https:\/\/api.w.org\/{rel}","templated":true}]}}