{"id":17402,"date":"2025-10-15T14:08:59","date_gmt":"2025-10-15T14:08:59","guid":{"rendered":"https:\/\/fiosulmalhas.com.br\/site\/?post_type=product&#038;p=17402"},"modified":"2026-04-13T12:50:33","modified_gmt":"2026-04-13T12:50:33","slug":"678-sport-dry","status":"publish","type":"product","link":"https:\/\/fiosulmalhas.com.br\/site\/produto\/678-sport-dry\/","title":{"rendered":"678 SPORT DRY"},"content":{"rendered":"\t\t<div data-elementor-type=\"product-post\" data-elementor-id=\"17402\" class=\"elementor elementor-17402\" data-elementor-post-type=\"product\">\n\t\t\t\t<div class=\"elementor-element elementor-element-7b143dbf e-flex e-con-boxed wpr-particle-no wpr-sticky-section-no e-con e-parent\" data-id=\"7b143dbf\" data-element_type=\"container\" data-e-type=\"container\" data-settings=\"{&quot;jet_parallax_layout_list&quot;:[]}\">\n\t\t\t\t\t<div class=\"e-con-inner\">\n\t\t\t\t<div class=\"elementor-element elementor-element-486cbb88 elementor-widget elementor-widget-text-editor\" data-id=\"486cbb88\" data-element_type=\"widget\" data-e-type=\"widget\" data-widget_type=\"text-editor.default\">\n\t\t\t\t<div class=\"elementor-widget-container\">\n\t\t\t\t\t\t\t\t\t<p><span style=\"font-weight: 400;\">SPORT DRY \u00e9 uma malha leve e vers\u00e1til em 100% poli\u00e9ster, com toque macio e caimento equilibrado. Sua estrutura favorece o conforto no uso e a respirabilidade, sendo indicada para camisetas, regatas e pe\u00e7as esportivas leves. Uma base funcional para produ\u00e7\u00f5es que exigem leveza e liberdade de movimento.<\/span><\/p>\t\t\t\t\t\t\t\t<\/div>\n\t\t\t\t<\/div>\n\t\t\t\t\t<\/div>\n\t\t\t\t<\/div>\n\t\t\t\t<\/div>\n\t\t","protected":false},"excerpt":{"rendered":"<p>SPORT DRY \u00e9 uma malha leve e vers\u00e1til em 100% poli\u00e9ster, com toque macio e caimento equilibrado. Sua estrutura favorece o conforto no uso e a respirabilidade, sendo indicada para camisetas, regatas e pe\u00e7as esportivas leves. Uma base funcional para produ\u00e7\u00f5es que exigem leveza e liberdade de movimento.<\/p>\n","protected":false},"featured_media":23783,"template":"","product_brand":[],"product_cat":[41],"product_tag":[],"class_list":{"0":"post-17402","1":"product","2":"type-product","3":"status-publish","4":"has-post-thumbnail","6":"product_cat-100-poliester","8":"first","9":"instock","10":"shipping-taxable","11":"product-type-simple"},"_links":{"self":[{"href":"https:\/\/fiosulmalhas.com.br\/site\/wp-json\/wp\/v2\/product\/17402","targetHints":{"allow":["GET"]}}],"collection":[{"href":"https:\/\/fiosulmalhas.com.br\/site\/wp-json\/wp\/v2\/product"}],"about":[{"href":"https:\/\/fiosulmalhas.com.br\/site\/wp-json\/wp\/v2\/types\/product"}],"version-history":[{"count":7,"href":"https:\/\/fiosulmalhas.com.br\/site\/wp-json\/wp\/v2\/product\/17402\/revisions"}],"predecessor-version":[{"id":24778,"href":"https:\/\/fiosulmalhas.com.br\/site\/wp-json\/wp\/v2\/product\/17402\/revisions\/24778"}],"wp:featuredmedia":[{"embeddable":true,"href":"https:\/\/fiosulmalhas.com.br\/site\/wp-json\/wp\/v2\/media\/23783"}],"wp:attachment":[{"href":"https:\/\/fiosulmalhas.com.br\/site\/wp-json\/wp\/v2\/media?parent=17402"}],"wp:term":[{"taxonomy":"product_brand","embeddable":true,"href":"https:\/\/fiosulmalhas.com.br\/site\/wp-json\/wp\/v2\/product_brand?post=17402"},{"taxonomy":"product_cat","embeddable":true,"href":"https:\/\/fiosulmalhas.com.br\/site\/wp-json\/wp\/v2\/product_cat?post=17402"},{"taxonomy":"product_tag","embeddable":true,"href":"https:\/\/fiosulmalhas.com.br\/site\/wp-json\/wp\/v2\/product_tag?post=17402"}],"curies":[{"name":"wp","href":"https:\/\/api.w.org\/{rel}","templated":true}]}}