{"id":17404,"date":"2025-10-15T14:11:43","date_gmt":"2025-10-15T14:11:43","guid":{"rendered":"https:\/\/fiosulmalhas.com.br\/site\/?post_type=product&#038;p=17404"},"modified":"2026-04-14T14:52:37","modified_gmt":"2026-04-14T14:52:37","slug":"713-solare","status":"publish","type":"product","link":"https:\/\/fiosulmalhas.com.br\/site\/produto\/713-solare\/","title":{"rendered":"713 SOLARE"},"content":{"rendered":"\t\t<div data-elementor-type=\"product-post\" data-elementor-id=\"17404\" class=\"elementor elementor-17404\" data-elementor-post-type=\"product\">\n\t\t\t\t<div class=\"elementor-element elementor-element-33efe034 e-flex e-con-boxed wpr-particle-no wpr-sticky-section-no e-con e-parent\" data-id=\"33efe034\" data-element_type=\"container\" data-e-type=\"container\" data-settings=\"{&quot;jet_parallax_layout_list&quot;:[]}\">\n\t\t\t\t\t<div class=\"e-con-inner\">\n\t\t\t\t<div class=\"elementor-element elementor-element-2d88661a elementor-widget elementor-widget-text-editor\" data-id=\"2d88661a\" data-element_type=\"widget\" data-e-type=\"widget\" data-widget_type=\"text-editor.default\">\n\t\t\t\t<div class=\"elementor-widget-container\">\n\t\t\t\t\t\t\t\t\t<p><span style=\"font-weight: 400;\">SOLARE \u00e9 uma malha em poli\u00e9ster microfilamentado com elastano, de toque macio e aspecto sedoso. Possui prote\u00e7\u00e3o UV 50+, que bloqueia at\u00e9 98% da incid\u00eancia solar. Ideal para camisetas de pescaria, uniformes esportivos e pe\u00e7as de uso externo, combinando tecnologia, desempenho e conforto em um \u00fanico artigo.\u00a0<\/span><\/p>\t\t\t\t\t\t\t\t<\/div>\n\t\t\t\t<\/div>\n\t\t\t\t\t<\/div>\n\t\t\t\t<\/div>\n\t\t\t\t<\/div>\n\t\t","protected":false},"excerpt":{"rendered":"<p>SOLARE \u00e9 uma malha em poli\u00e9ster microfilamentado com elastano, de toque macio e aspecto sedoso. Possui prote\u00e7\u00e3o UV 50+, que bloqueia at\u00e9 98% da incid\u00eancia solar. Ideal para camisetas de pescaria, uniformes esportivos e pe\u00e7as de uso externo, combinando tecnologia, desempenho e conforto em um \u00fanico artigo.<\/p>\n","protected":false},"featured_media":23801,"template":"","product_brand":[],"product_cat":[44],"product_tag":[],"class_list":{"0":"post-17404","1":"product","2":"type-product","3":"status-publish","4":"has-post-thumbnail","6":"product_cat-poliester-c-elastano","8":"first","9":"instock","10":"shipping-taxable","11":"product-type-simple"},"_links":{"self":[{"href":"https:\/\/fiosulmalhas.com.br\/site\/wp-json\/wp\/v2\/product\/17404","targetHints":{"allow":["GET"]}}],"collection":[{"href":"https:\/\/fiosulmalhas.com.br\/site\/wp-json\/wp\/v2\/product"}],"about":[{"href":"https:\/\/fiosulmalhas.com.br\/site\/wp-json\/wp\/v2\/types\/product"}],"version-history":[{"count":8,"href":"https:\/\/fiosulmalhas.com.br\/site\/wp-json\/wp\/v2\/product\/17404\/revisions"}],"predecessor-version":[{"id":24871,"href":"https:\/\/fiosulmalhas.com.br\/site\/wp-json\/wp\/v2\/product\/17404\/revisions\/24871"}],"wp:featuredmedia":[{"embeddable":true,"href":"https:\/\/fiosulmalhas.com.br\/site\/wp-json\/wp\/v2\/media\/23801"}],"wp:attachment":[{"href":"https:\/\/fiosulmalhas.com.br\/site\/wp-json\/wp\/v2\/media?parent=17404"}],"wp:term":[{"taxonomy":"product_brand","embeddable":true,"href":"https:\/\/fiosulmalhas.com.br\/site\/wp-json\/wp\/v2\/product_brand?post=17404"},{"taxonomy":"product_cat","embeddable":true,"href":"https:\/\/fiosulmalhas.com.br\/site\/wp-json\/wp\/v2\/product_cat?post=17404"},{"taxonomy":"product_tag","embeddable":true,"href":"https:\/\/fiosulmalhas.com.br\/site\/wp-json\/wp\/v2\/product_tag?post=17404"}],"curies":[{"name":"wp","href":"https:\/\/api.w.org\/{rel}","templated":true}]}}