{"id":17408,"date":"2025-10-15T14:22:05","date_gmt":"2025-10-15T14:22:05","guid":{"rendered":"https:\/\/fiosulmalhas.com.br\/site\/?post_type=product&#038;p=17408"},"modified":"2026-04-13T15:10:51","modified_gmt":"2026-04-13T15:10:51","slug":"880-florida","status":"publish","type":"product","link":"https:\/\/fiosulmalhas.com.br\/site\/produto\/880-florida\/","title":{"rendered":"880 FL\u00d3RIDA"},"content":{"rendered":"\t\t<div data-elementor-type=\"product-post\" data-elementor-id=\"17408\" class=\"elementor elementor-17408\" data-elementor-post-type=\"product\">\n\t\t\t\t<div class=\"elementor-element elementor-element-1e12af1f e-flex e-con-boxed wpr-particle-no wpr-sticky-section-no e-con e-parent\" data-id=\"1e12af1f\" data-element_type=\"container\" data-e-type=\"container\" data-settings=\"{&quot;jet_parallax_layout_list&quot;:[]}\">\n\t\t\t\t\t<div class=\"e-con-inner\">\n\t\t\t\t<div class=\"elementor-element elementor-element-4b0b78ac elementor-widget elementor-widget-text-editor\" data-id=\"4b0b78ac\" data-element_type=\"widget\" data-e-type=\"widget\" data-widget_type=\"text-editor.default\">\n\t\t\t\t<div class=\"elementor-widget-container\">\n\t\t\t\t\t\t\t\t\t<p><span style=\"font-weight: 400;\">FL\u00d3RIDA \u00e9 uma malha leve em poli\u00e9ster microfilamentado com elastano, com toque macio, caimento suave e boa elasticidade. Sua estrutura com falsos furos favorece a ventila\u00e7\u00e3o e agrega visual esportivo \u00e0s pe\u00e7as. Adequada para sublima\u00e7\u00e3o, apresenta bom desempenho em personaliza\u00e7\u00f5es. Indicada para regatas, camisetas fitness, blusas e abad\u00e1s, atendendo produ\u00e7\u00f5es esportivas e casuais com leveza e conforto.<\/span><\/p>\t\t\t\t\t\t\t\t<\/div>\n\t\t\t\t<\/div>\n\t\t\t\t\t<\/div>\n\t\t\t\t<\/div>\n\t\t\t\t<\/div>\n\t\t","protected":false},"excerpt":{"rendered":"<p>FL\u00d3RIDA \u00e9 uma malha leve em poli\u00e9ster microfilamentado com elastano, com toque macio, caimento suave e boa elasticidade. Sua estrutura com falsos furos favorece a ventila\u00e7\u00e3o e agrega visual esportivo \u00e0s pe\u00e7as. Adequada para sublima\u00e7\u00e3o, apresenta bom desempenho em personaliza\u00e7\u00f5es. Indicada para regatas, camisetas fitness, blusas e abad\u00e1s, atendendo produ\u00e7\u00f5es esportivas e casuais com leveza e conforto.<\/p>\n","protected":false},"featured_media":23803,"template":"","product_brand":[],"product_cat":[44],"product_tag":[],"class_list":{"0":"post-17408","1":"product","2":"type-product","3":"status-publish","4":"has-post-thumbnail","6":"product_cat-poliester-c-elastano","8":"first","9":"instock","10":"shipping-taxable","11":"product-type-simple"},"_links":{"self":[{"href":"https:\/\/fiosulmalhas.com.br\/site\/wp-json\/wp\/v2\/product\/17408","targetHints":{"allow":["GET"]}}],"collection":[{"href":"https:\/\/fiosulmalhas.com.br\/site\/wp-json\/wp\/v2\/product"}],"about":[{"href":"https:\/\/fiosulmalhas.com.br\/site\/wp-json\/wp\/v2\/types\/product"}],"version-history":[{"count":5,"href":"https:\/\/fiosulmalhas.com.br\/site\/wp-json\/wp\/v2\/product\/17408\/revisions"}],"predecessor-version":[{"id":24886,"href":"https:\/\/fiosulmalhas.com.br\/site\/wp-json\/wp\/v2\/product\/17408\/revisions\/24886"}],"wp:featuredmedia":[{"embeddable":true,"href":"https:\/\/fiosulmalhas.com.br\/site\/wp-json\/wp\/v2\/media\/23803"}],"wp:attachment":[{"href":"https:\/\/fiosulmalhas.com.br\/site\/wp-json\/wp\/v2\/media?parent=17408"}],"wp:term":[{"taxonomy":"product_brand","embeddable":true,"href":"https:\/\/fiosulmalhas.com.br\/site\/wp-json\/wp\/v2\/product_brand?post=17408"},{"taxonomy":"product_cat","embeddable":true,"href":"https:\/\/fiosulmalhas.com.br\/site\/wp-json\/wp\/v2\/product_cat?post=17408"},{"taxonomy":"product_tag","embeddable":true,"href":"https:\/\/fiosulmalhas.com.br\/site\/wp-json\/wp\/v2\/product_tag?post=17408"}],"curies":[{"name":"wp","href":"https:\/\/api.w.org\/{rel}","templated":true}]}}