{"id":23089,"date":"2026-02-26T15:00:41","date_gmt":"2026-02-26T15:00:41","guid":{"rendered":"https:\/\/fiosulmalhas.com.br\/site\/?post_type=product&#038;p=23089"},"modified":"2026-04-14T14:02:44","modified_gmt":"2026-04-14T14:02:44","slug":"270-malha-pa","status":"publish","type":"product","link":"https:\/\/fiosulmalhas.com.br\/site\/produto\/270-malha-pa\/","title":{"rendered":"270 MALHA PA"},"content":{"rendered":"\t\t<div data-elementor-type=\"product-post\" data-elementor-id=\"23089\" class=\"elementor elementor-23089\" data-elementor-post-type=\"product\">\n\t\t\t\t<div class=\"elementor-element elementor-element-28ef84b2 e-flex e-con-boxed wpr-particle-no wpr-sticky-section-no e-con e-parent\" data-id=\"28ef84b2\" data-element_type=\"container\" data-e-type=\"container\" data-settings=\"{&quot;jet_parallax_layout_list&quot;:[]}\">\n\t\t\t\t\t<div class=\"e-con-inner\">\n\t\t\t\t<div class=\"elementor-element elementor-element-297eded1 elementor-widget elementor-widget-text-editor\" data-id=\"297eded1\" data-element_type=\"widget\" data-e-type=\"widget\" data-widget_type=\"text-editor.default\">\n\t\t\t\t<div class=\"elementor-widget-container\">\n\t\t\t\t\t\t\t\t\t<p><span style=\"font-weight: 400;\">MALHA PA foi desenvolvida para atender \u00e0s exig\u00eancias de uniformiza\u00e7\u00e3o escolar do Governo do Distrito Federal. Projetada para uso cont\u00ednuo, combina resist\u00eancia e conforto no dia a dia. Sua estrutura contribui para a manuten\u00e7\u00e3o da apar\u00eancia mesmo ap\u00f3s lavagens frequentes, enquanto a tecnologia antipilling reduz a forma\u00e7\u00e3o de bolinhas e auxiliar na durabilidade das pe\u00e7as.<\/span><\/p>\t\t\t\t\t\t\t\t<\/div>\n\t\t\t\t<\/div>\n\t\t\t\t\t<\/div>\n\t\t\t\t<\/div>\n\t\t\t\t<\/div>\n\t\t","protected":false},"excerpt":{"rendered":"<p>MALHA PA foi desenvolvida para atender \u00e0s exig\u00eancias de uniformiza\u00e7\u00e3o escolar do Governo do Distrito Federal. Projetada para uso cont\u00ednuo, combina resist\u00eancia e conforto no dia a dia. Sua estrutura contribui para a manuten\u00e7\u00e3o da apar\u00eancia mesmo ap\u00f3s lavagens frequentes, enquanto a tecnologia antipilling reduz a forma\u00e7\u00e3o de bolinhas e auxiliar na durabilidade das pe\u00e7as.<\/p>\n","protected":false},"featured_media":23770,"template":"","product_brand":[],"product_cat":[43],"product_tag":[],"class_list":{"0":"post-23089","1":"product","2":"type-product","3":"status-publish","4":"has-post-thumbnail","6":"product_cat-algodao-c-poliester","8":"first","9":"instock","10":"shipping-taxable","11":"product-type-simple"},"_links":{"self":[{"href":"https:\/\/fiosulmalhas.com.br\/site\/wp-json\/wp\/v2\/product\/23089","targetHints":{"allow":["GET"]}}],"collection":[{"href":"https:\/\/fiosulmalhas.com.br\/site\/wp-json\/wp\/v2\/product"}],"about":[{"href":"https:\/\/fiosulmalhas.com.br\/site\/wp-json\/wp\/v2\/types\/product"}],"version-history":[{"count":11,"href":"https:\/\/fiosulmalhas.com.br\/site\/wp-json\/wp\/v2\/product\/23089\/revisions"}],"predecessor-version":[{"id":25038,"href":"https:\/\/fiosulmalhas.com.br\/site\/wp-json\/wp\/v2\/product\/23089\/revisions\/25038"}],"wp:featuredmedia":[{"embeddable":true,"href":"https:\/\/fiosulmalhas.com.br\/site\/wp-json\/wp\/v2\/media\/23770"}],"wp:attachment":[{"href":"https:\/\/fiosulmalhas.com.br\/site\/wp-json\/wp\/v2\/media?parent=23089"}],"wp:term":[{"taxonomy":"product_brand","embeddable":true,"href":"https:\/\/fiosulmalhas.com.br\/site\/wp-json\/wp\/v2\/product_brand?post=23089"},{"taxonomy":"product_cat","embeddable":true,"href":"https:\/\/fiosulmalhas.com.br\/site\/wp-json\/wp\/v2\/product_cat?post=23089"},{"taxonomy":"product_tag","embeddable":true,"href":"https:\/\/fiosulmalhas.com.br\/site\/wp-json\/wp\/v2\/product_tag?post=23089"}],"curies":[{"name":"wp","href":"https:\/\/api.w.org\/{rel}","templated":true}]}}