{"id":6163,"date":"2022-10-11T22:58:35","date_gmt":"2022-10-11T22:58:35","guid":{"rendered":"https:\/\/fiosulmalhas.com.br\/site\/index.php\/product\/215-m-malha-pent-premium\/"},"modified":"2026-04-14T11:23:55","modified_gmt":"2026-04-14T11:23:55","slug":"215","status":"publish","type":"product","link":"https:\/\/fiosulmalhas.com.br\/site\/produto\/215\/","title":{"rendered":"215 M. MALHA PENT. PREMIUM"},"content":{"rendered":"\t\t<div data-elementor-type=\"product-post\" data-elementor-id=\"6163\" class=\"elementor elementor-6163\" data-elementor-post-type=\"product\">\n\t\t\t\t\t\t<section class=\"elementor-section elementor-top-section elementor-element elementor-element-44106854 elementor-section-boxed elementor-section-height-default elementor-section-height-default wpr-particle-no wpr-sticky-section-no\" data-id=\"44106854\" data-element_type=\"section\" data-e-type=\"section\" data-settings=\"{&quot;jet_parallax_layout_list&quot;:[]}\">\n\t\t\t\t\t\t<div class=\"elementor-container elementor-column-gap-default\">\n\t\t\t\t\t<div class=\"elementor-column elementor-col-100 elementor-top-column elementor-element elementor-element-4bd08f4d\" data-id=\"4bd08f4d\" data-element_type=\"column\" data-e-type=\"column\">\n\t\t\t<div class=\"elementor-widget-wrap elementor-element-populated\">\n\t\t\t\t\t\t<div class=\"elementor-element elementor-element-67b0a48b elementor-widget elementor-widget-text-editor\" data-id=\"67b0a48b\" data-element_type=\"widget\" data-e-type=\"widget\" data-widget_type=\"text-editor.default\">\n\t\t\t\t<div class=\"elementor-widget-container\">\n\t\t\t\t\t\t\t\t\t<p><span style=\"font-weight: 400;\">MEIA MALHA PENTEADA PREMIUM produzida com fio de algod\u00e3o penteado, de fibras mais longas, que proporcionam toque suave, maior durabilidade e menor forma\u00e7\u00e3o de pilling. Indicada para produ\u00e7\u00e3o de cole\u00e7\u00f5es com qualidade superior.<\/span><\/p>\t\t\t\t\t\t\t\t<\/div>\n\t\t\t\t<\/div>\n\t\t\t\t\t<\/div>\n\t\t<\/div>\n\t\t\t\t\t<\/div>\n\t\t<\/section>\n\t\t\t\t<\/div>\n\t\t","protected":false},"excerpt":{"rendered":"<p>MEIA MALHA PENTEADA PREMIUM produzida com fio de algod\u00e3o penteado, de fibras mais longas, que proporcionam toque suave, maior durabilidade e menor forma\u00e7\u00e3o de pilling. Indicada para produ\u00e7\u00e3o de cole\u00e7\u00f5es com qualidade superior.<\/p>\n","protected":false},"featured_media":23758,"template":"","product_brand":[],"product_cat":[23],"product_tag":[],"class_list":{"0":"post-6163","1":"product","2":"type-product","3":"status-publish","4":"has-post-thumbnail","6":"product_cat-100-algodao","8":"first","9":"instock","10":"virtual","11":"product-type-simple"},"_links":{"self":[{"href":"https:\/\/fiosulmalhas.com.br\/site\/wp-json\/wp\/v2\/product\/6163","targetHints":{"allow":["GET"]}}],"collection":[{"href":"https:\/\/fiosulmalhas.com.br\/site\/wp-json\/wp\/v2\/product"}],"about":[{"href":"https:\/\/fiosulmalhas.com.br\/site\/wp-json\/wp\/v2\/types\/product"}],"version-history":[{"count":31,"href":"https:\/\/fiosulmalhas.com.br\/site\/wp-json\/wp\/v2\/product\/6163\/revisions"}],"predecessor-version":[{"id":24730,"href":"https:\/\/fiosulmalhas.com.br\/site\/wp-json\/wp\/v2\/product\/6163\/revisions\/24730"}],"wp:featuredmedia":[{"embeddable":true,"href":"https:\/\/fiosulmalhas.com.br\/site\/wp-json\/wp\/v2\/media\/23758"}],"wp:attachment":[{"href":"https:\/\/fiosulmalhas.com.br\/site\/wp-json\/wp\/v2\/media?parent=6163"}],"wp:term":[{"taxonomy":"product_brand","embeddable":true,"href":"https:\/\/fiosulmalhas.com.br\/site\/wp-json\/wp\/v2\/product_brand?post=6163"},{"taxonomy":"product_cat","embeddable":true,"href":"https:\/\/fiosulmalhas.com.br\/site\/wp-json\/wp\/v2\/product_cat?post=6163"},{"taxonomy":"product_tag","embeddable":true,"href":"https:\/\/fiosulmalhas.com.br\/site\/wp-json\/wp\/v2\/product_tag?post=6163"}],"curies":[{"name":"wp","href":"https:\/\/api.w.org\/{rel}","templated":true}]}}