{"id":6167,"date":"2022-10-11T22:58:35","date_gmt":"2022-10-11T22:58:35","guid":{"rendered":"https:\/\/fiosulmalhas.com.br\/site\/index.php\/product\/079-piquet-pp-antipilling\/"},"modified":"2026-04-10T20:11:32","modified_gmt":"2026-04-10T20:11:32","slug":"079","status":"publish","type":"product","link":"https:\/\/fiosulmalhas.com.br\/site\/produto\/079\/","title":{"rendered":"\u00a0079 PIQUET PP ANTIPILLING"},"content":{"rendered":"\t\t<div data-elementor-type=\"product-post\" data-elementor-id=\"6167\" class=\"elementor elementor-6167\" data-elementor-post-type=\"product\">\n\t\t\t\t<div class=\"elementor-element elementor-element-5219cf8d e-flex e-con-boxed wpr-particle-no wpr-sticky-section-no e-con e-parent\" data-id=\"5219cf8d\" data-element_type=\"container\" data-e-type=\"container\" data-settings=\"{&quot;jet_parallax_layout_list&quot;:[]}\">\n\t\t\t\t\t<div class=\"e-con-inner\">\n\t\t\t\t<div class=\"elementor-element elementor-element-66087988 elementor-widget elementor-widget-text-editor\" data-id=\"66087988\" data-element_type=\"widget\" data-e-type=\"widget\" data-widget_type=\"text-editor.default\">\n\t\t\t\t<div class=\"elementor-widget-container\">\n\t\t\t\t\t\t\t\t\t<p><span style=\"font-weight: 400;\">PIQUET PP ANTIPILLING \u00e9 uma malha 100% poli\u00e9ster com constru\u00e7\u00e3o em piquet. Sua estrutura, aliada \u00e0 tecnologia respir\u00e1vel dry e ao tratamento antipilling, favorece a r\u00e1pida dispers\u00e3o da umidade e reduz a forma\u00e7\u00e3o de bolinhas, mesmo ap\u00f3s uso intenso e lavagens frequentes. Apresenta excelente solidez de cor e bom desempenho na sublima\u00e7\u00e3o.<\/span><\/p>\t\t\t\t\t\t\t\t<\/div>\n\t\t\t\t<\/div>\n\t\t\t\t\t<\/div>\n\t\t\t\t<\/div>\n\t\t\t\t<\/div>\n\t\t","protected":false},"excerpt":{"rendered":"<p>PIQUET PP ANTIPILLING \u00e9 uma malha 100% poli\u00e9ster com constru\u00e7\u00e3o em piquet. Sua estrutura, aliada \u00e0 tecnologia respir\u00e1vel dry e ao tratamento antipilling, favorece a r\u00e1pida dispers\u00e3o da umidade e reduz a forma\u00e7\u00e3o de bolinhas, mesmo ap\u00f3s uso intenso e lavagens frequentes. Apresenta excelente solidez de cor e bom desempenho na sublima\u00e7\u00e3o.<\/p>\n","protected":false},"featured_media":24235,"template":"","product_brand":[],"product_cat":[41],"product_tag":[],"class_list":{"0":"post-6167","1":"product","2":"type-product","3":"status-publish","4":"has-post-thumbnail","6":"product_cat-100-poliester","8":"first","9":"instock","10":"shipping-taxable","11":"product-type-simple"},"_links":{"self":[{"href":"https:\/\/fiosulmalhas.com.br\/site\/wp-json\/wp\/v2\/product\/6167","targetHints":{"allow":["GET"]}}],"collection":[{"href":"https:\/\/fiosulmalhas.com.br\/site\/wp-json\/wp\/v2\/product"}],"about":[{"href":"https:\/\/fiosulmalhas.com.br\/site\/wp-json\/wp\/v2\/types\/product"}],"version-history":[{"count":23,"href":"https:\/\/fiosulmalhas.com.br\/site\/wp-json\/wp\/v2\/product\/6167\/revisions"}],"predecessor-version":[{"id":25040,"href":"https:\/\/fiosulmalhas.com.br\/site\/wp-json\/wp\/v2\/product\/6167\/revisions\/25040"}],"wp:featuredmedia":[{"embeddable":true,"href":"https:\/\/fiosulmalhas.com.br\/site\/wp-json\/wp\/v2\/media\/24235"}],"wp:attachment":[{"href":"https:\/\/fiosulmalhas.com.br\/site\/wp-json\/wp\/v2\/media?parent=6167"}],"wp:term":[{"taxonomy":"product_brand","embeddable":true,"href":"https:\/\/fiosulmalhas.com.br\/site\/wp-json\/wp\/v2\/product_brand?post=6167"},{"taxonomy":"product_cat","embeddable":true,"href":"https:\/\/fiosulmalhas.com.br\/site\/wp-json\/wp\/v2\/product_cat?post=6167"},{"taxonomy":"product_tag","embeddable":true,"href":"https:\/\/fiosulmalhas.com.br\/site\/wp-json\/wp\/v2\/product_tag?post=6167"}],"curies":[{"name":"wp","href":"https:\/\/api.w.org\/{rel}","templated":true}]}}