{"id":6168,"date":"2022-10-11T22:58:35","date_gmt":"2022-10-11T22:58:35","guid":{"rendered":"https:\/\/fiosulmalhas.com.br\/site\/index.php\/product\/188-malha-pp-sublimatex\/"},"modified":"2026-04-10T20:13:11","modified_gmt":"2026-04-10T20:13:11","slug":"188","status":"publish","type":"product","link":"https:\/\/fiosulmalhas.com.br\/site\/produto\/188\/","title":{"rendered":"\u00a0188 MALHA PP SUBLIMATEX"},"content":{"rendered":"\t\t<div data-elementor-type=\"product-post\" data-elementor-id=\"6168\" class=\"elementor elementor-6168\" data-elementor-post-type=\"product\">\n\t\t\t\t<div class=\"elementor-element elementor-element-1527d82 e-flex e-con-boxed wpr-particle-no wpr-sticky-section-no e-con e-parent\" data-id=\"1527d82\" data-element_type=\"container\" data-e-type=\"container\" data-settings=\"{&quot;jet_parallax_layout_list&quot;:[]}\">\n\t\t\t\t\t<div class=\"e-con-inner\">\n\t\t\t\t<div class=\"elementor-element elementor-element-7325a1cd elementor-widget elementor-widget-text-editor\" data-id=\"7325a1cd\" data-element_type=\"widget\" data-e-type=\"widget\" data-widget_type=\"text-editor.default\">\n\t\t\t\t<div class=\"elementor-widget-container\">\n\t\t\t\t\t\t\t\t\t<p><span style=\"font-weight: 400;\">PP SUBLIMATEX \u00e9 uma base em 100% poli\u00e9ster voltada para produ\u00e7\u00f5es de uniformes profissionais e escolares que exigem qualidade e custo-benef\u00edcio. Destaca-se pela excelente defini\u00e7\u00e3o na sublima\u00e7\u00e3o, garantindo cores vivas e maior nitidez nas estampas. Conta com tecnologia respir\u00e1vel dry, que favorece o conforto e o frescor ao longo do uso<\/span><\/p>\t\t\t\t\t\t\t\t<\/div>\n\t\t\t\t<\/div>\n\t\t\t\t\t<\/div>\n\t\t\t\t<\/div>\n\t\t\t\t<\/div>\n\t\t","protected":false},"excerpt":{"rendered":"<p>PP SUBLIMATEX \u00e9 uma base em 100% poli\u00e9ster voltada para produ\u00e7\u00f5es de uniformes profissionais e escolares que exigem qualidade e custo-benef\u00edcio. Destaca-se pela excelente defini\u00e7\u00e3o na sublima\u00e7\u00e3o, garantindo cores vivas e maior nitidez nas estampas. Conta com tecnologia respir\u00e1vel dry, que favorece o conforto e o frescor ao longo do uso<\/p>\n","protected":false},"featured_media":23774,"template":"","product_brand":[],"product_cat":[41],"product_tag":[],"class_list":{"0":"post-6168","1":"product","2":"type-product","3":"status-publish","4":"has-post-thumbnail","6":"product_cat-100-poliester","8":"first","9":"instock","10":"shipping-taxable","11":"product-type-simple"},"_links":{"self":[{"href":"https:\/\/fiosulmalhas.com.br\/site\/wp-json\/wp\/v2\/product\/6168","targetHints":{"allow":["GET"]}}],"collection":[{"href":"https:\/\/fiosulmalhas.com.br\/site\/wp-json\/wp\/v2\/product"}],"about":[{"href":"https:\/\/fiosulmalhas.com.br\/site\/wp-json\/wp\/v2\/types\/product"}],"version-history":[{"count":23,"href":"https:\/\/fiosulmalhas.com.br\/site\/wp-json\/wp\/v2\/product\/6168\/revisions"}],"predecessor-version":[{"id":24852,"href":"https:\/\/fiosulmalhas.com.br\/site\/wp-json\/wp\/v2\/product\/6168\/revisions\/24852"}],"wp:featuredmedia":[{"embeddable":true,"href":"https:\/\/fiosulmalhas.com.br\/site\/wp-json\/wp\/v2\/media\/23774"}],"wp:attachment":[{"href":"https:\/\/fiosulmalhas.com.br\/site\/wp-json\/wp\/v2\/media?parent=6168"}],"wp:term":[{"taxonomy":"product_brand","embeddable":true,"href":"https:\/\/fiosulmalhas.com.br\/site\/wp-json\/wp\/v2\/product_brand?post=6168"},{"taxonomy":"product_cat","embeddable":true,"href":"https:\/\/fiosulmalhas.com.br\/site\/wp-json\/wp\/v2\/product_cat?post=6168"},{"taxonomy":"product_tag","embeddable":true,"href":"https:\/\/fiosulmalhas.com.br\/site\/wp-json\/wp\/v2\/product_tag?post=6168"}],"curies":[{"name":"wp","href":"https:\/\/api.w.org\/{rel}","templated":true}]}}