{"id":6171,"date":"2022-10-11T22:58:35","date_gmt":"2022-10-11T22:58:35","guid":{"rendered":"https:\/\/fiosulmalhas.com.br\/site\/index.php\/product\/415-helanca-colegial-poliester\/"},"modified":"2026-04-14T14:29:46","modified_gmt":"2026-04-14T14:29:46","slug":"415","status":"publish","type":"product","link":"https:\/\/fiosulmalhas.com.br\/site\/produto\/415\/","title":{"rendered":"415 HELANCA COLEGIAL POLI\u00c9STER"},"content":{"rendered":"\t\t<div data-elementor-type=\"product-post\" data-elementor-id=\"6171\" class=\"elementor elementor-6171\" data-elementor-post-type=\"product\">\n\t\t\t\t<div class=\"elementor-element elementor-element-497e8c0e e-flex e-con-boxed wpr-particle-no wpr-sticky-section-no e-con e-parent\" data-id=\"497e8c0e\" data-element_type=\"container\" data-e-type=\"container\" data-settings=\"{&quot;jet_parallax_layout_list&quot;:[]}\">\n\t\t\t\t\t<div class=\"e-con-inner\">\n\t\t\t\t<div class=\"elementor-element elementor-element-709db91b elementor-widget elementor-widget-text-editor\" data-id=\"709db91b\" data-element_type=\"widget\" data-e-type=\"widget\" data-widget_type=\"text-editor.default\">\n\t\t\t\t<div class=\"elementor-widget-container\">\n\t\t\t\t\t\t\t\t\t<p><span style=\"font-weight: 400;\">HELANCA COLEGIAL em 100% poli\u00e9ster \u00e9 uma base vers\u00e1til para uniformes escolares, profissionais e pe\u00e7as esportivas. Com estrutura resistente e toque confort\u00e1vel, acompanha o uso cont\u00ednuo com boa solidez de cor. Adequada para sublima\u00e7\u00e3o e personaliza\u00e7\u00f5es. Conta com tecnologia respir\u00e1vel dry, que auxilia no conforto ao longo do uso.<\/span><\/p>\t\t\t\t\t\t\t\t<\/div>\n\t\t\t\t<\/div>\n\t\t\t\t\t<\/div>\n\t\t\t\t<\/div>\n\t\t\t\t<\/div>\n\t\t","protected":false},"excerpt":{"rendered":"<p>HELANCA COLEGIAL em 100% poli\u00e9ster \u00e9 uma base vers\u00e1til para uniformes escolares, profissionais e pe\u00e7as esportivas. Com estrutura resistente e toque confort\u00e1vel, acompanha o uso cont\u00ednuo com boa solidez de cor. Adequada para sublima\u00e7\u00e3o e personaliza\u00e7\u00f5es. Conta com tecnologia respir\u00e1vel dry, que auxilia no conforto ao longo do uso.<\/p>\n","protected":false},"featured_media":23780,"template":"","product_brand":[],"product_cat":[41],"product_tag":[],"class_list":{"0":"post-6171","1":"product","2":"type-product","3":"status-publish","4":"has-post-thumbnail","6":"product_cat-100-poliester","8":"first","9":"instock","10":"shipping-taxable","11":"product-type-simple"},"_links":{"self":[{"href":"https:\/\/fiosulmalhas.com.br\/site\/wp-json\/wp\/v2\/product\/6171","targetHints":{"allow":["GET"]}}],"collection":[{"href":"https:\/\/fiosulmalhas.com.br\/site\/wp-json\/wp\/v2\/product"}],"about":[{"href":"https:\/\/fiosulmalhas.com.br\/site\/wp-json\/wp\/v2\/types\/product"}],"version-history":[{"count":16,"href":"https:\/\/fiosulmalhas.com.br\/site\/wp-json\/wp\/v2\/product\/6171\/revisions"}],"predecessor-version":[{"id":24853,"href":"https:\/\/fiosulmalhas.com.br\/site\/wp-json\/wp\/v2\/product\/6171\/revisions\/24853"}],"wp:featuredmedia":[{"embeddable":true,"href":"https:\/\/fiosulmalhas.com.br\/site\/wp-json\/wp\/v2\/media\/23780"}],"wp:attachment":[{"href":"https:\/\/fiosulmalhas.com.br\/site\/wp-json\/wp\/v2\/media?parent=6171"}],"wp:term":[{"taxonomy":"product_brand","embeddable":true,"href":"https:\/\/fiosulmalhas.com.br\/site\/wp-json\/wp\/v2\/product_brand?post=6171"},{"taxonomy":"product_cat","embeddable":true,"href":"https:\/\/fiosulmalhas.com.br\/site\/wp-json\/wp\/v2\/product_cat?post=6171"},{"taxonomy":"product_tag","embeddable":true,"href":"https:\/\/fiosulmalhas.com.br\/site\/wp-json\/wp\/v2\/product_tag?post=6171"}],"curies":[{"name":"wp","href":"https:\/\/api.w.org\/{rel}","templated":true}]}}