{"id":6172,"date":"2022-10-11T22:58:35","date_gmt":"2022-10-11T22:58:35","guid":{"rendered":"https:\/\/fiosulmalhas.com.br\/site\/index.php\/product\/675-dry-aero-poly\/"},"modified":"2026-04-10T20:23:18","modified_gmt":"2026-04-10T20:23:18","slug":"675","status":"publish","type":"product","link":"https:\/\/fiosulmalhas.com.br\/site\/produto\/675\/","title":{"rendered":"675 DRY AERO POLY"},"content":{"rendered":"\t\t<div data-elementor-type=\"product-post\" data-elementor-id=\"6172\" class=\"elementor elementor-6172\" data-elementor-post-type=\"product\">\n\t\t\t\t<div class=\"elementor-element elementor-element-17120a04 e-flex e-con-boxed wpr-particle-no wpr-sticky-section-no e-con e-parent\" data-id=\"17120a04\" data-element_type=\"container\" data-e-type=\"container\" data-settings=\"{&quot;jet_parallax_layout_list&quot;:[]}\">\n\t\t\t\t\t<div class=\"e-con-inner\">\n\t\t\t\t<div class=\"elementor-element elementor-element-1e3c7a1e elementor-widget elementor-widget-text-editor\" data-id=\"1e3c7a1e\" data-element_type=\"widget\" data-e-type=\"widget\" data-widget_type=\"text-editor.default\">\n\t\t\t\t<div class=\"elementor-widget-container\">\n\t\t\t\t\t\t\t\t\t<p><span style=\"font-weight: 400;\">DRY AERO POLY \u00e9 uma malha leve e vers\u00e1til, com estrutura que favorece a ventila\u00e7\u00e3o e o conforto durante o uso. Funciona bem tanto em pe\u00e7as inteiras quanto em detalhes, permitindo combina\u00e7\u00f5es com diferentes texturas e cores. Adequada para sublima\u00e7\u00e3o, amplia as possibilidades de personaliza\u00e7\u00e3o, sendo uma base funcional para aplica\u00e7\u00f5es esportivas e casuais.<\/span><\/p><p>\u00a0<\/p>\t\t\t\t\t\t\t\t<\/div>\n\t\t\t\t<\/div>\n\t\t\t\t\t<\/div>\n\t\t\t\t<\/div>\n\t\t\t\t<\/div>\n\t\t","protected":false},"excerpt":{"rendered":"<p>DRY AERO POLY \u00e9 uma malha leve e vers\u00e1til, com estrutura que favorece a ventila\u00e7\u00e3o e o conforto durante o uso. Funciona bem tanto em pe\u00e7as inteiras quanto em detalhes, permitindo combina\u00e7\u00f5es com diferentes texturas e cores. Adequada para sublima\u00e7\u00e3o, amplia as possibilidades de personaliza\u00e7\u00e3o, sendo uma base funcional para aplica\u00e7\u00f5es esportivas e casuais.<\/p>\n","protected":false},"featured_media":23782,"template":"","product_brand":[],"product_cat":[41],"product_tag":[],"class_list":{"0":"post-6172","1":"product","2":"type-product","3":"status-publish","4":"has-post-thumbnail","6":"product_cat-100-poliester","8":"first","9":"instock","10":"shipping-taxable","11":"product-type-simple"},"_links":{"self":[{"href":"https:\/\/fiosulmalhas.com.br\/site\/wp-json\/wp\/v2\/product\/6172","targetHints":{"allow":["GET"]}}],"collection":[{"href":"https:\/\/fiosulmalhas.com.br\/site\/wp-json\/wp\/v2\/product"}],"about":[{"href":"https:\/\/fiosulmalhas.com.br\/site\/wp-json\/wp\/v2\/types\/product"}],"version-history":[{"count":12,"href":"https:\/\/fiosulmalhas.com.br\/site\/wp-json\/wp\/v2\/product\/6172\/revisions"}],"predecessor-version":[{"id":24777,"href":"https:\/\/fiosulmalhas.com.br\/site\/wp-json\/wp\/v2\/product\/6172\/revisions\/24777"}],"wp:featuredmedia":[{"embeddable":true,"href":"https:\/\/fiosulmalhas.com.br\/site\/wp-json\/wp\/v2\/media\/23782"}],"wp:attachment":[{"href":"https:\/\/fiosulmalhas.com.br\/site\/wp-json\/wp\/v2\/media?parent=6172"}],"wp:term":[{"taxonomy":"product_brand","embeddable":true,"href":"https:\/\/fiosulmalhas.com.br\/site\/wp-json\/wp\/v2\/product_brand?post=6172"},{"taxonomy":"product_cat","embeddable":true,"href":"https:\/\/fiosulmalhas.com.br\/site\/wp-json\/wp\/v2\/product_cat?post=6172"},{"taxonomy":"product_tag","embeddable":true,"href":"https:\/\/fiosulmalhas.com.br\/site\/wp-json\/wp\/v2\/product_tag?post=6172"}],"curies":[{"name":"wp","href":"https:\/\/api.w.org\/{rel}","templated":true}]}}