{"id":6177,"date":"2022-10-11T22:58:35","date_gmt":"2022-10-11T22:58:35","guid":{"rendered":"https:\/\/fiosulmalhas.com.br\/site\/index.php\/product\/292-moleconfort\/"},"modified":"2026-03-12T14:40:28","modified_gmt":"2026-03-12T14:40:28","slug":"292","status":"publish","type":"product","link":"https:\/\/fiosulmalhas.com.br\/site\/produto\/292\/","title":{"rendered":"292 MOLECONFORT"},"content":{"rendered":"<p>Produzido com algod\u00e3o sustent\u00e1vel, esse artigo tem um excelente toque por se tratar de fibra natural que real\u00e7a a experi\u00eancia de uso. A aplica\u00e7\u00e3o \u00e9 sugerida para v\u00e1rios segmentos, sendo uma op\u00e7\u00e3o excelente para pe\u00e7as mais confort\u00e1veis, sendo uma aliada das tend\u00eancias de moda.<\/p>\n<p>(mescla)<\/p>\n<p>A pe\u00e7a quando sendo mescla \u00e9 produzida com algod\u00e3o sustent\u00e1vel e com o confort\u00e1vel elastano. A composi\u00e7\u00e3o d\u00e1 ao tecido um excelente toque e contribui na experi\u00eancia sensorial. A aplica\u00e7\u00e3o \u00e9 sugerida em v\u00e1rios segmentos, aliado \u00e0s tend\u00eancias de moda.<\/p>\n","protected":false},"excerpt":{"rendered":"<p><img decoding=\"async\" class=\"alignnone wp-image-6388\" src=\"https:\/\/fiosulmalhas.com.br\/site\/wp-content\/uploads\/2022\/10\/Ativo-5@4x.png\" alt=\"\" width=\"92\" height=\"122\" \/> <img decoding=\"async\" class=\"alignnone wp-image-6391\" src=\"https:\/\/fiosulmalhas.com.br\/site\/wp-content\/uploads\/2022\/10\/Ativo-8@4x.png\" alt=\"\" width=\"92\" height=\"122\" \/><\/p>\n<p><strong>Composi\u00e7\u00e3o:<\/strong> 96% ALGOD\u00c3O<\/p>\n<p>4% ELASTANO<br \/>\n<strong>Largura:<\/strong> 1.60m<br \/>\n<strong>Gramatura:<\/strong> 265 g\/m\u00b3<br \/>\n<strong>Rendimento:<\/strong> 2.36 m\/kg<\/p>\n<p><img decoding=\"async\" class=\"alignnone wp-image-6508 size-medium\" src=\"https:\/\/fiosulmalhas.com.br\/site\/wp-content\/uploads\/2022\/10\/cores-292-300x117.jpg\" alt=\"\" width=\"300\" height=\"117\" \/><\/p>\n","protected":false},"featured_media":24180,"template":"","product_brand":[],"product_cat":[187],"product_tag":[],"class_list":{"0":"post-6177","1":"product","2":"type-product","3":"status-publish","4":"has-post-thumbnail","6":"product_cat-ultima-oportunidade","8":"first","9":"instock","10":"shipping-taxable","11":"product-type-simple"},"_links":{"self":[{"href":"https:\/\/fiosulmalhas.com.br\/site\/wp-json\/wp\/v2\/product\/6177","targetHints":{"allow":["GET"]}}],"collection":[{"href":"https:\/\/fiosulmalhas.com.br\/site\/wp-json\/wp\/v2\/product"}],"about":[{"href":"https:\/\/fiosulmalhas.com.br\/site\/wp-json\/wp\/v2\/types\/product"}],"version-history":[{"count":7,"href":"https:\/\/fiosulmalhas.com.br\/site\/wp-json\/wp\/v2\/product\/6177\/revisions"}],"predecessor-version":[{"id":16754,"href":"https:\/\/fiosulmalhas.com.br\/site\/wp-json\/wp\/v2\/product\/6177\/revisions\/16754"}],"wp:featuredmedia":[{"embeddable":true,"href":"https:\/\/fiosulmalhas.com.br\/site\/wp-json\/wp\/v2\/media\/24180"}],"wp:attachment":[{"href":"https:\/\/fiosulmalhas.com.br\/site\/wp-json\/wp\/v2\/media?parent=6177"}],"wp:term":[{"taxonomy":"product_brand","embeddable":true,"href":"https:\/\/fiosulmalhas.com.br\/site\/wp-json\/wp\/v2\/product_brand?post=6177"},{"taxonomy":"product_cat","embeddable":true,"href":"https:\/\/fiosulmalhas.com.br\/site\/wp-json\/wp\/v2\/product_cat?post=6177"},{"taxonomy":"product_tag","embeddable":true,"href":"https:\/\/fiosulmalhas.com.br\/site\/wp-json\/wp\/v2\/product_tag?post=6177"}],"curies":[{"name":"wp","href":"https:\/\/api.w.org\/{rel}","templated":true}]}}