{"id":6183,"date":"2022-10-11T22:58:35","date_gmt":"2022-10-11T22:58:35","guid":{"rendered":"https:\/\/fiosulmalhas.com.br\/site\/index.php\/product\/490-moletom-trend\/"},"modified":"2026-03-12T16:57:40","modified_gmt":"2026-03-12T16:57:40","slug":"490","status":"publish","type":"product","link":"https:\/\/fiosulmalhas.com.br\/site\/produto\/490\/","title":{"rendered":"490 MOLETOM TREND"},"content":{"rendered":"<p>Este moletom \u00e9 produzido com algod\u00e3o sustent\u00e1vel que entrega conforto para o artigo. A gramatura fica muito interessante para pe\u00e7as estruturadas e alfaiatarias. \u00c9 tamb\u00e9m uma \u00f3tima op\u00e7\u00e3o para pe\u00e7as confort\u00e1veis com um apelo mais fashionista.<\/p>\n","protected":false},"excerpt":{"rendered":"<p><img decoding=\"async\" class=\"alignnone wp-image-6388\" src=\"https:\/\/fiosulmalhas.com.br\/site\/wp-content\/uploads\/2022\/10\/Ativo-5@4x.png\" alt=\"\" width=\"92\" height=\"122\" \/> <img decoding=\"async\" class=\"alignnone wp-image-6391\" src=\"https:\/\/fiosulmalhas.com.br\/site\/wp-content\/uploads\/2022\/10\/Ativo-8@4x.png\" alt=\"\" width=\"92\" height=\"122\" \/><\/p>\n<p><strong>Composi\u00e7\u00e3o:<\/strong> 62% ALGOD\u00c3O<\/p>\n<p>38% POLI\u00c9STER<br \/>\n<strong>Largura:<\/strong> 1.75m<br \/>\n<strong>Gramatura:<\/strong> 270 g\/m\u00b3<br \/>\n<strong>Rendimento:<\/strong> 2.12 m\/kg<\/p>\n<p><img decoding=\"async\" class=\"alignnone wp-image-6538 size-medium\" src=\"https:\/\/fiosulmalhas.com.br\/site\/wp-content\/uploads\/2022\/10\/cores-490-300x108.jpg\" alt=\"\" width=\"300\" height=\"108\" \/><\/p>\n","protected":false},"featured_media":24191,"template":"","product_brand":[],"product_cat":[187],"product_tag":[],"class_list":{"0":"post-6183","1":"product","2":"type-product","3":"status-publish","4":"has-post-thumbnail","6":"product_cat-ultima-oportunidade","8":"first","9":"instock","10":"shipping-taxable","11":"product-type-simple"},"_links":{"self":[{"href":"https:\/\/fiosulmalhas.com.br\/site\/wp-json\/wp\/v2\/product\/6183","targetHints":{"allow":["GET"]}}],"collection":[{"href":"https:\/\/fiosulmalhas.com.br\/site\/wp-json\/wp\/v2\/product"}],"about":[{"href":"https:\/\/fiosulmalhas.com.br\/site\/wp-json\/wp\/v2\/types\/product"}],"version-history":[{"count":5,"href":"https:\/\/fiosulmalhas.com.br\/site\/wp-json\/wp\/v2\/product\/6183\/revisions"}],"predecessor-version":[{"id":16133,"href":"https:\/\/fiosulmalhas.com.br\/site\/wp-json\/wp\/v2\/product\/6183\/revisions\/16133"}],"wp:featuredmedia":[{"embeddable":true,"href":"https:\/\/fiosulmalhas.com.br\/site\/wp-json\/wp\/v2\/media\/24191"}],"wp:attachment":[{"href":"https:\/\/fiosulmalhas.com.br\/site\/wp-json\/wp\/v2\/media?parent=6183"}],"wp:term":[{"taxonomy":"product_brand","embeddable":true,"href":"https:\/\/fiosulmalhas.com.br\/site\/wp-json\/wp\/v2\/product_brand?post=6183"},{"taxonomy":"product_cat","embeddable":true,"href":"https:\/\/fiosulmalhas.com.br\/site\/wp-json\/wp\/v2\/product_cat?post=6183"},{"taxonomy":"product_tag","embeddable":true,"href":"https:\/\/fiosulmalhas.com.br\/site\/wp-json\/wp\/v2\/product_tag?post=6183"}],"curies":[{"name":"wp","href":"https:\/\/api.w.org\/{rel}","templated":true}]}}