{"id":6193,"date":"2022-10-11T22:58:37","date_gmt":"2022-10-11T22:58:37","guid":{"rendered":"https:\/\/fiosulmalhas.com.br\/site\/index.php\/product\/300-malha-pv-antipilling\/"},"modified":"2026-04-13T17:04:15","modified_gmt":"2026-04-13T17:04:15","slug":"malha-pv-antipilling","status":"publish","type":"product","link":"https:\/\/fiosulmalhas.com.br\/site\/produto\/malha-pv-antipilling\/","title":{"rendered":"\u00a0300 MALHA PV ANTIPILLING"},"content":{"rendered":"\t\t<div data-elementor-type=\"product-post\" data-elementor-id=\"6193\" class=\"elementor elementor-6193\" data-elementor-post-type=\"product\">\n\t\t\t\t<div class=\"elementor-element elementor-element-19a51397 e-flex e-con-boxed wpr-particle-no wpr-sticky-section-no e-con e-parent\" data-id=\"19a51397\" data-element_type=\"container\" data-e-type=\"container\" data-settings=\"{&quot;jet_parallax_layout_list&quot;:[]}\">\n\t\t\t\t\t<div class=\"e-con-inner\">\n\t\t\t\t<div class=\"elementor-element elementor-element-2bebfbeb elementor-widget elementor-widget-text-editor\" data-id=\"2bebfbeb\" data-element_type=\"widget\" data-e-type=\"widget\" data-widget_type=\"text-editor.default\">\n\t\t\t\t<div class=\"elementor-widget-container\">\n\t\t\t\t\t\t\t\t\t<p><span style=\"font-weight: 400;\">PV ANTIPILLING \u00e9 uma malha composta por 65% poli\u00e9ster e 35% viscose, indicada para aplica\u00e7\u00f5es que exigem resist\u00eancia e durabilidade. Sua estrutura proporciona bom desempenho no uso cont\u00ednuo, com toque confort\u00e1vel e caimento equilibrado. Conta com acabamento antipilling, que reduz a forma\u00e7\u00e3o de bolinhas e contribui para a manuten\u00e7\u00e3o da apar\u00eancia das pe\u00e7as. Indicada para uniformes escolares e outras aplica\u00e7\u00f5es que demandam funcionalidade no dia a dia.<\/span><span style=\"font-weight: 400;\"><br \/><\/span><\/p>\t\t\t\t\t\t\t\t<\/div>\n\t\t\t\t<\/div>\n\t\t\t\t\t<\/div>\n\t\t\t\t<\/div>\n\t\t\t\t<\/div>\n\t\t","protected":false},"excerpt":{"rendered":"<p><img decoding=\"async\" class=\"alignnone wp-image-6385\" src=\"https:\/\/fiosulmalhas.com.br\/site\/wp-content\/uploads\/2022\/10\/Ativo-1@4x.png\" alt=\"\" width=\"92\" height=\"123\" \/>\u00a0<img decoding=\"async\" class=\"alignnone wp-image-6386\" src=\"https:\/\/fiosulmalhas.com.br\/site\/wp-content\/uploads\/2022\/10\/Ativo-3@4x.png\" alt=\"\" width=\"92\" height=\"123\" \/> <img decoding=\"async\" class=\"alignnone wp-image-6387\" src=\"https:\/\/fiosulmalhas.com.br\/site\/wp-content\/uploads\/2022\/10\/Ativo-4@4x.png\" alt=\"\" width=\"92\" height=\"123\" \/> <img loading=\"lazy\" decoding=\"async\" class=\"alignnone wp-image-6394\" src=\"https:\/\/fiosulmalhas.com.br\/site\/wp-content\/uploads\/2022\/10\/Ativo-11@4x.png\" alt=\"\" width=\"92\" height=\"122\" \/> <img loading=\"lazy\" decoding=\"async\" class=\"alignnone wp-image-6395\" src=\"https:\/\/fiosulmalhas.com.br\/site\/wp-content\/uploads\/2022\/10\/Ativo-12@4x.png\" alt=\"\" width=\"96\" height=\"123\" \/><\/p>\n<p><strong>Composi\u00e7\u00e3o:<\/strong> 65% POLI\u00c9STER<\/p>\n<p>35% VISCOSE<br \/>\n<strong>Largura:<\/strong> 1.20 m<br \/>\n<strong>Gramatura:<\/strong> 170 g\/m\u00b3<br \/>\n<strong>Rendimento:<\/strong> 2.45 m\/kg<\/p>\n<p><img loading=\"lazy\" decoding=\"async\" class=\"alignnone wp-image-6616 size-medium\" src=\"https:\/\/fiosulmalhas.com.br\/site\/wp-content\/uploads\/2022\/10\/CORES-300-300x221.jpg\" alt=\"\" width=\"300\" height=\"221\" \/><\/p>\n","protected":false},"featured_media":23807,"template":"","product_brand":[],"product_cat":[45],"product_tag":[],"class_list":{"0":"post-6193","1":"product","2":"type-product","3":"status-publish","4":"has-post-thumbnail","6":"product_cat-poliester-c-viscose","8":"first","9":"instock","10":"shipping-taxable","11":"product-type-simple"},"_links":{"self":[{"href":"https:\/\/fiosulmalhas.com.br\/site\/wp-json\/wp\/v2\/product\/6193","targetHints":{"allow":["GET"]}}],"collection":[{"href":"https:\/\/fiosulmalhas.com.br\/site\/wp-json\/wp\/v2\/product"}],"about":[{"href":"https:\/\/fiosulmalhas.com.br\/site\/wp-json\/wp\/v2\/types\/product"}],"version-history":[{"count":14,"href":"https:\/\/fiosulmalhas.com.br\/site\/wp-json\/wp\/v2\/product\/6193\/revisions"}],"predecessor-version":[{"id":24908,"href":"https:\/\/fiosulmalhas.com.br\/site\/wp-json\/wp\/v2\/product\/6193\/revisions\/24908"}],"wp:featuredmedia":[{"embeddable":true,"href":"https:\/\/fiosulmalhas.com.br\/site\/wp-json\/wp\/v2\/media\/23807"}],"wp:attachment":[{"href":"https:\/\/fiosulmalhas.com.br\/site\/wp-json\/wp\/v2\/media?parent=6193"}],"wp:term":[{"taxonomy":"product_brand","embeddable":true,"href":"https:\/\/fiosulmalhas.com.br\/site\/wp-json\/wp\/v2\/product_brand?post=6193"},{"taxonomy":"product_cat","embeddable":true,"href":"https:\/\/fiosulmalhas.com.br\/site\/wp-json\/wp\/v2\/product_cat?post=6193"},{"taxonomy":"product_tag","embeddable":true,"href":"https:\/\/fiosulmalhas.com.br\/site\/wp-json\/wp\/v2\/product_tag?post=6193"}],"curies":[{"name":"wp","href":"https:\/\/api.w.org\/{rel}","templated":true}]}}