{"id":6194,"date":"2022-10-11T22:58:37","date_gmt":"2022-10-11T22:58:37","guid":{"rendered":"https:\/\/fiosulmalhas.com.br\/site\/index.php\/product\/500-malha-pv-college-antipilling\/"},"modified":"2026-04-13T17:51:50","modified_gmt":"2026-04-13T17:51:50","slug":"500","status":"publish","type":"product","link":"https:\/\/fiosulmalhas.com.br\/site\/produto\/500\/","title":{"rendered":"\u00a0500 MALHA PV COLLEGE ANTIPILLING"},"content":{"rendered":"\t\t<div data-elementor-type=\"product-post\" data-elementor-id=\"6194\" class=\"elementor elementor-6194\" data-elementor-post-type=\"product\">\n\t\t\t\t<div class=\"elementor-element elementor-element-129da194 e-flex e-con-boxed wpr-particle-no wpr-sticky-section-no e-con e-parent\" data-id=\"129da194\" data-element_type=\"container\" data-e-type=\"container\" data-settings=\"{&quot;jet_parallax_layout_list&quot;:[]}\">\n\t\t\t\t\t<div class=\"e-con-inner\">\n\t\t\t\t<div class=\"elementor-element elementor-element-2cda80 elementor-widget elementor-widget-text-editor\" data-id=\"2cda80\" data-element_type=\"widget\" data-e-type=\"widget\" data-widget_type=\"text-editor.default\">\n\t\t\t\t<div class=\"elementor-widget-container\">\n\t\t\t\t\t\t\t\t\t<p><span style=\"font-weight: 400;\">MALHA PV COLLEGE ANTIPILLING foi especialmente desenvolvida para solucionar o problema de transpar\u00eancia em uniformes escolares na cor branca. Com gramatura superior, apresenta uma estrutura mais encorpada, oferecendo um toque macio e agrad\u00e1vel. Al\u00e9m disso, conta com a tecnologia Antipilling, que prolonga a vida \u00fatil das pe\u00e7as, e a tecnologia respir\u00e1vel dry, que garante frescor e conforto ao longo do dia. Ideal para uniformes que exigem resist\u00eancia e durabilidade.<\/span><\/p>\t\t\t\t\t\t\t\t<\/div>\n\t\t\t\t<\/div>\n\t\t\t\t\t<\/div>\n\t\t\t\t<\/div>\n\t\t\t\t<\/div>\n\t\t","protected":false},"excerpt":{"rendered":"<p>MALHA PV COLLEGE ANTIPILLING foi especialmente desenvolvida para solucionar o problema de transpar\u00eancia em uniformes escolares na cor branca. Com gramatura superior, apresenta uma estrutura mais encorpada, oferecendo um toque macio e agrad\u00e1vel. Al\u00e9m disso, conta com a tecnologia Antipilling, que prolonga a vida \u00fatil das pe\u00e7as, e a tecnologia respir\u00e1vel dry, que garante frescor e conforto ao longo do dia. Ideal para uniformes que exigem resist\u00eancia e durabilidade.<\/p>\n","protected":false},"featured_media":23809,"template":"","product_brand":[],"product_cat":[45],"product_tag":[],"class_list":{"0":"post-6194","1":"product","2":"type-product","3":"status-publish","4":"has-post-thumbnail","6":"product_cat-poliester-c-viscose","8":"first","9":"instock","10":"shipping-taxable","11":"product-type-simple"},"_links":{"self":[{"href":"https:\/\/fiosulmalhas.com.br\/site\/wp-json\/wp\/v2\/product\/6194","targetHints":{"allow":["GET"]}}],"collection":[{"href":"https:\/\/fiosulmalhas.com.br\/site\/wp-json\/wp\/v2\/product"}],"about":[{"href":"https:\/\/fiosulmalhas.com.br\/site\/wp-json\/wp\/v2\/types\/product"}],"version-history":[{"count":14,"href":"https:\/\/fiosulmalhas.com.br\/site\/wp-json\/wp\/v2\/product\/6194\/revisions"}],"predecessor-version":[{"id":24928,"href":"https:\/\/fiosulmalhas.com.br\/site\/wp-json\/wp\/v2\/product\/6194\/revisions\/24928"}],"wp:featuredmedia":[{"embeddable":true,"href":"https:\/\/fiosulmalhas.com.br\/site\/wp-json\/wp\/v2\/media\/23809"}],"wp:attachment":[{"href":"https:\/\/fiosulmalhas.com.br\/site\/wp-json\/wp\/v2\/media?parent=6194"}],"wp:term":[{"taxonomy":"product_brand","embeddable":true,"href":"https:\/\/fiosulmalhas.com.br\/site\/wp-json\/wp\/v2\/product_brand?post=6194"},{"taxonomy":"product_cat","embeddable":true,"href":"https:\/\/fiosulmalhas.com.br\/site\/wp-json\/wp\/v2\/product_cat?post=6194"},{"taxonomy":"product_tag","embeddable":true,"href":"https:\/\/fiosulmalhas.com.br\/site\/wp-json\/wp\/v2\/product_tag?post=6194"}],"curies":[{"name":"wp","href":"https:\/\/api.w.org\/{rel}","templated":true}]}}