{"id":6197,"date":"2022-10-11T22:58:37","date_gmt":"2022-10-11T22:58:37","guid":{"rendered":"https:\/\/fiosulmalhas.com.br\/site\/index.php\/product\/636-basic-dry\/"},"modified":"2026-04-13T19:00:44","modified_gmt":"2026-04-13T19:00:44","slug":"636","status":"publish","type":"product","link":"https:\/\/fiosulmalhas.com.br\/site\/produto\/636\/","title":{"rendered":"636 BASIC DRY"},"content":{"rendered":"\t\t<div data-elementor-type=\"product-post\" data-elementor-id=\"6197\" class=\"elementor elementor-6197\" data-elementor-post-type=\"product\">\n\t\t\t\t<div class=\"elementor-element elementor-element-3f9a76ed e-flex e-con-boxed wpr-particle-no wpr-sticky-section-no e-con e-parent\" data-id=\"3f9a76ed\" data-element_type=\"container\" data-e-type=\"container\" data-settings=\"{&quot;jet_parallax_layout_list&quot;:[]}\">\n\t\t\t\t\t<div class=\"e-con-inner\">\n\t\t\t\t<div class=\"elementor-element elementor-element-6749f3e6 elementor-widget elementor-widget-text-editor\" data-id=\"6749f3e6\" data-element_type=\"widget\" data-e-type=\"widget\" data-widget_type=\"text-editor.default\">\n\t\t\t\t<div class=\"elementor-widget-container\">\n\t\t\t\t\t\t\t\t\t<p><span style=\"font-weight: 400;\">BASIC DRY \u00e9 uma malha em poliamida, leve e de toque macio, que proporciona conforto e fluidez \u00e0s pe\u00e7as. Sua estrutura com microfuros favorece a ventila\u00e7\u00e3o, contribuindo para uma sensa\u00e7\u00e3o mais fresca durante o uso. Indicada para produ\u00e7\u00f5es esportivas que exigem leveza e conforto cont\u00ednuo.<\/span><\/p>\t\t\t\t\t\t\t\t<\/div>\n\t\t\t\t<\/div>\n\t\t\t\t\t<\/div>\n\t\t\t\t<\/div>\n\t\t\t\t<\/div>\n\t\t","protected":false},"excerpt":{"rendered":"<p>BASIC DRY \u00e9 uma malha em poliamida, leve e de toque macio, que proporciona conforto e fluidez \u00e0s pe\u00e7as. Sua estrutura com microfuros favorece a ventila\u00e7\u00e3o, contribuindo para uma sensa\u00e7\u00e3o mais fresca durante o uso. Indicada para produ\u00e7\u00f5es esportivas que exigem leveza e conforto cont\u00ednuo.<\/p>\n","protected":false},"featured_media":23811,"template":"","product_brand":[],"product_cat":[29],"product_tag":[],"class_list":{"0":"post-6197","1":"product","2":"type-product","3":"status-publish","4":"has-post-thumbnail","6":"product_cat-100-poliamida","8":"first","9":"instock","10":"shipping-taxable","11":"product-type-simple"},"_links":{"self":[{"href":"https:\/\/fiosulmalhas.com.br\/site\/wp-json\/wp\/v2\/product\/6197","targetHints":{"allow":["GET"]}}],"collection":[{"href":"https:\/\/fiosulmalhas.com.br\/site\/wp-json\/wp\/v2\/product"}],"about":[{"href":"https:\/\/fiosulmalhas.com.br\/site\/wp-json\/wp\/v2\/types\/product"}],"version-history":[{"count":14,"href":"https:\/\/fiosulmalhas.com.br\/site\/wp-json\/wp\/v2\/product\/6197\/revisions"}],"predecessor-version":[{"id":24948,"href":"https:\/\/fiosulmalhas.com.br\/site\/wp-json\/wp\/v2\/product\/6197\/revisions\/24948"}],"wp:featuredmedia":[{"embeddable":true,"href":"https:\/\/fiosulmalhas.com.br\/site\/wp-json\/wp\/v2\/media\/23811"}],"wp:attachment":[{"href":"https:\/\/fiosulmalhas.com.br\/site\/wp-json\/wp\/v2\/media?parent=6197"}],"wp:term":[{"taxonomy":"product_brand","embeddable":true,"href":"https:\/\/fiosulmalhas.com.br\/site\/wp-json\/wp\/v2\/product_brand?post=6197"},{"taxonomy":"product_cat","embeddable":true,"href":"https:\/\/fiosulmalhas.com.br\/site\/wp-json\/wp\/v2\/product_cat?post=6197"},{"taxonomy":"product_tag","embeddable":true,"href":"https:\/\/fiosulmalhas.com.br\/site\/wp-json\/wp\/v2\/product_tag?post=6197"}],"curies":[{"name":"wp","href":"https:\/\/api.w.org\/{rel}","templated":true}]}}