{"id":6199,"date":"2022-10-11T22:58:37","date_gmt":"2022-10-11T22:58:37","guid":{"rendered":"https:\/\/fiosulmalhas.com.br\/site\/index.php\/product\/712-fly-tex\/"},"modified":"2026-04-20T17:34:45","modified_gmt":"2026-04-20T17:34:45","slug":"712","status":"publish","type":"product","link":"https:\/\/fiosulmalhas.com.br\/site\/produto\/712\/","title":{"rendered":"712 FLY TEX"},"content":{"rendered":"\t\t<div data-elementor-type=\"product-post\" data-elementor-id=\"6199\" class=\"elementor elementor-6199\" data-elementor-post-type=\"product\">\n\t\t\t\t<div class=\"elementor-element elementor-element-7cd0011 e-flex e-con-boxed wpr-particle-no wpr-sticky-section-no e-con e-parent\" data-id=\"7cd0011\" data-element_type=\"container\" data-e-type=\"container\" data-settings=\"{&quot;jet_parallax_layout_list&quot;:[]}\">\n\t\t\t\t\t<div class=\"e-con-inner\">\n\t\t\t\t<div class=\"elementor-element elementor-element-39a0cdaf elementor-widget elementor-widget-text-editor\" data-id=\"39a0cdaf\" data-element_type=\"widget\" data-e-type=\"widget\" data-widget_type=\"text-editor.default\">\n\t\t\t\t<div class=\"elementor-widget-container\">\n\t\t\t\t\t\t\t\t\t<p><span style=\"font-weight: 400;\">FLY TEX \u00e9 uma malha em 100% poliamida com trama que apresenta padr\u00e3o discreto inspirado no pied de poule, agregando valor est\u00e9tico \u00e0s pe\u00e7as. Leve e com caimento fluido, \u00e9 indicada para moda fitness. Apresenta toque suave e confort\u00e1vel, com estrutura que favorece a respirabilidade e o desempenho durante o uso<\/span><\/p>\t\t\t\t\t\t\t\t<\/div>\n\t\t\t\t<\/div>\n\t\t\t\t\t<\/div>\n\t\t\t\t<\/div>\n\t\t\t\t<\/div>\n\t\t","protected":false},"excerpt":{"rendered":"<p>FLY TEX \u00e9 uma malha em 100% poliamida com trama que apresenta padr\u00e3o discreto inspirado no pied de poule, agregando valor est\u00e9tico \u00e0s pe\u00e7as. Leve e com caimento fluido, \u00e9 indicada para moda fitness. Apresenta toque suave e confort\u00e1vel, com estrutura que favorece a respirabilidade e o desempenho durante o uso<\/p>\n","protected":false},"featured_media":25205,"template":"","product_brand":[],"product_cat":[29],"product_tag":[],"class_list":{"0":"post-6199","1":"product","2":"type-product","3":"status-publish","4":"has-post-thumbnail","6":"product_cat-100-poliamida","8":"first","9":"instock","10":"shipping-taxable","11":"product-type-simple"},"_links":{"self":[{"href":"https:\/\/fiosulmalhas.com.br\/site\/wp-json\/wp\/v2\/product\/6199","targetHints":{"allow":["GET"]}}],"collection":[{"href":"https:\/\/fiosulmalhas.com.br\/site\/wp-json\/wp\/v2\/product"}],"about":[{"href":"https:\/\/fiosulmalhas.com.br\/site\/wp-json\/wp\/v2\/types\/product"}],"version-history":[{"count":16,"href":"https:\/\/fiosulmalhas.com.br\/site\/wp-json\/wp\/v2\/product\/6199\/revisions"}],"predecessor-version":[{"id":25206,"href":"https:\/\/fiosulmalhas.com.br\/site\/wp-json\/wp\/v2\/product\/6199\/revisions\/25206"}],"wp:featuredmedia":[{"embeddable":true,"href":"https:\/\/fiosulmalhas.com.br\/site\/wp-json\/wp\/v2\/media\/25205"}],"wp:attachment":[{"href":"https:\/\/fiosulmalhas.com.br\/site\/wp-json\/wp\/v2\/media?parent=6199"}],"wp:term":[{"taxonomy":"product_brand","embeddable":true,"href":"https:\/\/fiosulmalhas.com.br\/site\/wp-json\/wp\/v2\/product_brand?post=6199"},{"taxonomy":"product_cat","embeddable":true,"href":"https:\/\/fiosulmalhas.com.br\/site\/wp-json\/wp\/v2\/product_cat?post=6199"},{"taxonomy":"product_tag","embeddable":true,"href":"https:\/\/fiosulmalhas.com.br\/site\/wp-json\/wp\/v2\/product_tag?post=6199"}],"curies":[{"name":"wp","href":"https:\/\/api.w.org\/{rel}","templated":true}]}}