{"id":6206,"date":"2022-10-11T22:58:38","date_gmt":"2022-10-11T22:58:38","guid":{"rendered":"https:\/\/fiosulmalhas.com.br\/site\/index.php\/product\/287-malha-confort-eco-linho\/"},"modified":"2026-03-31T19:06:55","modified_gmt":"2026-03-31T19:06:55","slug":"287","status":"publish","type":"product","link":"https:\/\/fiosulmalhas.com.br\/site\/produto\/287\/","title":{"rendered":"\u00a0287 MALHA CONFORT ECO LINHO"},"content":{"rendered":"<p>Malha Confort Eco Linho \u00e9 uma meia malha que foi cuidadosamente desenvolvida e possui uma composi\u00e7\u00e3o equilibrada de algod\u00e3o, poli\u00e9ster, linho e elastano, proporcionando resist\u00eancia, conforto e um caimento impec\u00e1vel. Com um toque suave e refinado, ela \u00e9 produzida a partir de fibras naturais e certificadas, garantindo durabilidade sem abrir m\u00e3o da sustentabilidade, unindo inova\u00e7\u00e3o e responsabilidade ambiental.<\/p>\n","protected":false},"excerpt":{"rendered":"<p><img decoding=\"async\" class=\"alignnone wp-image-6388\" src=\"https:\/\/fiosulmalhas.com.br\/site\/wp-content\/uploads\/2022\/10\/Ativo-5@4x.png\" alt=\"\" width=\"92\" height=\"122\" \/> <img decoding=\"async\" class=\"alignnone wp-image-6391\" src=\"https:\/\/fiosulmalhas.com.br\/site\/wp-content\/uploads\/2022\/10\/Ativo-8@4x.png\" alt=\"\" width=\"92\" height=\"122\" \/> <img decoding=\"async\" class=\"alignnone wp-image-6393\" src=\"https:\/\/fiosulmalhas.com.br\/site\/wp-content\/uploads\/2022\/10\/Ativo-10@4x.png\" alt=\"\" width=\"92\" height=\"123\" \/> <img loading=\"lazy\" decoding=\"async\" class=\"alignnone wp-image-6389\" src=\"https:\/\/fiosulmalhas.com.br\/site\/wp-content\/uploads\/2022\/10\/Ativo-6@4x.png\" alt=\"\" width=\"92\" height=\"123\" \/><\/p>\n<p><strong>Composi\u00e7\u00e3o:<\/strong> 38% POLI\u00c9STER<\/p>\n<p>53% ALGOD\u00c3O<\/p>\n<p>7% LINHO<br \/>\n<strong>Largura:<\/strong> 1.80m<br \/>\n<strong>Gramatura:<\/strong> 165 g\/m\u00b3<br \/>\n<strong>Rendimento:<\/strong> 3.37 m\/kg<\/p>\n<p><img loading=\"lazy\" decoding=\"async\" class=\"alignnone wp-image-6544 size-full\" src=\"https:\/\/fiosulmalhas.com.br\/site\/wp-content\/uploads\/2022\/10\/CORES-082.jpg\" alt=\"\" width=\"175\" height=\"161\" \/><\/p>\n","protected":false},"featured_media":24832,"template":"","product_brand":[],"product_cat":[31],"product_tag":[],"class_list":{"0":"post-6206","1":"product","2":"type-product","3":"status-publish","4":"has-post-thumbnail","6":"product_cat-linho","8":"first","9":"instock","10":"shipping-taxable","11":"product-type-simple"},"_links":{"self":[{"href":"https:\/\/fiosulmalhas.com.br\/site\/wp-json\/wp\/v2\/product\/6206","targetHints":{"allow":["GET"]}}],"collection":[{"href":"https:\/\/fiosulmalhas.com.br\/site\/wp-json\/wp\/v2\/product"}],"about":[{"href":"https:\/\/fiosulmalhas.com.br\/site\/wp-json\/wp\/v2\/types\/product"}],"version-history":[{"count":9,"href":"https:\/\/fiosulmalhas.com.br\/site\/wp-json\/wp\/v2\/product\/6206\/revisions"}],"predecessor-version":[{"id":13870,"href":"https:\/\/fiosulmalhas.com.br\/site\/wp-json\/wp\/v2\/product\/6206\/revisions\/13870"}],"wp:featuredmedia":[{"embeddable":true,"href":"https:\/\/fiosulmalhas.com.br\/site\/wp-json\/wp\/v2\/media\/24832"}],"wp:attachment":[{"href":"https:\/\/fiosulmalhas.com.br\/site\/wp-json\/wp\/v2\/media?parent=6206"}],"wp:term":[{"taxonomy":"product_brand","embeddable":true,"href":"https:\/\/fiosulmalhas.com.br\/site\/wp-json\/wp\/v2\/product_brand?post=6206"},{"taxonomy":"product_cat","embeddable":true,"href":"https:\/\/fiosulmalhas.com.br\/site\/wp-json\/wp\/v2\/product_cat?post=6206"},{"taxonomy":"product_tag","embeddable":true,"href":"https:\/\/fiosulmalhas.com.br\/site\/wp-json\/wp\/v2\/product_tag?post=6206"}],"curies":[{"name":"wp","href":"https:\/\/api.w.org\/{rel}","templated":true}]}}