{"id":6207,"date":"2022-10-11T22:58:38","date_gmt":"2022-10-11T22:58:38","guid":{"rendered":"https:\/\/fiosulmalhas.com.br\/site\/index.php\/product\/480-moletom-suedine-eco-linho\/"},"modified":"2026-03-12T16:44:28","modified_gmt":"2026-03-12T16:44:28","slug":"480","status":"publish","type":"product","link":"https:\/\/fiosulmalhas.com.br\/site\/produto\/480\/","title":{"rendered":"480 MOLETOM SUEDINE ECO LINHO"},"content":{"rendered":"<p>O Moletom Suedine Eco Linho \u00e9 um artigo que une sustentabilidade, versatilidade e estilo. Desenvolvido com fibras sustent\u00e1veis e uma constru\u00e7\u00e3o dupla, essa malha encorpada oferece um toque surpreendentemente macio e delicado. As fibras de linho agregam um acabamento elegante e aut\u00eantico, tornando-o a escolha ideal para marcas que valorizam sofistica\u00e7\u00e3o e consci\u00eancia ambiental em suas cria\u00e7\u00f5es.<\/p>\n","protected":false},"excerpt":{"rendered":"<p><img decoding=\"async\" class=\"alignnone wp-image-6385\" src=\"https:\/\/fiosulmalhas.com.br\/site\/wp-content\/uploads\/2022\/10\/Ativo-1@4x.png\" alt=\"\" width=\"92\" height=\"123\" \/> <img decoding=\"async\" class=\"alignnone wp-image-6391\" src=\"https:\/\/fiosulmalhas.com.br\/site\/wp-content\/uploads\/2022\/10\/Ativo-8@4x.png\" alt=\"\" width=\"92\" height=\"122\" \/> <img decoding=\"async\" class=\"alignnone wp-image-6392\" src=\"https:\/\/fiosulmalhas.com.br\/site\/wp-content\/uploads\/2022\/10\/Ativo-9@4x.png\" alt=\"\" width=\"92\" height=\"123\" \/> <img loading=\"lazy\" decoding=\"async\" class=\"alignnone wp-image-6389\" src=\"https:\/\/fiosulmalhas.com.br\/site\/wp-content\/uploads\/2022\/10\/Ativo-6@4x.png\" alt=\"\" width=\"92\" height=\"123\" \/><\/p>\n<p><strong>Composi\u00e7\u00e3o:<\/strong> 93.5% POLI\u00c9STER<\/p>\n<p>6.5% LINHO<br \/>\n<strong>Largura:<\/strong> 1.65 m<br \/>\n<strong>Gramatura:<\/strong> 285 g\/m\u00b3<br \/>\n<strong>Rendimento:<\/strong> 2.13 m\/kg<\/p>\n<p><img loading=\"lazy\" decoding=\"async\" class=\"alignnone wp-image-6557 size-full\" src=\"https:\/\/fiosulmalhas.com.br\/site\/wp-content\/uploads\/2022\/10\/CORES-480.jpg\" alt=\"\" width=\"296\" height=\"282\" \/><\/p>\n","protected":false},"featured_media":24189,"template":"","product_brand":[],"product_cat":[187],"product_tag":[],"class_list":{"0":"post-6207","1":"product","2":"type-product","3":"status-publish","4":"has-post-thumbnail","6":"product_cat-ultima-oportunidade","8":"first","9":"instock","10":"shipping-taxable","11":"product-type-simple"},"_links":{"self":[{"href":"https:\/\/fiosulmalhas.com.br\/site\/wp-json\/wp\/v2\/product\/6207","targetHints":{"allow":["GET"]}}],"collection":[{"href":"https:\/\/fiosulmalhas.com.br\/site\/wp-json\/wp\/v2\/product"}],"about":[{"href":"https:\/\/fiosulmalhas.com.br\/site\/wp-json\/wp\/v2\/types\/product"}],"version-history":[{"count":10,"href":"https:\/\/fiosulmalhas.com.br\/site\/wp-json\/wp\/v2\/product\/6207\/revisions"}],"predecessor-version":[{"id":14389,"href":"https:\/\/fiosulmalhas.com.br\/site\/wp-json\/wp\/v2\/product\/6207\/revisions\/14389"}],"wp:featuredmedia":[{"embeddable":true,"href":"https:\/\/fiosulmalhas.com.br\/site\/wp-json\/wp\/v2\/media\/24189"}],"wp:attachment":[{"href":"https:\/\/fiosulmalhas.com.br\/site\/wp-json\/wp\/v2\/media?parent=6207"}],"wp:term":[{"taxonomy":"product_brand","embeddable":true,"href":"https:\/\/fiosulmalhas.com.br\/site\/wp-json\/wp\/v2\/product_brand?post=6207"},{"taxonomy":"product_cat","embeddable":true,"href":"https:\/\/fiosulmalhas.com.br\/site\/wp-json\/wp\/v2\/product_cat?post=6207"},{"taxonomy":"product_tag","embeddable":true,"href":"https:\/\/fiosulmalhas.com.br\/site\/wp-json\/wp\/v2\/product_tag?post=6207"}],"curies":[{"name":"wp","href":"https:\/\/api.w.org\/{rel}","templated":true}]}}