{"id":6222,"date":"2022-10-11T22:58:38","date_gmt":"2022-10-11T22:58:38","guid":{"rendered":"https:\/\/fiosulmalhas.com.br\/site\/index.php\/product\/820-dry-tex-2\/"},"modified":"2026-04-13T13:38:06","modified_gmt":"2026-04-13T13:38:06","slug":"820","status":"publish","type":"product","link":"https:\/\/fiosulmalhas.com.br\/site\/produto\/820\/","title":{"rendered":"820 DRY TEX"},"content":{"rendered":"\t\t<div data-elementor-type=\"product-post\" data-elementor-id=\"6222\" class=\"elementor elementor-6222\" data-elementor-post-type=\"product\">\n\t\t\t\t<div class=\"elementor-element elementor-element-1f3c0b56 e-flex e-con-boxed wpr-particle-no wpr-sticky-section-no e-con e-parent\" data-id=\"1f3c0b56\" data-element_type=\"container\" data-e-type=\"container\" data-settings=\"{&quot;jet_parallax_layout_list&quot;:[]}\">\n\t\t\t\t\t<div class=\"e-con-inner\">\n\t\t\t\t<div class=\"elementor-element elementor-element-2a769da7 elementor-widget elementor-widget-text-editor\" data-id=\"2a769da7\" data-element_type=\"widget\" data-e-type=\"widget\" data-widget_type=\"text-editor.default\">\n\t\t\t\t<div class=\"elementor-widget-container\">\n\t\t\t\t\t\t\t\t\t<p><span style=\"font-weight: 400;\">DRY TEX \u00e9 uma malha leve, com estrutura que favorece a respirabilidade e o conforto durante o uso. Possui \u00f3timo desempenho em atividades f\u00edsicas e tamb\u00e9m no uso cotidiano. Perfeita para sublima\u00e7\u00e3o, permitindo personaliza\u00e7\u00f5es com boa defini\u00e7\u00e3o. Indicada para camisetas, pe\u00e7as esportivas leves e aplica\u00e7\u00f5es casuais.<\/span><\/p>\t\t\t\t\t\t\t\t<\/div>\n\t\t\t\t<\/div>\n\t\t\t\t\t<\/div>\n\t\t\t\t<\/div>\n\t\t\t\t<\/div>\n\t\t","protected":false},"excerpt":{"rendered":"<p>DRY TEX \u00e9 uma malha leve, com estrutura que favorece a respirabilidade e o conforto durante o uso. Possui \u00f3timo desempenho em atividades f\u00edsicas e tamb\u00e9m no uso cotidiano. Perfeita para sublima\u00e7\u00e3o, permitindo personaliza\u00e7\u00f5es com boa defini\u00e7\u00e3o. Indicada para camisetas, pe\u00e7as esportivas leves e aplica\u00e7\u00f5es casuais.<\/p>\n","protected":false},"featured_media":23785,"template":"","product_brand":[],"product_cat":[41],"product_tag":[],"class_list":{"0":"post-6222","1":"product","2":"type-product","3":"status-publish","4":"has-post-thumbnail","6":"product_cat-100-poliester","8":"first","9":"instock","10":"shipping-taxable","11":"product-type-simple"},"_links":{"self":[{"href":"https:\/\/fiosulmalhas.com.br\/site\/wp-json\/wp\/v2\/product\/6222","targetHints":{"allow":["GET"]}}],"collection":[{"href":"https:\/\/fiosulmalhas.com.br\/site\/wp-json\/wp\/v2\/product"}],"about":[{"href":"https:\/\/fiosulmalhas.com.br\/site\/wp-json\/wp\/v2\/types\/product"}],"version-history":[{"count":16,"href":"https:\/\/fiosulmalhas.com.br\/site\/wp-json\/wp\/v2\/product\/6222\/revisions"}],"predecessor-version":[{"id":24812,"href":"https:\/\/fiosulmalhas.com.br\/site\/wp-json\/wp\/v2\/product\/6222\/revisions\/24812"}],"wp:featuredmedia":[{"embeddable":true,"href":"https:\/\/fiosulmalhas.com.br\/site\/wp-json\/wp\/v2\/media\/23785"}],"wp:attachment":[{"href":"https:\/\/fiosulmalhas.com.br\/site\/wp-json\/wp\/v2\/media?parent=6222"}],"wp:term":[{"taxonomy":"product_brand","embeddable":true,"href":"https:\/\/fiosulmalhas.com.br\/site\/wp-json\/wp\/v2\/product_brand?post=6222"},{"taxonomy":"product_cat","embeddable":true,"href":"https:\/\/fiosulmalhas.com.br\/site\/wp-json\/wp\/v2\/product_cat?post=6222"},{"taxonomy":"product_tag","embeddable":true,"href":"https:\/\/fiosulmalhas.com.br\/site\/wp-json\/wp\/v2\/product_tag?post=6222"}],"curies":[{"name":"wp","href":"https:\/\/api.w.org\/{rel}","templated":true}]}}