{"id":6226,"date":"2022-10-11T22:58:40","date_gmt":"2022-10-11T22:58:40","guid":{"rendered":"https:\/\/fiosulmalhas.com.br\/site\/index.php\/product\/757-fluid-dry-cor\/"},"modified":"2026-04-13T20:06:19","modified_gmt":"2026-04-13T20:06:19","slug":"757","status":"publish","type":"product","link":"https:\/\/fiosulmalhas.com.br\/site\/produto\/757\/","title":{"rendered":"\u00a0757 FLUID DRY"},"content":{"rendered":"\t\t<div data-elementor-type=\"product-post\" data-elementor-id=\"6226\" class=\"elementor elementor-6226\" data-elementor-post-type=\"product\">\n\t\t\t\t<div class=\"elementor-element elementor-element-7ea6030b e-flex e-con-boxed wpr-particle-no wpr-sticky-section-no e-con e-parent\" data-id=\"7ea6030b\" data-element_type=\"container\" data-e-type=\"container\" data-settings=\"{&quot;jet_parallax_layout_list&quot;:[]}\">\n\t\t\t\t\t<div class=\"e-con-inner\">\n\t\t\t\t<div class=\"elementor-element elementor-element-3f3371d0 elementor-widget elementor-widget-text-editor\" data-id=\"3f3371d0\" data-element_type=\"widget\" data-e-type=\"widget\" data-widget_type=\"text-editor.default\">\n\t\t\t\t<div class=\"elementor-widget-container\">\n\t\t\t\t\t\t\t\t\t<p><span style=\"font-weight: 400;\">FLUID DRY \u00e9 uma malha poliamida com elastano, de gramatura leve, que proporciona caimento fluido e conforto no uso. Sua estrutura favorece a respirabilidade e o desempenho em atividades f\u00edsicas, al\u00e9m de bloquear at\u00e9 98% dos raios solares. Indicada para produ\u00e7\u00f5es esportivas que exigem mobilidade, leveza e funcionalidade.<\/span><\/p>\t\t\t\t\t\t\t\t<\/div>\n\t\t\t\t<\/div>\n\t\t\t\t\t<\/div>\n\t\t\t\t<\/div>\n\t\t\t\t<\/div>\n\t\t","protected":false},"excerpt":{"rendered":"<p><img decoding=\"async\" class=\"alignnone wp-image-6386\" src=\"https:\/\/fiosulmalhas.com.br\/site\/wp-content\/uploads\/2022\/10\/Ativo-3@4x.png\" alt=\"\" width=\"92\" height=\"123\" \/> <img decoding=\"async\" class=\"alignnone wp-image-6387\" src=\"https:\/\/fiosulmalhas.com.br\/site\/wp-content\/uploads\/2022\/10\/Ativo-4@4x.png\" alt=\"\" width=\"92\" height=\"123\" \/><\/p>\n<p><strong>Composi\u00e7\u00e3o:<\/strong> 91% POLI\u00c9STER<\/p>\n<p>9% ELASTANO<br \/>\n<strong>Largura:<\/strong> 1.55 m<br \/>\n<strong>Gramatura:<\/strong> 165 g\/m\u00b3<br \/>\n<strong>Rendimento:<\/strong> 3.91 m\/kg<\/p>\n<p>&nbsp;<\/p>\n","protected":false},"featured_media":23818,"template":"","product_brand":[],"product_cat":[46],"product_tag":[],"class_list":{"0":"post-6226","1":"product","2":"type-product","3":"status-publish","4":"has-post-thumbnail","6":"product_cat-poliamida-c-elastano","8":"first","9":"instock","10":"shipping-taxable","11":"product-type-simple"},"_links":{"self":[{"href":"https:\/\/fiosulmalhas.com.br\/site\/wp-json\/wp\/v2\/product\/6226","targetHints":{"allow":["GET"]}}],"collection":[{"href":"https:\/\/fiosulmalhas.com.br\/site\/wp-json\/wp\/v2\/product"}],"about":[{"href":"https:\/\/fiosulmalhas.com.br\/site\/wp-json\/wp\/v2\/types\/product"}],"version-history":[{"count":24,"href":"https:\/\/fiosulmalhas.com.br\/site\/wp-json\/wp\/v2\/product\/6226\/revisions"}],"predecessor-version":[{"id":24989,"href":"https:\/\/fiosulmalhas.com.br\/site\/wp-json\/wp\/v2\/product\/6226\/revisions\/24989"}],"wp:featuredmedia":[{"embeddable":true,"href":"https:\/\/fiosulmalhas.com.br\/site\/wp-json\/wp\/v2\/media\/23818"}],"wp:attachment":[{"href":"https:\/\/fiosulmalhas.com.br\/site\/wp-json\/wp\/v2\/media?parent=6226"}],"wp:term":[{"taxonomy":"product_brand","embeddable":true,"href":"https:\/\/fiosulmalhas.com.br\/site\/wp-json\/wp\/v2\/product_brand?post=6226"},{"taxonomy":"product_cat","embeddable":true,"href":"https:\/\/fiosulmalhas.com.br\/site\/wp-json\/wp\/v2\/product_cat?post=6226"},{"taxonomy":"product_tag","embeddable":true,"href":"https:\/\/fiosulmalhas.com.br\/site\/wp-json\/wp\/v2\/product_tag?post=6226"}],"curies":[{"name":"wp","href":"https:\/\/api.w.org\/{rel}","templated":true}]}}