{"id":8477,"date":"2023-03-23T19:50:17","date_gmt":"2023-03-23T19:50:17","guid":{"rendered":"https:\/\/fiosulmalhas.com.br\/site\/?post_type=product&#038;p=8477"},"modified":"2026-03-31T18:53:29","modified_gmt":"2026-03-31T18:53:29","slug":"192-london-confort","status":"publish","type":"product","link":"https:\/\/fiosulmalhas.com.br\/site\/produto\/192-london-confort\/","title":{"rendered":"192 LONDON CONFORT"},"content":{"rendered":"<p>London Confort \u00e9 um dos moletons mais leves do nosso portf\u00f3lio, tornando-o ideal para a cria\u00e7\u00e3o de pe\u00e7as vers\u00e1teis, que podem ser usadas confortavelmente em todas as esta\u00e7\u00f5es do ano. Sua composi\u00e7\u00e3o une a maciez do algod\u00e3o, a resist\u00eancia do poli\u00e9ster e a flexibilidade do elastano, proporcionando um equil\u00edbrio perfeito entre conforto e durabilidade.<\/p>\n","protected":false},"excerpt":{"rendered":"<p>London Confort \u00e9 um dos moletons mais leves do nosso portf\u00f3lio, tornando-o ideal para a cria\u00e7\u00e3o de pe\u00e7as vers\u00e1teis, que podem ser usadas confortavelmente em todas as esta\u00e7\u00f5es do ano. Sua composi\u00e7\u00e3o une a maciez do algod\u00e3o, a resist\u00eancia do poli\u00e9ster e a flexibilidade do elastano, proporcionando um equil\u00edbrio perfeito entre conforto e durabilidade.<\/p>\n","protected":false},"featured_media":24827,"template":"","product_brand":[],"product_cat":[187],"product_tag":[],"class_list":{"0":"post-8477","1":"product","2":"type-product","3":"status-publish","4":"has-post-thumbnail","6":"product_cat-ultima-oportunidade","8":"first","9":"instock","10":"shipping-taxable","11":"product-type-simple"},"_links":{"self":[{"href":"https:\/\/fiosulmalhas.com.br\/site\/wp-json\/wp\/v2\/product\/8477","targetHints":{"allow":["GET"]}}],"collection":[{"href":"https:\/\/fiosulmalhas.com.br\/site\/wp-json\/wp\/v2\/product"}],"about":[{"href":"https:\/\/fiosulmalhas.com.br\/site\/wp-json\/wp\/v2\/types\/product"}],"version-history":[{"count":9,"href":"https:\/\/fiosulmalhas.com.br\/site\/wp-json\/wp\/v2\/product\/8477\/revisions"}],"predecessor-version":[{"id":24836,"href":"https:\/\/fiosulmalhas.com.br\/site\/wp-json\/wp\/v2\/product\/8477\/revisions\/24836"}],"wp:featuredmedia":[{"embeddable":true,"href":"https:\/\/fiosulmalhas.com.br\/site\/wp-json\/wp\/v2\/media\/24827"}],"wp:attachment":[{"href":"https:\/\/fiosulmalhas.com.br\/site\/wp-json\/wp\/v2\/media?parent=8477"}],"wp:term":[{"taxonomy":"product_brand","embeddable":true,"href":"https:\/\/fiosulmalhas.com.br\/site\/wp-json\/wp\/v2\/product_brand?post=8477"},{"taxonomy":"product_cat","embeddable":true,"href":"https:\/\/fiosulmalhas.com.br\/site\/wp-json\/wp\/v2\/product_cat?post=8477"},{"taxonomy":"product_tag","embeddable":true,"href":"https:\/\/fiosulmalhas.com.br\/site\/wp-json\/wp\/v2\/product_tag?post=8477"}],"curies":[{"name":"wp","href":"https:\/\/api.w.org\/{rel}","templated":true}]}}